{"id":5839,"date":"2021-03-16T08:58:14","date_gmt":"2021-03-16T08:58:14","guid":{"rendered":"https:\/\/www.turismoarcos.es\/conoce-arcos\/"},"modified":"2021-11-04T12:55:53","modified_gmt":"2021-11-04T11:55:53","slug":"conoce-arcos","status":"publish","type":"page","link":"https:\/\/www.turismoarcos.es\/de\/conoce-arcos\/","title":{"rendered":"ARCOS IM LAUFE DER GESCHICHTE"},"content":{"rendered":"<div class=\"wpb-content-wrapper\"><p>[vc_row full_width=&#8221;stretch_row&#8221; content_placement=&#8221;middle&#8221; parallax=&#8221;content-moving-fade&#8221; parallax_image=&#8221;965&#8243; el_id=&#8221;about-us&#8221; dt_color=&#8221;#4dbb67&#8243; dt_color_opacity=&#8221;70&#8243; css=&#8221;.vc_custom_1616067093628{padding-top: 300px !important;padding-bottom: 50px !important;}&#8221;][vc_column width=&#8221;1\/6&#8243;][\/vc_column][vc_column width=&#8221;2\/3&#8243; dt_animation=&#8221;wow fadeInUp&#8221; dt_animation_delay=&#8221;0.3&#8243;]<div class=\"title-center\"><div class=\"dt-title-wrapper section-title-big style-1\"><h2 class=\"section-title\">ARCOS IM LAUFE DER GESCHICHTE<\/h2><svg class=\"zigzag\" version=\"1.1\" xmlns=\"http:\/\/www.w3.org\/2000\/svg\" xmlns:xlink=\"http:\/\/www.w3.org\/1999\/xlink\" preserveAspectRatio=\"xMidYMid meet\" viewBox=\"0 0 90 8\" width=\"90\" height=\"8\"><defs><path d=\"M90 8L82.5 0L75 8L67.5 0L60 8L52.5 0L45 8L37.5 0L30 8L22.5 0L15 8L7.5 0L0 8\" id=\"a6L8UcKib\"><\/path><\/defs><g><g><use xlink:href=\"#a6L8UcKib\" opacity=\"1\" fill-opacity=\"0\" stroke=\"#000000\" stroke-width=\"1\" stroke-opacity=\"1\"><\/use><\/g><\/g><\/svg><\/div><\/div>[\/vc_column][vc_column width=&#8221;1\/6&#8243;][\/vc_column][\/vc_row][vc_row full_width=&#8221;stretch_row_content_no_spaces&#8221; equal_height=&#8221;yes&#8221;][vc_column width=&#8221;1\/2&#8243; css=&#8221;.vc_custom_1615888110508{padding-top: 150px !important;padding-bottom: 150px !important;background: #c6c6c6 url(http:\/\/nueva.turismoarcos.es\/wp-content\/uploads\/2021\/03\/pared.jpg?id=977) !important;background-position: center !important;background-repeat: no-repeat !important;background-size: cover !important;}&#8221;][\/vc_column][vc_column width=&#8221;1\/2&#8243; dt_animation=&#8221;wow fadeInUp&#8221; css=&#8221;.vc_custom_1497331211586{padding-top: 100px !important;padding-right: 80px !important;padding-bottom: 80px !important;padding-left: 80px !important;background-color: #fafafa !important;}&#8221; dt_animation_delay=&#8221;0.3&#8243;]<div class=\"title-center\"><div class=\"dt-title-wrapper section-title-big style-1\"><h2 class=\"section-title\">Ein privilegierter strategischer Ort<\/h2><svg class=\"zigzag\" version=\"1.1\" xmlns=\"http:\/\/www.w3.org\/2000\/svg\" xmlns:xlink=\"http:\/\/www.w3.org\/1999\/xlink\" preserveAspectRatio=\"xMidYMid meet\" viewBox=\"0 0 90 8\" width=\"90\" height=\"8\"><defs><path d=\"M90 8L82.5 0L75 8L67.5 0L60 8L52.5 0L45 8L37.5 0L30 8L22.5 0L15 8L7.5 0L0 8\" id=\"a6L8UcKib\"><\/path><\/defs><g><g><use xlink:href=\"#a6L8UcKib\" opacity=\"1\" fill-opacity=\"0\" stroke=\"#000000\" stroke-width=\"1\" stroke-opacity=\"1\"><\/use><\/g><\/g><\/svg><\/div><\/div>[vc_empty_space height=&#8221;30px&#8221;][vc_column_text]Aufgrund seines geographischen Standorts ist Arcos immer eine strategische und privilegierte Lage, die viele Zivilisationen aufgenommen hat, gewesen.<\/p>\n<p>Au\u00dferdem, mit der r\u00f6mischen Besetzung erhielt Arcos seine Bezeichnung <strong>Arx-Arcis<\/strong> (\u201eFestung in die H\u00f6he\u201c), die sp\u00e4ter w\u00e4hrend der muslimischen Invasion als<strong> Medina-Arkos<\/strong> bekannt wurde. Diese Zivilisation hat einen bleibenden Identit\u00e4tsspur in der Stadt f\u00fcr immer hinterlassen. Zu jener Zeit, Arcos wurde eine bl\u00fchende Stadt und entwickelte zu einem kleinen Taifa-K\u00f6nigreich unter der Ben Jazrums Herrschaft, K\u00f6nig berberischer Abstammung.<\/p>\n<p>Am 29. September 1255 und anschlie\u00dfend in Oktober 1264 eroberte der <strong>K\u00f6nig Alfonso X<\/strong> \u201eDer Weise\u201c die Stadt f\u00fcr\u00a0 das Kastilliens K\u00f6nigreich. Ein starker maurischer Einfluss ist noch unverkennbar auf den engen Gassen und den wei\u00dfen H\u00e4usern, die von der imposanten Burg, den M\u00fchlen und dem Stadttor, \u201eLa puerta de Matrera\u201c, beherrscht werden, einst der Grundstein der Verteidigung der Stadt und jetzt alles, was von den \u00fcbrigen Mauern bleibt.<\/p>\n<p>Mit der Ankunft der Christen wachst die Stadt au\u00dferhalb der Mauern auf und begann der Aufbau der wunderbaren Tempeln und andere religi\u00f6se Geb\u00e4ude (Kl\u00f6ster, Altenheime, Kapelle&#8230; usw.). Dennoch sind die meisten christliche Geb\u00e4ude zwischen dem 15. und dem 18. Jahrhundert entstanden.<\/p>\n<p>Sobald die Konflikten zwischen Mauren und Christen beendet hatten, begannen andere interessante und friedlichere Streitigkeiten, die in die zwei Kirche der Stadt stattgefunden haben. Die rivalisirienden Pfarrangeh\u00f6rige von Santa Mar\u00eda und San Pedro wetteiferten mit einander um Ber\u00fchmtheit und Vatikanischen Anerkennung. Sie wollten als <strong>DIE \u00c4LTESTEN UND GR\u00d6\u00dfTEN\u00a0 KIRCHE<\/strong> von Arcos erkl\u00e4rt werden. Der Titel wurde schlie\u00dflich von der Kirche Santa Maria gewonnen, nach dem Gerichtsentscheidung der R\u00f6mischen Rota in 1764.<\/p>\n<p>Dank der christlichen Architektur und der Resten der alten Mauer wurde die Altstadt von Arcos als historisches und k\u00fcnstlerisches Ensemble unter Denkmalschutz durch das K\u00f6nigliche Dekret von M\u00e4rz 1962 erkl\u00e4rt.\u00a0 Um die Umgebung des historischen und k\u00fcnstlerischen Ensemble zu bewahren, hat die andalusische Regionalregierung seine Ausdehnung erkl\u00e4rt. Es gibt noch zwei weitere Monumente als historisch-k\u00fcnstlerisches erkl\u00e4rt wurden: Die Basilika Santa Mar\u00eda und ihre Orgel.<\/p>\n<p>Diese \u201eStadt der Dichter\u201c, so benannt wegen der vielen K\u00fcnstler, die hier geboren sind oder sich niedergelassen haben, sollte langsam besucht werden, Schritt f\u00fcr Schritt, ohne Eile, damit Sie sich in einen stillen Winkel verlieben k\u00f6nnen, in eine steile Stra\u00dfe, in ein architektonisches Schmuckst\u00fcck, und um dieses traditionsreiche Dorf zu genie\u00dfen, deren Bild f\u00fcr immer in deinem Herz leben wird.[\/vc_column_text][\/vc_column][\/vc_row][vc_row full_width=&#8221;stretch_row&#8221; video_bg=&#8221;yes&#8221; video_bg_url=&#8221;https:\/\/www.youtube.com\/watch?v=Ybue7zDI_yk&#8221; css=&#8221;.vc_custom_1615535365959{padding-top: 120px !important;padding-bottom: 120px !important;}&#8221;][vc_column width=&#8221;2\/12&#8243;][\/vc_column][vc_column width=&#8221;8\/12&#8243; dt_animation=&#8221;wow fadeInUp&#8221;]<div class=\"title-center\"><div class=\"dt-title-wrapper section-title-big style-1\"><h2 class=\"section-title\">Empieza aqu\u00ed<\/h2><svg class=\"zigzag\" version=\"1.1\" xmlns=\"http:\/\/www.w3.org\/2000\/svg\" xmlns:xlink=\"http:\/\/www.w3.org\/1999\/xlink\" preserveAspectRatio=\"xMidYMid meet\" viewBox=\"0 0 90 8\" width=\"90\" height=\"8\"><defs><path d=\"M90 8L82.5 0L75 8L67.5 0L60 8L52.5 0L45 8L37.5 0L30 8L22.5 0L15 8L7.5 0L0 8\" id=\"a6L8UcKib\"><\/path><\/defs><g><g><use xlink:href=\"#a6L8UcKib\" opacity=\"1\" fill-opacity=\"0\" stroke=\"#000000\" stroke-width=\"1\" stroke-opacity=\"1\"><\/use><\/g><\/g><\/svg><\/div><\/div>[vc_empty_space 0=&#8221;&#8221;][vc_raw_html 0=&#8221;&#8221;]JTNDZGl2JTIwY2xhc3MlM0QlMjJkdC1wbGF5LXZpZGVvJTIyJTNFJTBBJTIwJTIwJTIwJTIwJTNDYSUyMGNsYXNzJTNEJTIyaWZyYW1lLXZpZGVvJTIwbWZwLWlmcmFtZSUyMiUyMGhyZWYlM0QlMjJodHRwcyUzQSUyRiUyRnd3dy55b3V0dWJlLmNvbSUyRndhdGNoJTNGdiUzRG1nbVZPdUxnRkIwJTIyJTNFJTNDaSUyMGNsYXNzJTNEJTIyZmElMjBmYS1wbGF5JTIyJTNFJTNDJTJGaSUzRSUzQyUyRmElM0UlMEElMjAlMjAlMjAlMjAlM0NhJTIwY2xhc3MlM0QlMjJpZnJhbWUtdmlkZW8lMjBtZnAtaWZyYW1lJTIyJTIwaHJlZiUzRCUyMmh0dHBzJTNBJTJGJTJGd3d3LnlvdXR1YmUuY29tJTJGd2F0Y2glM0Z2JTNEbWdtVk91TGdGQjAlMjIlM0VQbGF5JTIwVmlkZW8lM0MlMkZhJTNFJTBBJTNDJTJGZGl2JTNF[\/vc_raw_html][\/vc_column][vc_column width=&#8221;2\/12&#8243;][\/vc_column][\/vc_row][vc_row full_width=&#8221;stretch_row&#8221; css=&#8221;.vc_custom_1497330579291{padding-top: 30px !important;padding-bottom: 35px !important;background-color: #ededed !important;}&#8221;][vc_column width=&#8221;1\/12&#8243;][\/vc_column][vc_column width=&#8221;7\/12&#8243;][vc_custom_heading text=&#8221;Tienes alguna duda? Contacta con nosotros.&#8221; font_container=&#8221;tag:p|font_size:36px|text_align:left|color:%23323232|line_height:42px&#8221; use_theme_fonts=&#8221;yes&#8221; css_animation=&#8221;fadeInUp&#8221;][\/vc_column][vc_column css_animation=&#8221;none&#8221; width=&#8221;3\/12&#8243; dt_animation=&#8221;wow fadeInUp&#8221; dt_animation_delay=&#8221;0.4&#8243;]<div class=\"button-right\"><a  class=\"dt-button green  round  dt-icon-left\" href=\"#\"><i class=\"fa fa-paper-plane-o\"><\/i>Formulario<\/a><\/div>[\/vc_column][vc_column width=&#8221;1\/12&#8243;][\/vc_column][\/vc_row]<\/p>\n<\/div>","protected":false},"excerpt":{"rendered":"<p>[vc_row full_width=&#8221;stretch_row&#8221; content_placement=&#8221;middle&#8221; parallax=&#8221;content-moving-fade&#8221; parallax_image=&#8221;965&#8243; el_id=&#8221;about-us&#8221; dt_color=&#8221;#4dbb67&#8243; dt_color_opacity=&#8221;70&#8243; css=&#8221;.vc_custom_1616067093628{padding-top: 300px !important;padding-bottom: 50px !important;}&#8221;][vc_column width=&#8221;1\/6&#8243;][\/vc_column][vc_column width=&#8221;2\/3&#8243; dt_animation=&#8221;wow fadeInUp&#8221; dt_animation_delay=&#8221;0.3&#8243;][\/vc_column][vc_column&#8230; <a class=\"excerpt-read-more\" href=\"https:\/\/www.turismoarcos.es\/de\/conoce-arcos\/\"><span>Read More<\/span><\/a><\/p>\n","protected":false},"author":1,"featured_media":0,"parent":0,"menu_order":0,"comment_status":"closed","ping_status":"closed","template":"","meta":{"footnotes":""},"class_list":["post-5839","page","type-page","status-publish","hentry"],"_links":{"self":[{"href":"https:\/\/www.turismoarcos.es\/de\/wp-json\/wp\/v2\/pages\/5839","targetHints":{"allow":["GET"]}}],"collection":[{"href":"https:\/\/www.turismoarcos.es\/de\/wp-json\/wp\/v2\/pages"}],"about":[{"href":"https:\/\/www.turismoarcos.es\/de\/wp-json\/wp\/v2\/types\/page"}],"author":[{"embeddable":true,"href":"https:\/\/www.turismoarcos.es\/de\/wp-json\/wp\/v2\/users\/1"}],"replies":[{"embeddable":true,"href":"https:\/\/www.turismoarcos.es\/de\/wp-json\/wp\/v2\/comments?post=5839"}],"version-history":[{"count":6,"href":"https:\/\/www.turismoarcos.es\/de\/wp-json\/wp\/v2\/pages\/5839\/revisions"}],"predecessor-version":[{"id":6392,"href":"https:\/\/www.turismoarcos.es\/de\/wp-json\/wp\/v2\/pages\/5839\/revisions\/6392"}],"wp:attachment":[{"href":"https:\/\/www.turismoarcos.es\/de\/wp-json\/wp\/v2\/media?parent=5839"}],"curies":[{"name":"wp","href":"https:\/\/api.w.org\/{rel}","templated":true}]}}