{"id":5875,"date":"2021-03-18T09:21:38","date_gmt":"2021-03-18T09:21:38","guid":{"rendered":"https:\/\/www.turismoarcos.es\/clima-y-datos-de-interes\/"},"modified":"2021-11-04T10:34:52","modified_gmt":"2021-11-04T09:34:52","slug":"clima-y-datos-de-interes","status":"publish","type":"page","link":"https:\/\/www.turismoarcos.es\/de\/clima-y-datos-de-interes\/","title":{"rendered":"WETTER UND HILFREICHE INFORMATIONEN"},"content":{"rendered":"<div class=\"wpb-content-wrapper\"><p>[vc_row full_width=&#8221;stretch_row&#8221; parallax=&#8221;content-moving-fade&#8221; parallax_image=&#8221;1238&#8243; el_id=&#8221;about-us&#8221; dt_color=&#8221;#4dbb67&#8243; dt_color_opacity=&#8221;70&#8243; css=&#8221;.vc_custom_1631865898283{padding-top: 300px !important;padding-bottom: 90px !important;}&#8221;][vc_column width=&#8221;1\/6&#8243;][\/vc_column][vc_column width=&#8221;2\/3&#8243; dt_animation=&#8221;wow fadeInUp&#8221; dt_animation_delay=&#8221;0.3&#8243;]<div class=\"title-center\"><div class=\"dt-title-wrapper section-title-big style-1\"><h2 class=\"section-title\">WETTER UND HILFREICHE INFORMATIONEN<\/h2><svg class=\"zigzag\" version=\"1.1\" xmlns=\"http:\/\/www.w3.org\/2000\/svg\" xmlns:xlink=\"http:\/\/www.w3.org\/1999\/xlink\" preserveAspectRatio=\"xMidYMid meet\" viewBox=\"0 0 90 8\" width=\"90\" height=\"8\"><defs><path d=\"M90 8L82.5 0L75 8L67.5 0L60 8L52.5 0L45 8L37.5 0L30 8L22.5 0L15 8L7.5 0L0 8\" id=\"a6L8UcKib\"><\/path><\/defs><g><g><use xlink:href=\"#a6L8UcKib\" opacity=\"1\" fill-opacity=\"0\" stroke=\"#000000\" stroke-width=\"1\" stroke-opacity=\"1\"><\/use><\/g><\/g><\/svg><\/div><\/div>[\/vc_column][vc_column width=&#8221;1\/6&#8243;][\/vc_column][\/vc_row][vc_row full_width=&#8221;stretch_row_content&#8221; equal_height=&#8221;yes&#8221;][vc_column width=&#8221;1\/2&#8243; css=&#8221;.vc_custom_1615989372081{padding-top: 70px !important;padding-bottom: 0px !important;background-position: center !important;background-repeat: no-repeat !important;background-size: cover !important;}&#8221;][vc_single_image image=&#8221;2304&#8243; img_size=&#8221;large&#8221;][vc_single_image image=&#8221;2072&#8243; img_size=&#8221;full&#8221;][\/vc_column][vc_column width=&#8221;1\/2&#8243; dt_animation=&#8221;wow fadeInUp&#8221; css=&#8221;.vc_custom_1497331211586{padding-top: 100px !important;padding-right: 80px !important;padding-bottom: 80px !important;padding-left: 80px !important;background-color: #fafafa !important;}&#8221; dt_animation_delay=&#8221;0.3&#8243;]<div class=\"title-center\"><div class=\"dt-title-wrapper section-title-big style-1\"><h2 class=\"section-title\">3000 Sonnenstunden pro Jahr<\/h2><svg class=\"zigzag\" version=\"1.1\" xmlns=\"http:\/\/www.w3.org\/2000\/svg\" xmlns:xlink=\"http:\/\/www.w3.org\/1999\/xlink\" preserveAspectRatio=\"xMidYMid meet\" viewBox=\"0 0 90 8\" width=\"90\" height=\"8\"><defs><path d=\"M90 8L82.5 0L75 8L67.5 0L60 8L52.5 0L45 8L37.5 0L30 8L22.5 0L15 8L7.5 0L0 8\" id=\"a6L8UcKib\"><\/path><\/defs><g><g><use xlink:href=\"#a6L8UcKib\" opacity=\"1\" fill-opacity=\"0\" stroke=\"#000000\" stroke-width=\"1\" stroke-opacity=\"1\"><\/use><\/g><\/g><\/svg><\/div><\/div>[vc_column_text]<\/p>\n<p style=\"text-align: justify;\">Arcos befindet sich im Nordwesten der Provinz C\u00e1diz. Arcos ist vom legend\u00e4ren Fluss Guadalete umgeben, und es ist die erste Stadt der weltbekannten Route des Wei\u00dfen D\u00f6rfers, die aus neunzehn St\u00e4dte besteht.<\/p>\n<p style=\"text-align: justify;\">Diese Stadt von einzigartiger Sch\u00f6nheit und von vielen als die sch\u00f6nste Stadt in Spanien betrachtet, ist auf dem Gipfel eines lehmigen Felsen von 96 m hoch \u00fcber dem Fluss, und 195 m hoch \u00fcber dem Meeresspiegel. Dieser wundersch\u00f6ne Felsen, als &#8220;La Pe\u00f1a de Arcos\u201c bekannt, wurde zum Naturdenkmal aus Andalusien in Dezember 2011 erkl\u00e4rt.<\/p>\n<p style=\"text-align: justify;\">Seine Fl\u00e4che betr\u00e4gt 525,4 Quadratkilometer. Die geographische Lage ist die folgende: 36\u00ba44&#8217;33 n\u00f6rdlicher Breite und 2\u00ba07&#8217;074&#8243; westlicher L\u00e4nge.<\/p>\n<p style=\"text-align: justify;\">Es gibt mehr als 30.000 Einwohner, die sich entlang des Stadtzentrums und seiner vielen l\u00e4ndlichen D\u00f6rfer ausbreiten.<\/p>\n<p style=\"text-align: justify;\">Die Durchschnittstemperatur betr\u00e4gt 18\u00ba. Die H\u00f6chsttemperaturen liegen zwischen 38 und 43\u00ba und die Minimaltemperaturen zwischen 6 und 14\u00ba. Zus\u00e4tzlich k\u00f6nnen wir mehr als 3000 Sonnenstunden pro Jahr genie\u00dfen.<\/p>\n<p>[\/vc_column_text][vc_empty_space height=&#8221;40px&#8221;][vc_widget_sidebar sidebar_id=&#8221;cs-1&#8243;][\/vc_column][\/vc_row][vc_row full_width=&#8221;stretch_row&#8221; css=&#8221;.vc_custom_1497330579291{padding-top: 30px !important;padding-bottom: 35px !important;background-color: #ededed !important;}&#8221;][vc_column width=&#8221;1\/12&#8243;][\/vc_column][vc_column width=&#8221;7\/12&#8243;][vc_custom_heading text=&#8221;\u00bfTienes alguna duda?&#8221; font_container=&#8221;tag:p|font_size:36px|text_align:left|color:%23323232|line_height:42px&#8221; use_theme_fonts=&#8221;yes&#8221; css_animation=&#8221;fadeInUp&#8221;][\/vc_column][vc_column css_animation=&#8221;none&#8221; width=&#8221;3\/12&#8243; dt_animation=&#8221;wow fadeInUp&#8221; dt_animation_delay=&#8221;0.4&#8243;]<div class=\"button-right\"><a  class=\"dt-button green  round  dt-icon-left\" href=\"#\"><i class=\"fa fa-paper-plane-o\"><\/i>FORMULARIO DE CONTACTO<\/a><\/div>[\/vc_column][vc_column width=&#8221;1\/12&#8243;][\/vc_column][\/vc_row]<\/p>\n<\/div>","protected":false},"excerpt":{"rendered":"<p>[vc_row full_width=&#8221;stretch_row&#8221; parallax=&#8221;content-moving-fade&#8221; parallax_image=&#8221;1238&#8243; el_id=&#8221;about-us&#8221; dt_color=&#8221;#4dbb67&#8243; dt_color_opacity=&#8221;70&#8243; css=&#8221;.vc_custom_1631865898283{padding-top: 300px !important;padding-bottom: 90px !important;}&#8221;][vc_column width=&#8221;1\/6&#8243;][\/vc_column][vc_column width=&#8221;2\/3&#8243; dt_animation=&#8221;wow fadeInUp&#8221; dt_animation_delay=&#8221;0.3&#8243;][\/vc_column][vc_column width=&#8221;1\/6&#8243;][\/vc_column][\/vc_row][vc_row&#8230; <a class=\"excerpt-read-more\" href=\"https:\/\/www.turismoarcos.es\/de\/clima-y-datos-de-interes\/\"><span>Read More<\/span><\/a><\/p>\n","protected":false},"author":1,"featured_media":0,"parent":0,"menu_order":0,"comment_status":"closed","ping_status":"closed","template":"","meta":{"footnotes":""},"class_list":["post-5875","page","type-page","status-publish","hentry"],"_links":{"self":[{"href":"https:\/\/www.turismoarcos.es\/de\/wp-json\/wp\/v2\/pages\/5875","targetHints":{"allow":["GET"]}}],"collection":[{"href":"https:\/\/www.turismoarcos.es\/de\/wp-json\/wp\/v2\/pages"}],"about":[{"href":"https:\/\/www.turismoarcos.es\/de\/wp-json\/wp\/v2\/types\/page"}],"author":[{"embeddable":true,"href":"https:\/\/www.turismoarcos.es\/de\/wp-json\/wp\/v2\/users\/1"}],"replies":[{"embeddable":true,"href":"https:\/\/www.turismoarcos.es\/de\/wp-json\/wp\/v2\/comments?post=5875"}],"version-history":[{"count":3,"href":"https:\/\/www.turismoarcos.es\/de\/wp-json\/wp\/v2\/pages\/5875\/revisions"}],"predecessor-version":[{"id":6237,"href":"https:\/\/www.turismoarcos.es\/de\/wp-json\/wp\/v2\/pages\/5875\/revisions\/6237"}],"wp:attachment":[{"href":"https:\/\/www.turismoarcos.es\/de\/wp-json\/wp\/v2\/media?parent=5875"}],"curies":[{"name":"wp","href":"https:\/\/api.w.org\/{rel}","templated":true}]}}