{"id":5878,"date":"2021-03-18T09:21:08","date_gmt":"2021-03-18T09:21:08","guid":{"rendered":"https:\/\/www.turismoarcos.es\/informacion-util\/"},"modified":"2021-11-04T10:44:22","modified_gmt":"2021-11-04T09:44:22","slug":"informacion-util","status":"publish","type":"page","link":"https:\/\/www.turismoarcos.es\/de\/informacion-util\/","title":{"rendered":"HILFREICHE INFORMATION"},"content":{"rendered":"<div class=\"wpb-content-wrapper\"><p>[vc_row full_width=&#8221;stretch_row&#8221; parallax=&#8221;content-moving-fade&#8221; parallax_image=&#8221;1286&#8243; el_id=&#8221;about-us&#8221; dt_color=&#8221;#4dbb67&#8243; dt_color_opacity=&#8221;70&#8243; css=&#8221;.vc_custom_1616067418259{padding-top: 300px !important;padding-bottom: 90px !important;}&#8221;][vc_column width=&#8221;1\/6&#8243;][\/vc_column][vc_column width=&#8221;2\/3&#8243; dt_animation=&#8221;wow fadeInUp&#8221; dt_animation_delay=&#8221;0.3&#8243;]<div class=\"title-center\"><div class=\"dt-title-wrapper section-title-big style-2\"><h2 class=\"section-title\">HILFREICHE INFORMATION<\/h2><svg class=\"zigzag\" version=\"1.1\" xmlns=\"http:\/\/www.w3.org\/2000\/svg\" xmlns:xlink=\"http:\/\/www.w3.org\/1999\/xlink\" preserveAspectRatio=\"xMidYMid meet\" viewBox=\"0 0 90 8\" width=\"90\" height=\"8\"><defs><path d=\"M90 8L82.5 0L75 8L67.5 0L60 8L52.5 0L45 8L37.5 0L30 8L22.5 0L15 8L7.5 0L0 8\" id=\"a6L8UcKib\"><\/path><\/defs><g><g><use xlink:href=\"#a6L8UcKib\" opacity=\"1\" fill-opacity=\"0\" stroke=\"#000000\" stroke-width=\"1\" stroke-opacity=\"1\"><\/use><\/g><\/g><\/svg><\/div><\/div>[\/vc_column][vc_column width=&#8221;1\/6&#8243;][\/vc_column][\/vc_row][vc_row full_width=&#8221;stretch_row_content&#8221; equal_height=&#8221;yes&#8221;][vc_column dt_animation=&#8221;wow fadeInUp&#8221; css=&#8221;.vc_custom_1497331211586{padding-top: 100px !important;padding-right: 80px !important;padding-bottom: 80px !important;padding-left: 80px !important;background-color: #fafafa !important;}&#8221; dt_animation_delay=&#8221;0.3&#8243;][vc_column_text]<\/p>\n<p style=\"text-align: justify;\"><strong>Kommunikationen<\/strong><\/p>\n<p style=\"text-align: justify;\">Die Vorwahlnummer f\u00fcr Spanien ist (+34)<\/p>\n<p style=\"text-align: justify;\">Die Vorwahlnummer f\u00fcr C\u00e1diz ist (956)<\/p>\n<p style=\"text-align: justify;\">Internet: Spanien ist ein Land mit Breitbandanschl\u00fcssen auf dem gesamten Staatsgebiet.<\/p>\n<p style=\"text-align: justify;\">Briefpost: Sie k\u00f6nnen Briefe von \u00fcberall in Spanien versenden. Daf\u00fcr sollten Sie Briefmarken kaufen, die in den lizenzierten Tabakl\u00e4den, oder \u201eEstancos\u201c, erh\u00e4ltlich sind.<\/p>\n<p style=\"text-align: justify;\"><strong>Empfohlenes Gep\u00e4ck<\/strong><\/p>\n<p style=\"text-align: justify;\">Arcos ist die typische H\u00fcgelstadt, deshalb empfehlen wir bequeme Kleidung, Schuhe und die perfekte Erg\u00e4nzung: einen Rucksack.\u00a0 Auch w\u00e4re es n\u00fctzlich die H\u00e4nde frei f\u00fcr den Stadtplan und die Kamera haben.<\/p>\n<p style=\"text-align: justify;\"><strong>Apotheke<\/strong><\/p>\n<p style=\"text-align: justify;\">Die Apotheken sind von 9 bis 14 Uhr und von 17 bis 21 Uhr ge\u00f6ffnet, obwohl es auch Apotheken gibt, die mittags nicht schlie\u00dfen.<\/p>\n<p style=\"text-align: justify;\">Die \u00d6ffnungszeiten f\u00fcr Notf\u00e4lle sind in den Apotheken f\u00fcr Nacht- und Wochenenddienste angezeigt.<\/p>\n<p style=\"text-align: justify;\"><strong>W\u00e4hrung<\/strong><\/p>\n<p style=\"text-align: justify;\">Die W\u00e4hrung in Spanien ist der Euro (\u20ac), dieselbe W\u00e4hrung wie in anderen L\u00e4ndern der Europ\u00e4ischen Union.<\/p>\n<p style=\"text-align: justify;\">Besucher k\u00f6nnen bei jeder Bank die W\u00e4hrung wechseln.<\/p>\n<p style=\"text-align: justify;\">Andere Zahlungsarten:<\/p>\n<p style=\"text-align: justify;\">Kreditkarte: Die Bezahlung mit anerkannten internationalen Kreditkarten ist auch in spanischen Gesch\u00e4ften \u00fcblich. Sie haben in der Regel Schilder, die diese Option am Eingang des Betriebes anzeigen. Bei der Bezahlung sollten Sie Ihren Reisepass oder Personalausweis vorlegen.<\/p>\n<p style=\"text-align: justify;\"><strong>Reisepass<\/strong><\/p>\n<p style=\"text-align: justify;\">F\u00fcr die Einreise nach Spanien erforderlichen Dokumente sind je nach Herkunftsland unterschiedlich.<\/p>\n<p style=\"text-align: justify;\">F\u00fcr Staatsangeh\u00f6rige der EU, der Schweiz, Norwegens, Islands oder Liechtensteins ben\u00f6tigen Sie einen g\u00fcltigen Reisepass oder Personalausweis.\u00a0 Bei minderj\u00e4hrigen Personen, die mit einem Ausweis reisen, ist zus\u00e4tzlich eine schriftliche Erlaubnis der Eltern einzuholen.<\/p>\n<p style=\"text-align: justify;\">Wenn Sie aus einem anderen Land kommen, und nach den EU festgelegten Kriterien, m\u00fcssen Sie ein Visum beim spanischen Konsulat Ihres Wohnsitzes beantragen.<\/p>\n<p style=\"text-align: justify;\">Es ist ratsam, eine Reiseversicherung abzuschlie\u00dfen.<\/p>\n<p style=\"text-align: justify;\">Mit der Europ\u00e4ischen Krankenversicherungskarte erhalten Sie die gleichen zeitweiligen Gesundheitsleistungen wie jeder spanische Staatsb\u00fcrger. Das G\u00fcltigkeitsdatum ist auf der Europ\u00e4ischen Krankenversicherungskarte vermerkt und gilt in den EU-L\u00e4ndern, der Schweiz, Norwegen, Island und Liechtenstein.<\/p>\n<p style=\"text-align: justify;\">Weitere Informationen zu diesen Themen und weitere Ratschl\u00e4ge finden Sie auf der Spain.info Webseite.<\/p>\n<p><strong>Tel\u00e9fonos de Inter\u00e9s<\/strong><\/p>\n<table>\n<tbody>\n<tr>\n<td>&#8211; Rathaus:<\/td>\n<td>Tel: 956 700800- 956 717080<\/td>\n<\/tr>\n<tr>\n<td>&#8211; Fremdenverkehrsamt:<\/td>\n<td>Tel: 956 702264<\/td>\n<\/tr>\n<tr>\n<td>&#8211; Stadtpolizei:<\/td>\n<td>Tel: 956 701652<\/td>\n<\/tr>\n<tr>\n<td>&#8211; Staatliche Polizeieinheit:<\/td>\n<td>Tel: 956 700052<\/td>\n<\/tr>\n<tr>\n<td>&#8211; Rotkreuz:<\/td>\n<td>Tel: 956 700355<\/td>\n<\/tr>\n<tr>\n<td>&#8211; Feuerwehr:<\/td>\n<td>Tel: 085\/112<\/td>\n<\/tr>\n<tr>\n<td>&#8211; Lokales Krankenhaus:<\/td>\n<td>Tel: 600161136<\/td>\n<\/tr>\n<tr>\n<td>&#8211; Postamt:<\/td>\n<td>Tel: 956 701560<\/td>\n<\/tr>\n<tr>\n<td>&#8211; Autobussen :<\/td>\n<td>Tel: 902 199201\/956 329347<\/td>\n<\/tr>\n<tr>\n<td>&#8211; Radio Taxi:<\/td>\n<td>Tel: 956 704640<\/td>\n<\/tr>\n<\/tbody>\n<\/table>\n<div class=\"oSioSc\">\n<div id=\"tw-target\">\n<div id=\"kAz1tf\" class=\"g9WsWb\">\n<div id=\"tw-target-text-container\" class=\"tw-ta-container F0azHf tw-nfl\" tabindex=\"0\">\n<p id=\"tw-target-text\" class=\"tw-data-text tw-text-large XcVN5d tw-ta\" dir=\"ltr\" data-placeholder=\"Traducci\u00f3n\"><strong><span class=\"Y2IQFc\" lang=\"de\">Stadt- und \u00dcberlandverkehr<\/span><\/strong><\/p>\n<\/div>\n<\/div>\n<\/div>\n<\/div>\n<table>\n<tbody>\n<tr>\n<td><a href=\"https:\/\/www.grupovalenzuela.com\/\" target=\"_blank\" rel=\"noopener\">Autocares VALENZUELA<\/a><\/td>\n<td>Tel: 956 702609- 956 182581<\/td>\n<\/tr>\n<tr>\n<td><a href=\"https:\/\/www.tgcomes.es\" target=\"_blank\" rel=\"noopener\">COMES<\/a><\/td>\n<td>Tel: 956 807059<\/td>\n<\/tr>\n<tr>\n<td><a href=\"https:\/\/damas-sa.es\/\" target=\"_blank\" rel=\"noopener\">DAMAS<\/a><\/td>\n<td>959 256900<\/td>\n<\/tr>\n<\/tbody>\n<\/table>\n<p>[\/vc_column_text][vc_empty_space height=&#8221;40px&#8221;][\/vc_column][\/vc_row][vc_row full_width=&#8221;stretch_row&#8221; css=&#8221;.vc_custom_1497330579291{padding-top: 30px !important;padding-bottom: 35px !important;background-color: #ededed !important;}&#8221;][vc_column width=&#8221;1\/12&#8243;][\/vc_column][vc_column width=&#8221;7\/12&#8243;][vc_custom_heading text=&#8221;Hast du irgendwelche Zweifel?&#8221; font_container=&#8221;tag:p|font_size:36px|text_align:left|color:%23323232|line_height:42px&#8221; use_theme_fonts=&#8221;yes&#8221; css_animation=&#8221;fadeInUp&#8221;][\/vc_column][vc_column css_animation=&#8221;none&#8221; width=&#8221;3\/12&#8243; dt_animation=&#8221;wow fadeInUp&#8221; dt_animation_delay=&#8221;0.4&#8243;]<div class=\"button-right\"><a  class=\"dt-button green  round  dt-icon-left\" href=\"#\"><i class=\"fa fa-paper-plane-o\"><\/i>KONTAKT FORMULAR<\/a><\/div>[\/vc_column][vc_column width=&#8221;1\/12&#8243;][\/vc_column][\/vc_row]<\/p>\n<\/div>","protected":false},"excerpt":{"rendered":"<p>[vc_row full_width=&#8221;stretch_row&#8221; parallax=&#8221;content-moving-fade&#8221; parallax_image=&#8221;1286&#8243; el_id=&#8221;about-us&#8221; dt_color=&#8221;#4dbb67&#8243; dt_color_opacity=&#8221;70&#8243; css=&#8221;.vc_custom_1616067418259{padding-top: 300px !important;padding-bottom: 90px !important;}&#8221;][vc_column width=&#8221;1\/6&#8243;][\/vc_column][vc_column width=&#8221;2\/3&#8243; dt_animation=&#8221;wow fadeInUp&#8221; dt_animation_delay=&#8221;0.3&#8243;][\/vc_column][vc_column width=&#8221;1\/6&#8243;][\/vc_column][\/vc_row][vc_row&#8230; <a class=\"excerpt-read-more\" href=\"https:\/\/www.turismoarcos.es\/de\/informacion-util\/\"><span>Read More<\/span><\/a><\/p>\n","protected":false},"author":1,"featured_media":0,"parent":0,"menu_order":0,"comment_status":"closed","ping_status":"closed","template":"","meta":{"footnotes":""},"class_list":["post-5878","page","type-page","status-publish","hentry"],"_links":{"self":[{"href":"https:\/\/www.turismoarcos.es\/de\/wp-json\/wp\/v2\/pages\/5878","targetHints":{"allow":["GET"]}}],"collection":[{"href":"https:\/\/www.turismoarcos.es\/de\/wp-json\/wp\/v2\/pages"}],"about":[{"href":"https:\/\/www.turismoarcos.es\/de\/wp-json\/wp\/v2\/types\/page"}],"author":[{"embeddable":true,"href":"https:\/\/www.turismoarcos.es\/de\/wp-json\/wp\/v2\/users\/1"}],"replies":[{"embeddable":true,"href":"https:\/\/www.turismoarcos.es\/de\/wp-json\/wp\/v2\/comments?post=5878"}],"version-history":[{"count":4,"href":"https:\/\/www.turismoarcos.es\/de\/wp-json\/wp\/v2\/pages\/5878\/revisions"}],"predecessor-version":[{"id":6258,"href":"https:\/\/www.turismoarcos.es\/de\/wp-json\/wp\/v2\/pages\/5878\/revisions\/6258"}],"wp:attachment":[{"href":"https:\/\/www.turismoarcos.es\/de\/wp-json\/wp\/v2\/media?parent=5878"}],"curies":[{"name":"wp","href":"https:\/\/api.w.org\/{rel}","templated":true}]}}