{"id":5903,"date":"2021-03-18T10:09:49","date_gmt":"2021-03-18T10:09:49","guid":{"rendered":"https:\/\/www.turismoarcos.es\/basilica-menor-de-santa-maria\/"},"modified":"2025-09-16T12:13:16","modified_gmt":"2025-09-16T11:13:16","slug":"basilica-menor-de-santa-maria","status":"publish","type":"page","link":"https:\/\/www.turismoarcos.es\/de\/basilica-menor-de-santa-maria\/","title":{"rendered":"Santa Mar\u00eda Basilika"},"content":{"rendered":"<div class=\"wpb-content-wrapper\">[vc_row full_width=&#8221;stretch_row&#8221; parallax=&#8221;content-moving-fade&#8221; parallax_image=&#8221;1859&#8243; el_id=&#8221;about-us&#8221; dt_color=&#8221;#abd8a6&#8243; dt_color_opacity=&#8221;70&#8243; css=&#8221;.vc_custom_1617956265582{padding-top: 300px !important;padding-bottom: 90px !important;}&#8221;][vc_column width=&#8221;1\/6&#8243;][\/vc_column][vc_column width=&#8221;2\/3&#8243; dt_animation=&#8221;wow fadeInUp&#8221; dt_animation_delay=&#8221;0.3&#8243;]<div class=\"title-center\"><div class=\"dt-title-wrapper section-title-big style-1\"><h2 class=\"section-title\">Santa Mar\u00eda Basilika<\/h2><svg class=\"zigzag\" version=\"1.1\" xmlns=\"http:\/\/www.w3.org\/2000\/svg\" xmlns:xlink=\"http:\/\/www.w3.org\/1999\/xlink\" preserveAspectRatio=\"xMidYMid meet\" viewBox=\"0 0 90 8\" width=\"90\" height=\"8\"><defs><path d=\"M90 8L82.5 0L75 8L67.5 0L60 8L52.5 0L45 8L37.5 0L30 8L22.5 0L15 8L7.5 0L0 8\" id=\"a6L8UcKib\"><\/path><\/defs><g><g><use xlink:href=\"#a6L8UcKib\" opacity=\"1\" fill-opacity=\"0\" stroke=\"#000000\" stroke-width=\"1\" stroke-opacity=\"1\"><\/use><\/g><\/g><\/svg><\/div><\/div>[\/vc_column][vc_column width=&#8221;1\/6&#8243;][\/vc_column][\/vc_row][vc_row][vc_column][vc_column_text][\/vc_column_text][\/vc_column][\/vc_row][vc_row full_width=&#8221;stretch_row_content&#8221; equal_height=&#8221;yes&#8221;][vc_column width=&#8221;1\/2&#8243; css=&#8221;.vc_custom_1616057344094{padding-top: 0px !important;padding-bottom: 0px !important;background-position: center !important;background-repeat: no-repeat !important;background-size: cover !important;}&#8221;]<div id=\"dt-gallery-aeb\" class=\"delicious-gallery-wrapper\" data-token=\"xWKpF\"><ul class=\"delicious-gallery isotope dt-gallery is-grid dt-gap-20\"><li class=\"delicious-gallery-item  remove-grayscale\"><a class=\"not-link dt-lightbox-gallery\" title=\"Bas\u00edlica Menor de Santa Mar\u00eda\" href=\"https:\/\/www.turismoarcos.es\/wp-content\/uploads\/2021\/04\/santa-maria-5-Copiar.jpg\"><img loading=\"lazy\" decoding=\"async\" class=\"no-lazy\" src=\"https:\/\/www.turismoarcos.es\/wp-content\/uploads\/2021\/04\/santa-maria-5-Copiar-490x380.jpg\" width=\"900\" height=\"600\" alt=\"Bas\u00edlica Menor de Santa Mar\u00eda\" \/><div class=\"delicious-gallery-on-hover\"><span class=\"is-alt-text\">Bas\u00edlica Menor de Santa Mar\u00eda<\/span><\/div><\/a><\/li><li class=\"delicious-gallery-item  remove-grayscale\"><a class=\"not-link dt-lightbox-gallery\" title=\"Bas\u00edlica Menor de Santa Mar\u00eda de la Asunci\u00f3n\" href=\"https:\/\/www.turismoarcos.es\/wp-content\/uploads\/2021\/04\/ARCOS107-Copiar.jpg\"><img loading=\"lazy\" decoding=\"async\" class=\"no-lazy\" src=\"https:\/\/www.turismoarcos.es\/wp-content\/uploads\/2021\/04\/ARCOS107-Copiar-490x380.jpg\" width=\"900\" height=\"600\" alt=\"Bas\u00edlica Menor de Santa Mar\u00eda de la Asunci\u00f3n\" \/><div class=\"delicious-gallery-on-hover\"><span class=\"is-alt-text\">Bas\u00edlica Menor de Santa Mar\u00eda de la Asunci\u00f3n<\/span><\/div><\/a><\/li><li class=\"delicious-gallery-item  remove-grayscale\"><a class=\"not-link dt-lightbox-gallery\" title=\"Bas\u00edlica Menor de Santa Mar\u00eda de la Asunci\u00f3n\" href=\"https:\/\/www.turismoarcos.es\/wp-content\/uploads\/2021\/04\/ARCOS119-Copiar.jpg\"><img loading=\"lazy\" decoding=\"async\" class=\"no-lazy\" src=\"https:\/\/www.turismoarcos.es\/wp-content\/uploads\/2021\/04\/ARCOS119-Copiar-490x380.jpg\" width=\"400\" height=\"600\" alt=\"Bas\u00edlica Menor de Santa Mar\u00eda de la Asunci\u00f3n\" \/><div class=\"delicious-gallery-on-hover\"><span class=\"is-alt-text\">Bas\u00edlica Menor de Santa Mar\u00eda de la Asunci\u00f3n<\/span><\/div><\/a><\/li><li class=\"delicious-gallery-item  remove-grayscale\"><a class=\"not-link dt-lightbox-gallery\" title=\"\" href=\"https:\/\/www.turismoarcos.es\/wp-content\/uploads\/2021\/04\/ARCOS136-Copiar.jpg\"><img loading=\"lazy\" decoding=\"async\" class=\"no-lazy\" src=\"https:\/\/www.turismoarcos.es\/wp-content\/uploads\/2021\/04\/ARCOS136-Copiar-490x380.jpg\" width=\"898\" height=\"600\" alt=\"\" \/><div class=\"delicious-gallery-on-hover\"><svg version=\"1.1\" x=\"0px\" y=\"0px\" viewBox=\"0 0 100 125\"><g transform=\"translate(0,-952.36218)\"><path style=\"font-size:medium;font-style:normal;font-variant:normal;font-weight:normal;font-stretch:normal;text-indent:0;text-align:start;text-decoration:none;line-height:normal;letter-spacing:normal;word-spacing:normal;text-transform:none;direction:ltr;block-progression:tb;writing-mode:lr-tb;text-anchor:start;baseline-shift:baseline;opacity:1;color:#000000;fill:#000000;fill-opacity:1;stroke:none;stroke-width:2;marker:none;visibility:visible;display:inline;overflow:visible;enable-background:accumulate;font-family:Sans;-inkscape-font-specification:Sans\" d=\"M 49.875 6.96875 A 1.0001 1.0001 0 0 0 49 8 L 49 49 L 8 49 A 1.0001 1.0001 0 0 0 7.8125 49 A 1.0043849 1.0043849 0 0 0 8 51 L 49 51 L 49 92 A 1.0001 1.0001 0 1 0 51 92 L 51 51 L 92 51 A 1.0001 1.0001 0 1 0 92 49 L 51 49 L 51 8 A 1.0001 1.0001 0 0 0 49.875 6.96875 z \" transform=\"translate(0,952.36218)\"\/><\/g><\/svg><\/div><\/a><\/li><li class=\"delicious-gallery-item  remove-grayscale\"><a class=\"not-link dt-lightbox-gallery\" title=\"\" href=\"https:\/\/www.turismoarcos.es\/wp-content\/uploads\/2021\/04\/fachada-santa-maria_003-Copiar.jpg\"><img loading=\"lazy\" decoding=\"async\" class=\"no-lazy\" src=\"https:\/\/www.turismoarcos.es\/wp-content\/uploads\/2021\/04\/fachada-santa-maria_003-Copiar-490x380.jpg\" width=\"900\" height=\"600\" alt=\"\" \/><div class=\"delicious-gallery-on-hover\"><svg version=\"1.1\" x=\"0px\" y=\"0px\" viewBox=\"0 0 100 125\"><g transform=\"translate(0,-952.36218)\"><path style=\"font-size:medium;font-style:normal;font-variant:normal;font-weight:normal;font-stretch:normal;text-indent:0;text-align:start;text-decoration:none;line-height:normal;letter-spacing:normal;word-spacing:normal;text-transform:none;direction:ltr;block-progression:tb;writing-mode:lr-tb;text-anchor:start;baseline-shift:baseline;opacity:1;color:#000000;fill:#000000;fill-opacity:1;stroke:none;stroke-width:2;marker:none;visibility:visible;display:inline;overflow:visible;enable-background:accumulate;font-family:Sans;-inkscape-font-specification:Sans\" d=\"M 49.875 6.96875 A 1.0001 1.0001 0 0 0 49 8 L 49 49 L 8 49 A 1.0001 1.0001 0 0 0 7.8125 49 A 1.0043849 1.0043849 0 0 0 8 51 L 49 51 L 49 92 A 1.0001 1.0001 0 1 0 51 92 L 51 51 L 92 51 A 1.0001 1.0001 0 1 0 92 49 L 51 49 L 51 8 A 1.0001 1.0001 0 0 0 49.875 6.96875 z \" transform=\"translate(0,952.36218)\"\/><\/g><\/svg><\/div><\/a><\/li><li class=\"delicious-gallery-item  remove-grayscale\"><a class=\"not-link dt-lightbox-gallery\" title=\"\" href=\"https:\/\/www.turismoarcos.es\/wp-content\/uploads\/2021\/04\/santa-maria-2-Copiar.jpg\"><img loading=\"lazy\" decoding=\"async\" class=\"no-lazy\" src=\"https:\/\/www.turismoarcos.es\/wp-content\/uploads\/2021\/04\/santa-maria-2-Copiar-490x380.jpg\" width=\"900\" height=\"600\" alt=\"\" \/><div class=\"delicious-gallery-on-hover\"><svg version=\"1.1\" x=\"0px\" y=\"0px\" viewBox=\"0 0 100 125\"><g transform=\"translate(0,-952.36218)\"><path style=\"font-size:medium;font-style:normal;font-variant:normal;font-weight:normal;font-stretch:normal;text-indent:0;text-align:start;text-decoration:none;line-height:normal;letter-spacing:normal;word-spacing:normal;text-transform:none;direction:ltr;block-progression:tb;writing-mode:lr-tb;text-anchor:start;baseline-shift:baseline;opacity:1;color:#000000;fill:#000000;fill-opacity:1;stroke:none;stroke-width:2;marker:none;visibility:visible;display:inline;overflow:visible;enable-background:accumulate;font-family:Sans;-inkscape-font-specification:Sans\" d=\"M 49.875 6.96875 A 1.0001 1.0001 0 0 0 49 8 L 49 49 L 8 49 A 1.0001 1.0001 0 0 0 7.8125 49 A 1.0043849 1.0043849 0 0 0 8 51 L 49 51 L 49 92 A 1.0001 1.0001 0 1 0 51 92 L 51 51 L 92 51 A 1.0001 1.0001 0 1 0 92 49 L 51 49 L 51 8 A 1.0001 1.0001 0 0 0 49.875 6.96875 z \" transform=\"translate(0,952.36218)\"\/><\/g><\/svg><\/div><\/a><\/li><li class=\"delicious-gallery-item  remove-grayscale\"><a class=\"not-link dt-lightbox-gallery\" title=\"\" href=\"https:\/\/www.turismoarcos.es\/wp-content\/uploads\/2021\/04\/santa-maria-3-Copiar.jpg\"><img loading=\"lazy\" decoding=\"async\" class=\"no-lazy\" src=\"https:\/\/www.turismoarcos.es\/wp-content\/uploads\/2021\/04\/santa-maria-3-Copiar-490x380.jpg\" width=\"400\" height=\"600\" alt=\"\" \/><div class=\"delicious-gallery-on-hover\"><svg version=\"1.1\" x=\"0px\" y=\"0px\" viewBox=\"0 0 100 125\"><g transform=\"translate(0,-952.36218)\"><path style=\"font-size:medium;font-style:normal;font-variant:normal;font-weight:normal;font-stretch:normal;text-indent:0;text-align:start;text-decoration:none;line-height:normal;letter-spacing:normal;word-spacing:normal;text-transform:none;direction:ltr;block-progression:tb;writing-mode:lr-tb;text-anchor:start;baseline-shift:baseline;opacity:1;color:#000000;fill:#000000;fill-opacity:1;stroke:none;stroke-width:2;marker:none;visibility:visible;display:inline;overflow:visible;enable-background:accumulate;font-family:Sans;-inkscape-font-specification:Sans\" d=\"M 49.875 6.96875 A 1.0001 1.0001 0 0 0 49 8 L 49 49 L 8 49 A 1.0001 1.0001 0 0 0 7.8125 49 A 1.0043849 1.0043849 0 0 0 8 51 L 49 51 L 49 92 A 1.0001 1.0001 0 1 0 51 92 L 51 51 L 92 51 A 1.0001 1.0001 0 1 0 92 49 L 51 49 L 51 8 A 1.0001 1.0001 0 0 0 49.875 6.96875 z \" transform=\"translate(0,952.36218)\"\/><\/g><\/svg><\/div><\/a><\/li><li class=\"delicious-gallery-item  remove-grayscale\"><a class=\"not-link dt-lightbox-gallery\" title=\"\" href=\"https:\/\/www.turismoarcos.es\/wp-content\/uploads\/2021\/04\/santa-maria-4-Copiar.jpg\"><img loading=\"lazy\" decoding=\"async\" class=\"no-lazy\" src=\"https:\/\/www.turismoarcos.es\/wp-content\/uploads\/2021\/04\/santa-maria-4-Copiar-490x380.jpg\" width=\"400\" height=\"600\" alt=\"\" \/><div class=\"delicious-gallery-on-hover\"><svg version=\"1.1\" x=\"0px\" y=\"0px\" viewBox=\"0 0 100 125\"><g transform=\"translate(0,-952.36218)\"><path style=\"font-size:medium;font-style:normal;font-variant:normal;font-weight:normal;font-stretch:normal;text-indent:0;text-align:start;text-decoration:none;line-height:normal;letter-spacing:normal;word-spacing:normal;text-transform:none;direction:ltr;block-progression:tb;writing-mode:lr-tb;text-anchor:start;baseline-shift:baseline;opacity:1;color:#000000;fill:#000000;fill-opacity:1;stroke:none;stroke-width:2;marker:none;visibility:visible;display:inline;overflow:visible;enable-background:accumulate;font-family:Sans;-inkscape-font-specification:Sans\" d=\"M 49.875 6.96875 A 1.0001 1.0001 0 0 0 49 8 L 49 49 L 8 49 A 1.0001 1.0001 0 0 0 7.8125 49 A 1.0043849 1.0043849 0 0 0 8 51 L 49 51 L 49 92 A 1.0001 1.0001 0 1 0 51 92 L 51 51 L 92 51 A 1.0001 1.0001 0 1 0 92 49 L 51 49 L 51 8 A 1.0001 1.0001 0 0 0 49.875 6.96875 z \" transform=\"translate(0,952.36218)\"\/><\/g><\/svg><\/div><\/a><\/li><\/ul><\/div>[\/vc_column][vc_column width=&#8221;1\/2&#8243; dt_animation=&#8221;wow fadeInUp&#8221; css=&#8221;.vc_custom_1617958069684{padding-top: 0px !important;padding-right: 80px !important;padding-bottom: 80px !important;padding-left: 80px !important;background-color: #fafafa !important;}&#8221; dt_animation_delay=&#8221;0.3&#8243;][vc_column_text css=&#8221;&#8221;]\r\n<p style=\"text-align: justify;\"><strong>Gotik-Plateresque-Barock Stil. Vom 14. bis dem 18. Jahrhunderten.<\/strong><\/p>\r\n<p style=\"text-align: justify;\">Diese Pfarrkirche ist die \u00e4lteste, ber\u00fchmteste und am meisten gefeierte Pfarrkirche von Arcos. Diese Titel wurden in 1764 vom Heiligen R\u00f6mischen Tribunal verliehen. Es wurde in 1931 zum Nationaldenkmal und in 1993 zur Minor Basilika erkl\u00e4rt. Der Tempel, getrennt von den umliegenden Geb\u00e4uden, steht in die \u00dcberreste einer arabischen Moschee und befindet sich seit sechs Jahrhunderten im Bau, was zu einer Mischung aus architektonischen Stilen und der Teilnahme von verschiedenen Fachleuten wie Diego de Ria\u00f1o, Juan Gil de Honta\u00f1\u00f3n, Alonso Rodr\u00edguez und Mart\u00edn de Ga\u00ednza gef\u00fchrt hat.\u00a0 Ihre Hauptmerkmale verdankt sie den Werken des f\u00fcnfzehnten und sechzehnten Jahrhunderts.\u00a0 Die Hauptfassade zeigt die Verschmelzung von sp\u00e4tgotisch und fr\u00fchplateresk. Auf der rechten Seite (Cabildo Platz) befindet sich der unvollendete Glockenturm, der von V. Bengoechea nach dem Erdbeben von 1755 entworfen wurde.\u00a0 Der Turm ist quadratisch und besteht aus drei Teilen: Eingang, Balkon und Glockenturm.\u00a0 Im zweiten Abschnitt die Bilder von San Pedro, San Pablo und der Unbefleckten Jungfrau.<\/p>\r\n<p style=\"text-align: justify;\">Es handelt sich um eine sp\u00e4tgotische Kirche mit drei gleich hohen Schiffen und einer monumentalen geschwungenen Apsis.\u00a0 Die Kirchenschiffe sind durch kreisf\u00f6rmige S\u00e4ulen aus Balkenst\u00e4ben getrennt, die komplexe Sternrippengew\u00f6lbe tragen.<\/p>\r\n<p style=\"text-align: justify;\">Obwohl alles im Inneren bewundernswert ist, sollte man den Retablo Mayor erw\u00e4hnen, einen Altaraufsatz, der ein wahres Juwel der Renaissance ist; die gotische Wandmalerei; die unverwesliche Mumie von San Felix; die Nieves-Kapelle, in der sich das Bild des Schutzpatrons von Arcos befindet; die extravagante Orgel und der Chor, der als einer der besten Andalusiens gilt.<\/p>\r\n<p style=\"text-align: justify;\"><strong>BESUCHSZEITEN BASILIKA UND TURM:<\/strong><\/p>\r\n<p style=\"text-align: justify;\">Der Turm wird jede halbe Stunde in Gruppen von 6 Personen besucht.<\/p>\r\nMontag: 11.00 &#8211; 13.30 Uhr\r\n<p style=\"text-align: justify;\">Von Dienstag bis Samstag: 11.00 \u2013 13.30 Uhr \/ 16.30 &#8211; 18.30 Uhr<\/p>\r\n<p style=\"text-align: justify;\">Sonntags nur Basilika : 9.30 &#8211; 14.00 Uhr\u00a0 (W\u00e4hrend der Messe (um 11.00 Uhr), gibt es keinen kulturellen Besuch).<\/p>\r\n[\/vc_column_text][vc_empty_space height=&#8221;40px&#8221;][\/vc_column][\/vc_row][vc_row][vc_column][vc_column_text][\/vc_column_text][\/vc_column][\/vc_row][vc_row full_width=&#8221;stretch_row&#8221; css=&#8221;.vc_custom_1497330579291{padding-top: 30px !important;padding-bottom: 35px !important;background-color: #ededed !important;}&#8221;][vc_column width=&#8221;1\/12&#8243;][\/vc_column][vc_column width=&#8221;7\/12&#8243;][vc_custom_heading text=&#8221;Hast du irgendwelche Zweifel?&#8221; font_container=&#8221;tag:p|font_size:36px|text_align:left|color:%23323232|line_height:42px&#8221; use_theme_fonts=&#8221;yes&#8221; css_animation=&#8221;fadeInUp&#8221;][\/vc_column][vc_column css_animation=&#8221;none&#8221; width=&#8221;3\/12&#8243; dt_animation=&#8221;wow fadeInUp&#8221; dt_animation_delay=&#8221;0.4&#8243;]<div class=\"button-right\"><a  class=\"dt-button green  round  dt-icon-left\" href=\"#\"><i class=\"fa fa-paper-plane-o\"><\/i>KONTAKT FORMULAR<\/a><\/div>[\/vc_column][vc_column width=&#8221;1\/12&#8243;][\/vc_column][\/vc_row][vc_row][vc_column][vc_column_text][\/vc_column_text][\/vc_column][\/vc_row][vc_row][vc_column][vc_column_text][\/vc_column_text][\/vc_column][\/vc_row]<!-- \/wp:post-content --><\/div>","protected":false},"excerpt":{"rendered":"<p>[vc_row full_width=&#8221;stretch_row&#8221; parallax=&#8221;content-moving-fade&#8221; parallax_image=&#8221;1859&#8243; el_id=&#8221;about-us&#8221; dt_color=&#8221;#abd8a6&#8243; dt_color_opacity=&#8221;70&#8243; css=&#8221;.vc_custom_1617956265582{padding-top: 300px !important;padding-bottom: 90px !important;}&#8221;][vc_column width=&#8221;1\/6&#8243;][\/vc_column][vc_column width=&#8221;2\/3&#8243; dt_animation=&#8221;wow fadeInUp&#8221; dt_animation_delay=&#8221;0.3&#8243;][\/vc_column][vc_column width=&#8221;1\/6&#8243;][\/vc_column][\/vc_row][vc_row][vc_column][vc_column_text][\/vc_column_text][\/vc_column][\/vc_row][vc_row&#8230; <a class=\"excerpt-read-more\" href=\"https:\/\/www.turismoarcos.es\/de\/basilica-menor-de-santa-maria\/\"><span>Read More<\/span><\/a><\/p>\n","protected":false},"author":1,"featured_media":0,"parent":0,"menu_order":0,"comment_status":"closed","ping_status":"closed","template":"","meta":{"footnotes":""},"class_list":["post-5903","page","type-page","status-publish","hentry"],"_links":{"self":[{"href":"https:\/\/www.turismoarcos.es\/de\/wp-json\/wp\/v2\/pages\/5903","targetHints":{"allow":["GET"]}}],"collection":[{"href":"https:\/\/www.turismoarcos.es\/de\/wp-json\/wp\/v2\/pages"}],"about":[{"href":"https:\/\/www.turismoarcos.es\/de\/wp-json\/wp\/v2\/types\/page"}],"author":[{"embeddable":true,"href":"https:\/\/www.turismoarcos.es\/de\/wp-json\/wp\/v2\/users\/1"}],"replies":[{"embeddable":true,"href":"https:\/\/www.turismoarcos.es\/de\/wp-json\/wp\/v2\/comments?post=5903"}],"version-history":[{"count":14,"href":"https:\/\/www.turismoarcos.es\/de\/wp-json\/wp\/v2\/pages\/5903\/revisions"}],"predecessor-version":[{"id":16523,"href":"https:\/\/www.turismoarcos.es\/de\/wp-json\/wp\/v2\/pages\/5903\/revisions\/16523"}],"wp:attachment":[{"href":"https:\/\/www.turismoarcos.es\/de\/wp-json\/wp\/v2\/media?parent=5903"}],"curies":[{"name":"wp","href":"https:\/\/api.w.org\/{rel}","templated":true}]}}