{"id":5922,"date":"2021-03-18T09:52:59","date_gmt":"2021-03-18T09:52:59","guid":{"rendered":"https:\/\/www.turismoarcos.es\/iglesia-de-san-miguel\/"},"modified":"2021-11-04T10:43:34","modified_gmt":"2021-11-04T09:43:34","slug":"iglesia-de-san-miguel","status":"publish","type":"page","link":"https:\/\/www.turismoarcos.es\/de\/iglesia-de-san-miguel\/","title":{"rendered":"San Miguel Kirche"},"content":{"rendered":"<div class=\"wpb-content-wrapper\"><p>[vc_row full_width=&#8221;stretch_row&#8221; parallax=&#8221;content-moving-fade&#8221; parallax_image=&#8221;1900&#8243; el_id=&#8221;about-us&#8221; dt_color=&#8221;#abd8a6&#8243; dt_color_opacity=&#8221;70&#8243; css=&#8221;.vc_custom_1618217505972{padding-top: 300px !important;padding-bottom: 90px !important;}&#8221;][vc_column width=&#8221;1\/6&#8243;][\/vc_column][vc_column width=&#8221;2\/3&#8243; dt_animation=&#8221;wow fadeInUp&#8221; dt_animation_delay=&#8221;0.3&#8243;]<div class=\"title-center\"><div class=\"dt-title-wrapper section-title-big style-1\"><h2 class=\"section-title\">San Miguel Kirche<\/h2><svg class=\"zigzag\" version=\"1.1\" xmlns=\"http:\/\/www.w3.org\/2000\/svg\" xmlns:xlink=\"http:\/\/www.w3.org\/1999\/xlink\" preserveAspectRatio=\"xMidYMid meet\" viewBox=\"0 0 90 8\" width=\"90\" height=\"8\"><defs><path d=\"M90 8L82.5 0L75 8L67.5 0L60 8L52.5 0L45 8L37.5 0L30 8L22.5 0L15 8L7.5 0L0 8\" id=\"a6L8UcKib\"><\/path><\/defs><g><g><use xlink:href=\"#a6L8UcKib\" opacity=\"1\" fill-opacity=\"0\" stroke=\"#000000\" stroke-width=\"1\" stroke-opacity=\"1\"><\/use><\/g><\/g><\/svg><\/div><\/div>[\/vc_column][vc_column width=&#8221;1\/6&#8243;][\/vc_column][\/vc_row][vc_row][vc_column][vc_column_text][\/vc_column_text][\/vc_column][\/vc_row][vc_row full_width=&#8221;stretch_row_content&#8221; equal_height=&#8221;yes&#8221;][vc_column width=&#8221;1\/2&#8243; css=&#8221;.vc_custom_1616057344094{padding-top: 0px !important;padding-bottom: 0px !important;background-position: center !important;background-repeat: no-repeat !important;background-size: cover !important;}&#8221;]<div id=\"dt-gallery-dbe\" class=\"delicious-gallery-wrapper\" data-token=\"EfaQz\"><ul class=\"delicious-gallery isotope dt-gallery is-grid dt-gap-20\"><li class=\"delicious-gallery-item  remove-grayscale\"><a class=\"not-link dt-lightbox-gallery\" title=\"Iglesia de San Miguel\" href=\"https:\/\/www.turismoarcos.es\/wp-content\/uploads\/2021\/03\/san-miguel_02.jpg\"><img loading=\"lazy\" decoding=\"async\" class=\"no-lazy\" src=\"https:\/\/www.turismoarcos.es\/wp-content\/uploads\/2021\/03\/san-miguel_02-490x380.jpg\" width=\"800\" height=\"533\" alt=\"Iglesia de San Miguel\" \/><div class=\"delicious-gallery-on-hover\"><span class=\"is-alt-text\">Iglesia de San Miguel<\/span><\/div><\/a><\/li><li class=\"delicious-gallery-item  remove-grayscale\"><a class=\"not-link dt-lightbox-gallery\" title=\"Iglesia de San Miguel\" href=\"https:\/\/www.turismoarcos.es\/wp-content\/uploads\/2021\/03\/san-miguel_01.jpg\"><img loading=\"lazy\" decoding=\"async\" class=\"no-lazy\" src=\"https:\/\/www.turismoarcos.es\/wp-content\/uploads\/2021\/03\/san-miguel_01-490x380.jpg\" width=\"800\" height=\"533\" alt=\"Iglesia de San Miguel\" \/><div class=\"delicious-gallery-on-hover\"><span class=\"is-alt-text\">Iglesia de San Miguel<\/span><\/div><\/a><\/li><li class=\"delicious-gallery-item  remove-grayscale\"><a class=\"not-link dt-lightbox-gallery\" title=\"Iglesia de San Miguel\" href=\"https:\/\/www.turismoarcos.es\/wp-content\/uploads\/2021\/03\/san-miguel_03.jpg\"><img loading=\"lazy\" decoding=\"async\" class=\"no-lazy\" src=\"https:\/\/www.turismoarcos.es\/wp-content\/uploads\/2021\/03\/san-miguel_03-490x380.jpg\" width=\"533\" height=\"800\" alt=\"Iglesia de San Miguel\" \/><div class=\"delicious-gallery-on-hover\"><span class=\"is-alt-text\">Iglesia de San Miguel<\/span><\/div><\/a><\/li><\/ul><\/div>[\/vc_column][vc_column width=&#8221;1\/2&#8243; dt_animation=&#8221;wow fadeInUp&#8221; css=&#8221;.vc_custom_1618218312139{padding-top: 0px !important;padding-right: 80px !important;padding-bottom: 80px !important;padding-left: 80px !important;background-color: #fafafa !important;}&#8221; dt_animation_delay=&#8221;0.3&#8243;][vc_column_text]<\/p>\n<p style=\"text-align: justify;\">Es war eine muslimische Festung auf einem H\u00fcgel bis zum 15. Jahrhundert, als es zu einer Einsiedelei San Miguel gewidmet wurde. Durch heftige Regenf\u00e4lle wurde es im Jahre 1684 zerst\u00f6rt und im 18. Jahrhundert wieder aufgebaut.\u00a0 Es war nicht nur eine Kirche, sondern auch ein Waisenhaus f\u00fcr verwaiste M\u00e4dchen. Zur Zeit ist es wegen Gottesdienst geschlossen und dient als Kultursaal (f\u00fcr Ausstellungen, Konferenzen, Pr\u00e4sentationen usw.).<\/p>\n<p><strong>BESUCHSZEITEN:<\/strong> Wiederherstellung<\/p>\n<p>Auskunft: Kulturamt der Stadt: Telefonnummer: +34 956 70 30 13 \/ cultura@arcosdelafrontera.es[\/vc_column_text][vc_empty_space height=&#8221;40px&#8221;][\/vc_column][\/vc_row][vc_row][vc_column][vc_column_text][\/vc_column_text][\/vc_column][\/vc_row][vc_row full_width=&#8221;stretch_row&#8221; css=&#8221;.vc_custom_1497330579291{padding-top: 30px !important;padding-bottom: 35px !important;background-color: #ededed !important;}&#8221;][vc_column width=&#8221;1\/12&#8243;][\/vc_column][vc_column width=&#8221;7\/12&#8243;][vc_custom_heading text=&#8221;Hast du irgendwelche Zweifel?&#8221; font_container=&#8221;tag:p|font_size:36px|text_align:left|color:%23323232|line_height:42px&#8221; use_theme_fonts=&#8221;yes&#8221; css_animation=&#8221;fadeInUp&#8221;][\/vc_column][vc_column css_animation=&#8221;none&#8221; width=&#8221;3\/12&#8243; dt_animation=&#8221;wow fadeInUp&#8221; dt_animation_delay=&#8221;0.4&#8243;]<div class=\"button-right\"><a  class=\"dt-button green  round  dt-icon-left\" href=\"#\"><i class=\"fa fa-paper-plane-o\"><\/i>KONTAKT FORMULAR<\/a><\/div>[\/vc_column][vc_column width=&#8221;1\/12&#8243;][\/vc_column][\/vc_row]<\/p>\n<\/div>","protected":false},"excerpt":{"rendered":"<p>[vc_row full_width=&#8221;stretch_row&#8221; parallax=&#8221;content-moving-fade&#8221; parallax_image=&#8221;1900&#8243; el_id=&#8221;about-us&#8221; dt_color=&#8221;#abd8a6&#8243; dt_color_opacity=&#8221;70&#8243; css=&#8221;.vc_custom_1618217505972{padding-top: 300px !important;padding-bottom: 90px !important;}&#8221;][vc_column width=&#8221;1\/6&#8243;][\/vc_column][vc_column width=&#8221;2\/3&#8243; dt_animation=&#8221;wow fadeInUp&#8221; dt_animation_delay=&#8221;0.3&#8243;][\/vc_column][vc_column width=&#8221;1\/6&#8243;][\/vc_column][\/vc_row][vc_row][vc_column][vc_column_text][\/vc_column_text][\/vc_column][\/vc_row][vc_row&#8230; <a class=\"excerpt-read-more\" href=\"https:\/\/www.turismoarcos.es\/de\/iglesia-de-san-miguel\/\"><span>Read More<\/span><\/a><\/p>\n","protected":false},"author":1,"featured_media":0,"parent":0,"menu_order":0,"comment_status":"closed","ping_status":"closed","template":"","meta":{"footnotes":""},"class_list":["post-5922","page","type-page","status-publish","hentry"],"_links":{"self":[{"href":"https:\/\/www.turismoarcos.es\/de\/wp-json\/wp\/v2\/pages\/5922","targetHints":{"allow":["GET"]}}],"collection":[{"href":"https:\/\/www.turismoarcos.es\/de\/wp-json\/wp\/v2\/pages"}],"about":[{"href":"https:\/\/www.turismoarcos.es\/de\/wp-json\/wp\/v2\/types\/page"}],"author":[{"embeddable":true,"href":"https:\/\/www.turismoarcos.es\/de\/wp-json\/wp\/v2\/users\/1"}],"replies":[{"embeddable":true,"href":"https:\/\/www.turismoarcos.es\/de\/wp-json\/wp\/v2\/comments?post=5922"}],"version-history":[{"count":4,"href":"https:\/\/www.turismoarcos.es\/de\/wp-json\/wp\/v2\/pages\/5922\/revisions"}],"predecessor-version":[{"id":6256,"href":"https:\/\/www.turismoarcos.es\/de\/wp-json\/wp\/v2\/pages\/5922\/revisions\/6256"}],"wp:attachment":[{"href":"https:\/\/www.turismoarcos.es\/de\/wp-json\/wp\/v2\/media?parent=5922"}],"curies":[{"name":"wp","href":"https:\/\/api.w.org\/{rel}","templated":true}]}}