{"id":5973,"date":"2021-03-18T13:10:06","date_gmt":"2021-03-18T13:10:06","guid":{"rendered":"https:\/\/www.turismoarcos.es\/palacio-del-mayorazgo\/"},"modified":"2026-03-13T17:26:53","modified_gmt":"2026-03-13T16:26:53","slug":"palacio-del-mayorazgo","status":"publish","type":"page","link":"https:\/\/www.turismoarcos.es\/de\/palacio-del-mayorazgo\/","title":{"rendered":"Palacio del Mayorazgo"},"content":{"rendered":"<div class=\"wpb-content-wrapper\"><p>[vc_row full_width=&#8221;stretch_row&#8221; parallax=&#8221;content-moving-fade&#8221; parallax_image=&#8221;2032&#8243; el_id=&#8221;about-us&#8221; dt_color=&#8221;#abd8a6&#8243; dt_color_opacity=&#8221;70&#8243; css=&#8221;.vc_custom_1623233333923{padding-top: 300px !important;padding-bottom: 90px !important;}&#8221;][vc_column width=&#8221;1\/6&#8243;][\/vc_column][vc_column width=&#8221;2\/3&#8243; dt_animation=&#8221;wow fadeInUp&#8221; dt_animation_delay=&#8221;0.3&#8243;]<div class=\"title-center\"><div class=\"dt-title-wrapper section-title-big style-1\"><h2 class=\"section-title\">Mayorazgo Palast<\/h2><svg class=\"zigzag\" version=\"1.1\" xmlns=\"http:\/\/www.w3.org\/2000\/svg\" xmlns:xlink=\"http:\/\/www.w3.org\/1999\/xlink\" preserveAspectRatio=\"xMidYMid meet\" viewBox=\"0 0 90 8\" width=\"90\" height=\"8\"><defs><path d=\"M90 8L82.5 0L75 8L67.5 0L60 8L52.5 0L45 8L37.5 0L30 8L22.5 0L15 8L7.5 0L0 8\" id=\"a6L8UcKib\"><\/path><\/defs><g><g><use xlink:href=\"#a6L8UcKib\" opacity=\"1\" fill-opacity=\"0\" stroke=\"#000000\" stroke-width=\"1\" stroke-opacity=\"1\"><\/use><\/g><\/g><\/svg><\/div><\/div>[\/vc_column][vc_column width=&#8221;1\/6&#8243;][\/vc_column][\/vc_row][vc_row][vc_column][vc_column_text][\/vc_column_text][\/vc_column][\/vc_row][vc_row full_width=&#8221;stretch_row_content&#8221; equal_height=&#8221;yes&#8221;][vc_column width=&#8221;1\/2&#8243; css=&#8221;.vc_custom_1616057344094{padding-top: 0px !important;padding-bottom: 0px !important;background-position: center !important;background-repeat: no-repeat !important;background-size: cover !important;}&#8221;]<div id=\"dt-gallery-dad\" class=\"delicious-gallery-wrapper\" data-token=\"nWQ3G\"><ul class=\"delicious-gallery isotope dt-gallery is-grid dt-gap-20\"><li class=\"delicious-gallery-item  remove-grayscale\"><a class=\"not-link dt-lightbox-gallery\" title=\"Palacio del Mayorazgo\" href=\"https:\/\/www.turismoarcos.es\/wp-content\/uploads\/2021\/03\/Mayorazgo_04.jpg\"><img loading=\"lazy\" decoding=\"async\" class=\"no-lazy\" src=\"https:\/\/www.turismoarcos.es\/wp-content\/uploads\/2021\/03\/Mayorazgo_04-490x380.jpg\" width=\"400\" height=\"600\" alt=\"Palacio del Mayorazgo\" \/><div class=\"delicious-gallery-on-hover\"><span class=\"is-alt-text\">Palacio del Mayorazgo<\/span><\/div><\/a><\/li><li class=\"delicious-gallery-item  remove-grayscale\"><a class=\"not-link dt-lightbox-gallery\" title=\"Palacio del Mayorazgo\" href=\"https:\/\/www.turismoarcos.es\/wp-content\/uploads\/2021\/03\/Mayorazgo_03.jpg\"><img loading=\"lazy\" decoding=\"async\" class=\"no-lazy\" src=\"https:\/\/www.turismoarcos.es\/wp-content\/uploads\/2021\/03\/Mayorazgo_03-490x380.jpg\" width=\"400\" height=\"600\" alt=\"Palacio del Mayorazgo\" \/><div class=\"delicious-gallery-on-hover\"><span class=\"is-alt-text\">Palacio del Mayorazgo<\/span><\/div><\/a><\/li><li class=\"delicious-gallery-item  remove-grayscale\"><a class=\"not-link dt-lightbox-gallery\" title=\"Palacio del Mayorazgo\" href=\"https:\/\/www.turismoarcos.es\/wp-content\/uploads\/2021\/03\/mayorazgo_004-Copiar.jpg\"><img loading=\"lazy\" decoding=\"async\" class=\"no-lazy\" src=\"https:\/\/www.turismoarcos.es\/wp-content\/uploads\/2021\/03\/mayorazgo_004-Copiar-490x380.jpg\" width=\"800\" height=\"533\" alt=\"Palacio del Mayorazgo\" \/><div class=\"delicious-gallery-on-hover\"><span class=\"is-alt-text\">Palacio del Mayorazgo<\/span><\/div><\/a><\/li><li class=\"delicious-gallery-item  remove-grayscale\"><a class=\"not-link dt-lightbox-gallery\" title=\"Palacio del Mayorazgo\" href=\"https:\/\/www.turismoarcos.es\/wp-content\/uploads\/2021\/03\/mayorazgo_003-Copiar.jpg\"><img loading=\"lazy\" decoding=\"async\" class=\"no-lazy\" src=\"https:\/\/www.turismoarcos.es\/wp-content\/uploads\/2021\/03\/mayorazgo_003-Copiar-490x380.jpg\" width=\"800\" height=\"533\" alt=\"Palacio del Mayorazgo\" \/><div class=\"delicious-gallery-on-hover\"><span class=\"is-alt-text\">Palacio del Mayorazgo<\/span><\/div><\/a><\/li><li class=\"delicious-gallery-item  remove-grayscale\"><a class=\"not-link dt-lightbox-gallery\" title=\"Palacio del Mayorazgo\" href=\"https:\/\/www.turismoarcos.es\/wp-content\/uploads\/2021\/03\/Mayorazgo_02.jpg\"><img loading=\"lazy\" decoding=\"async\" class=\"no-lazy\" src=\"https:\/\/www.turismoarcos.es\/wp-content\/uploads\/2021\/03\/Mayorazgo_02-490x380.jpg\" width=\"800\" height=\"533\" alt=\"Palacio del Mayorazgo\" \/><div class=\"delicious-gallery-on-hover\"><span class=\"is-alt-text\">Palacio del Mayorazgo<\/span><\/div><\/a><\/li><li class=\"delicious-gallery-item  remove-grayscale\"><a class=\"not-link dt-lightbox-gallery\" title=\"Palacio del Mayorazgo\" href=\"https:\/\/www.turismoarcos.es\/wp-content\/uploads\/2021\/03\/Mayorazgo_01.jpg\"><img loading=\"lazy\" decoding=\"async\" class=\"no-lazy\" src=\"https:\/\/www.turismoarcos.es\/wp-content\/uploads\/2021\/03\/Mayorazgo_01-490x380.jpg\" width=\"800\" height=\"533\" alt=\"Palacio del Mayorazgo\" \/><div class=\"delicious-gallery-on-hover\"><span class=\"is-alt-text\">Palacio del Mayorazgo<\/span><\/div><\/a><\/li><li class=\"delicious-gallery-item  remove-grayscale\"><a class=\"not-link dt-lightbox-gallery\" title=\"Palacio del Mayorazgo\" href=\"https:\/\/www.turismoarcos.es\/wp-content\/uploads\/2021\/03\/mayorazgo_001-Copiar.jpg\"><img loading=\"lazy\" decoding=\"async\" class=\"no-lazy\" src=\"https:\/\/www.turismoarcos.es\/wp-content\/uploads\/2021\/03\/mayorazgo_001-Copiar-490x380.jpg\" width=\"800\" height=\"533\" alt=\"Palacio del Mayorazgo\" \/><div class=\"delicious-gallery-on-hover\"><span class=\"is-alt-text\">Palacio del Mayorazgo<\/span><\/div><\/a><\/li><li class=\"delicious-gallery-item  remove-grayscale\"><a class=\"not-link dt-lightbox-gallery\" title=\"Palacio del Mayorazgo\" href=\"https:\/\/www.turismoarcos.es\/wp-content\/uploads\/2021\/03\/Mayorazgo_00.jpg\"><img loading=\"lazy\" decoding=\"async\" class=\"no-lazy\" src=\"https:\/\/www.turismoarcos.es\/wp-content\/uploads\/2021\/03\/Mayorazgo_00-490x380.jpg\" width=\"800\" height=\"533\" alt=\"Palacio del Mayorazgo\" \/><div class=\"delicious-gallery-on-hover\"><span class=\"is-alt-text\">Palacio del Mayorazgo<\/span><\/div><\/a><\/li><li class=\"delicious-gallery-item  remove-grayscale\"><a class=\"not-link dt-lightbox-gallery\" title=\"Palacio del Mayorazgo\" href=\"https:\/\/www.turismoarcos.es\/wp-content\/uploads\/2021\/03\/Mayorazgo-1.jpg\"><img loading=\"lazy\" decoding=\"async\" class=\"no-lazy\" src=\"https:\/\/www.turismoarcos.es\/wp-content\/uploads\/2021\/03\/Mayorazgo-1-490x380.jpg\" width=\"800\" height=\"533\" alt=\"Palacio del Mayorazgo\" \/><div class=\"delicious-gallery-on-hover\"><span class=\"is-alt-text\">Palacio del Mayorazgo<\/span><\/div><\/a><\/li><li class=\"delicious-gallery-item  remove-grayscale\"><a class=\"not-link dt-lightbox-gallery\" title=\"Palacio del Mayorazgo\" href=\"https:\/\/www.turismoarcos.es\/wp-content\/uploads\/2021\/03\/Mayorazgo_07.jpg\"><img loading=\"lazy\" decoding=\"async\" class=\"no-lazy\" src=\"https:\/\/www.turismoarcos.es\/wp-content\/uploads\/2021\/03\/Mayorazgo_07-490x380.jpg\" width=\"800\" height=\"533\" alt=\"Palacio del Mayorazgo\" \/><div class=\"delicious-gallery-on-hover\"><span class=\"is-alt-text\">Palacio del Mayorazgo<\/span><\/div><\/a><\/li><\/ul><\/div>[\/vc_column][vc_column width=&#8221;1\/2&#8243; dt_animation=&#8221;wow fadeInUp&#8221; css=&#8221;.vc_custom_1616057854293{padding-top: 70px !important;padding-right: 80px !important;padding-bottom: 80px !important;padding-left: 80px !important;background-color: #fafafa !important;}&#8221; dt_animation_delay=&#8221;0.3&#8243;][vc_column_text css=&#8221;&#8221;]<\/p>\n<p style=\"text-align: justify;\">Die Fassade ist pr\u00e4chtig und im Herrera-Stil gehalten.\u00a0 Es wurde im siebzehnten Jahrhundert erbaut.\u00a0 Die Hauptfassade besteht aus zwei H\u00e4usern, der erste mit zwei S\u00e4ulen der toskanischen Stil auf beiden Seiten des rechteckigen Tores. Der zweite hat zwei toskanische Pilaster mit Rillenschacht. Auf der Spitze befindet sich ein dreieckiger Giebel mit einem Schild mit Helm und Symbolen der Familie N\u00fa\u00f1ez de Prado. Im oberen Teil, ein quadratischer Balkon mit traditionellen Mudejar-Elementen, drei Rundb\u00f6gen, die von einem Alfiz eingerahmt werden, und ein Dach im Stil. Wir identifizieren in seinem Inneren zwei S\u00e4ulenh\u00f6fe und gro\u00dfe, mit Paneelen verkleidete S\u00e4le. Es beherbergt heute das Kulturamt der Stadt und seine verschiedenen R\u00e4ume sind f\u00fcr tempor\u00e4re oder permanente Ausstellungen bestimmt, wie \u201edas Zimmer der M\u00fcllerin und des B\u00fcrgermeisters&#8221;, \u201edas Zimmer des T\u00e4nzers Antonio&#8221;, \u201edie Ecke der Dichter und Schriftsteller&#8221; oder \u201edas Zimmer der Stiftung Victor Mar\u00edn&#8221;.\u00a0 Im unteren Teil befinden sich die St\u00e4dtische Kunstgalerie und den Andalusische Garten.<\/p>\n<p style=\"text-align: justify;\"><strong>BESUCHSZEITEN<\/strong>:<\/p>\n<p style=\"text-align: justify;\"><span class=\"Y2IQFc\" lang=\"de\">Montag:\u00a0 \u00a0 \u00a0 \u00a0 \u00a0 \u00a0 \u00a0 \u00a0 \u00a0 \u00a0 \u00a0 \u00a0 \u00a0 \u00a0 \u00a0 \u00a0 \u00a0 \u00a09:00 bis 14:30 Uhr<\/span><\/p>\n<p style=\"text-align: justify;\"><span class=\"Y2IQFc\" lang=\"de\">Dienstag bis Fritag:\u00a0 \u00a0 \u00a0 \u00a0 \u00a0 \u00a0 \u00a0 \u00a09<\/span><span class=\"Y2IQFc\" lang=\"fr\">:00 bis 19:30 Uhr<\/span><\/p>\n<p>Samstag:\u00a0 \u00a0 \u00a0 \u00a0 \u00a0 \u00a0 \u00a0 \u00a0 \u00a0 \u00a0 \u00a0 \u00a0 \u00a0 \u00a0 \u00a0 \u00a0 \u00a0 10:00 bis 15:00 Uhr \/ 16:30 bis 19:30 Uhr<\/p>\n<p>Sonntags:\u00a0 \u00a0 \u00a0 \u00a0 \u00a0 \u00a0 \u00a0 \u00a0 \u00a0 \u00a0 \u00a0 \u00a0 \u00a0 \u00a0 \u00a0 \u00a0 10:00 bis 14:30 Uhr<\/p>\n<p>Frei<\/p>\n<p>&nbsp;<\/p>\n<p style=\"text-align: justify;\">Auskunft: Kulturamt der Stadt: Telefonnummer: +34 956 70 30 13 \/ cultura@arcosdelafrontera.es<\/p>\n<p>[\/vc_column_text][vc_empty_space height=&#8221;40px&#8221;][\/vc_column][\/vc_row][vc_row][vc_column][vc_column_text][\/vc_column_text][\/vc_column][\/vc_row][vc_row full_width=&#8221;stretch_row&#8221; css=&#8221;.vc_custom_1497330579291{padding-top: 30px !important;padding-bottom: 35px !important;background-color: #ededed !important;}&#8221;][vc_column width=&#8221;1\/12&#8243;][\/vc_column][vc_column width=&#8221;7\/12&#8243;][vc_custom_heading text=&#8221;Hast du irgendwelche Zweifel?&#8221; font_container=&#8221;tag:p|font_size:36px|text_align:left|color:%23323232|line_height:42px&#8221; use_theme_fonts=&#8221;yes&#8221; css_animation=&#8221;fadeInUp&#8221;][\/vc_column][vc_column css_animation=&#8221;none&#8221; width=&#8221;3\/12&#8243; dt_animation=&#8221;wow fadeInUp&#8221; dt_animation_delay=&#8221;0.4&#8243;]<div class=\"button-right\"><a  class=\"dt-button green  round  dt-icon-left\" href=\"#\"><i class=\"fa fa-paper-plane-o\"><\/i>KONTAKT FORMULAR<\/a><\/div>[\/vc_column][vc_column width=&#8221;1\/12&#8243;][\/vc_column][\/vc_row]<\/p>\n<\/div>","protected":false},"excerpt":{"rendered":"<p>[vc_row full_width=&#8221;stretch_row&#8221; parallax=&#8221;content-moving-fade&#8221; parallax_image=&#8221;2032&#8243; el_id=&#8221;about-us&#8221; dt_color=&#8221;#abd8a6&#8243; dt_color_opacity=&#8221;70&#8243; css=&#8221;.vc_custom_1623233333923{padding-top: 300px !important;padding-bottom: 90px !important;}&#8221;][vc_column width=&#8221;1\/6&#8243;][\/vc_column][vc_column width=&#8221;2\/3&#8243; dt_animation=&#8221;wow fadeInUp&#8221; dt_animation_delay=&#8221;0.3&#8243;][\/vc_column][vc_column width=&#8221;1\/6&#8243;][\/vc_column][\/vc_row][vc_row][vc_column][vc_column_text][\/vc_column_text][\/vc_column][\/vc_row][vc_row&#8230; <a class=\"excerpt-read-more\" href=\"https:\/\/www.turismoarcos.es\/de\/palacio-del-mayorazgo\/\"><span>Read More<\/span><\/a><\/p>\n","protected":false},"author":1,"featured_media":0,"parent":0,"menu_order":0,"comment_status":"closed","ping_status":"closed","template":"","meta":{"footnotes":""},"class_list":["post-5973","page","type-page","status-publish","hentry"],"_links":{"self":[{"href":"https:\/\/www.turismoarcos.es\/de\/wp-json\/wp\/v2\/pages\/5973","targetHints":{"allow":["GET"]}}],"collection":[{"href":"https:\/\/www.turismoarcos.es\/de\/wp-json\/wp\/v2\/pages"}],"about":[{"href":"https:\/\/www.turismoarcos.es\/de\/wp-json\/wp\/v2\/types\/page"}],"author":[{"embeddable":true,"href":"https:\/\/www.turismoarcos.es\/de\/wp-json\/wp\/v2\/users\/1"}],"replies":[{"embeddable":true,"href":"https:\/\/www.turismoarcos.es\/de\/wp-json\/wp\/v2\/comments?post=5973"}],"version-history":[{"count":24,"href":"https:\/\/www.turismoarcos.es\/de\/wp-json\/wp\/v2\/pages\/5973\/revisions"}],"predecessor-version":[{"id":17873,"href":"https:\/\/www.turismoarcos.es\/de\/wp-json\/wp\/v2\/pages\/5973\/revisions\/17873"}],"wp:attachment":[{"href":"https:\/\/www.turismoarcos.es\/de\/wp-json\/wp\/v2\/media?parent=5973"}],"curies":[{"name":"wp","href":"https:\/\/api.w.org\/{rel}","templated":true}]}}