{"id":5993,"date":"2021-03-18T12:43:09","date_gmt":"2021-03-18T12:43:09","guid":{"rendered":"https:\/\/www.turismoarcos.es\/castillo-ducal\/"},"modified":"2021-11-04T10:34:33","modified_gmt":"2021-11-04T09:34:33","slug":"castillo-ducal","status":"publish","type":"page","link":"https:\/\/www.turismoarcos.es\/de\/castillo-ducal\/","title":{"rendered":"Schloss"},"content":{"rendered":"<div class=\"wpb-content-wrapper\"><p>[vc_row full_width=&#8221;stretch_row&#8221; parallax=&#8221;content-moving-fade&#8221; parallax_image=&#8221;789&#8243; el_id=&#8221;about-us&#8221; dt_color=&#8221;#abd8a6&#8243; dt_color_opacity=&#8221;70&#8243; css=&#8221;.vc_custom_1623830558489{padding-top: 300px !important;padding-bottom: 90px !important;}&#8221;][vc_column width=&#8221;1\/6&#8243;][\/vc_column][vc_column width=&#8221;2\/3&#8243; dt_animation=&#8221;wow fadeInUp&#8221; dt_animation_delay=&#8221;0.3&#8243;]<div class=\"title-center\"><div class=\"dt-title-wrapper section-title-big style-1\"><h2 class=\"section-title\">Schloss<\/h2><svg class=\"zigzag\" version=\"1.1\" xmlns=\"http:\/\/www.w3.org\/2000\/svg\" xmlns:xlink=\"http:\/\/www.w3.org\/1999\/xlink\" preserveAspectRatio=\"xMidYMid meet\" viewBox=\"0 0 90 8\" width=\"90\" height=\"8\"><defs><path d=\"M90 8L82.5 0L75 8L67.5 0L60 8L52.5 0L45 8L37.5 0L30 8L22.5 0L15 8L7.5 0L0 8\" id=\"a6L8UcKib\"><\/path><\/defs><g><g><use xlink:href=\"#a6L8UcKib\" opacity=\"1\" fill-opacity=\"0\" stroke=\"#000000\" stroke-width=\"1\" stroke-opacity=\"1\"><\/use><\/g><\/g><\/svg><\/div><\/div>[\/vc_column][vc_column width=&#8221;1\/6&#8243;][\/vc_column][\/vc_row][vc_row][vc_column][vc_column_text][\/vc_column_text][\/vc_column][\/vc_row][vc_row full_width=&#8221;stretch_row_content&#8221; equal_height=&#8221;yes&#8221;][vc_column width=&#8221;1\/2&#8243; css=&#8221;.vc_custom_1616057344094{padding-top: 0px !important;padding-bottom: 0px !important;background-position: center !important;background-repeat: no-repeat !important;background-size: cover !important;}&#8221;]<div id=\"dt-gallery-dab\" class=\"delicious-gallery-wrapper\" data-token=\"g34UN\"><ul class=\"delicious-gallery isotope dt-gallery is-grid dt-gap-20\"><li class=\"delicious-gallery-item  remove-grayscale\"><a class=\"not-link dt-lightbox-gallery\" title=\"Castillo Ducal\" href=\"https:\/\/www.turismoarcos.es\/wp-content\/uploads\/2021\/03\/castillo_010.jpg\"><img loading=\"lazy\" decoding=\"async\" class=\"no-lazy\" src=\"https:\/\/www.turismoarcos.es\/wp-content\/uploads\/2021\/03\/castillo_010-490x380.jpg\" width=\"800\" height=\"533\" alt=\"Castillo Ducal\" \/><div class=\"delicious-gallery-on-hover\"><span class=\"is-alt-text\">Castillo Ducal<\/span><\/div><\/a><\/li><li class=\"delicious-gallery-item  remove-grayscale\"><a class=\"not-link dt-lightbox-gallery\" title=\"Castillo Ducal\" href=\"https:\/\/www.turismoarcos.es\/wp-content\/uploads\/2021\/03\/castillo_009.jpg\"><img loading=\"lazy\" decoding=\"async\" class=\"no-lazy\" src=\"https:\/\/www.turismoarcos.es\/wp-content\/uploads\/2021\/03\/castillo_009-490x380.jpg\" width=\"800\" height=\"533\" alt=\"Castillo Ducal\" \/><div class=\"delicious-gallery-on-hover\"><span class=\"is-alt-text\">Castillo Ducal<\/span><\/div><\/a><\/li><li class=\"delicious-gallery-item  remove-grayscale\"><a class=\"not-link dt-lightbox-gallery\" title=\"Castillo Ducal\" href=\"https:\/\/www.turismoarcos.es\/wp-content\/uploads\/2021\/03\/castillo_6.jpg\"><img loading=\"lazy\" decoding=\"async\" class=\"no-lazy\" src=\"https:\/\/www.turismoarcos.es\/wp-content\/uploads\/2021\/03\/castillo_6-490x380.jpg\" width=\"800\" height=\"533\" alt=\"Castillo Ducal\" \/><div class=\"delicious-gallery-on-hover\"><span class=\"is-alt-text\">Castillo Ducal<\/span><\/div><\/a><\/li><li class=\"delicious-gallery-item  remove-grayscale\"><a class=\"not-link dt-lightbox-gallery\" title=\"Castillo Ducal\" href=\"https:\/\/www.turismoarcos.es\/wp-content\/uploads\/2021\/03\/castillo_006.jpg\"><img loading=\"lazy\" decoding=\"async\" class=\"no-lazy\" src=\"https:\/\/www.turismoarcos.es\/wp-content\/uploads\/2021\/03\/castillo_006-490x380.jpg\" width=\"800\" height=\"533\" alt=\"Castillo Ducal\" \/><div class=\"delicious-gallery-on-hover\"><span class=\"is-alt-text\">Castillo Ducal<\/span><\/div><\/a><\/li><li class=\"delicious-gallery-item  remove-grayscale\"><a class=\"not-link dt-lightbox-gallery\" title=\"Castillo Ducal\" href=\"https:\/\/www.turismoarcos.es\/wp-content\/uploads\/2021\/03\/castillo_5.jpg\"><img loading=\"lazy\" decoding=\"async\" class=\"no-lazy\" src=\"https:\/\/www.turismoarcos.es\/wp-content\/uploads\/2021\/03\/castillo_5-490x380.jpg\" width=\"800\" height=\"533\" alt=\"Castillo Ducal\" \/><div class=\"delicious-gallery-on-hover\"><span class=\"is-alt-text\">Castillo Ducal<\/span><\/div><\/a><\/li><li class=\"delicious-gallery-item  remove-grayscale\"><a class=\"not-link dt-lightbox-gallery\" title=\"Castillo Ducal\" href=\"https:\/\/www.turismoarcos.es\/wp-content\/uploads\/2021\/03\/castillo_4.jpg\"><img loading=\"lazy\" decoding=\"async\" class=\"no-lazy\" src=\"https:\/\/www.turismoarcos.es\/wp-content\/uploads\/2021\/03\/castillo_4-490x380.jpg\" width=\"800\" height=\"533\" alt=\"Castillo Ducal\" \/><div class=\"delicious-gallery-on-hover\"><span class=\"is-alt-text\">Castillo Ducal<\/span><\/div><\/a><\/li><li class=\"delicious-gallery-item  remove-grayscale\"><a class=\"not-link dt-lightbox-gallery\" title=\"Castillo Ducal\" href=\"https:\/\/www.turismoarcos.es\/wp-content\/uploads\/2021\/03\/castillo_3.jpg\"><img loading=\"lazy\" decoding=\"async\" class=\"no-lazy\" src=\"https:\/\/www.turismoarcos.es\/wp-content\/uploads\/2021\/03\/castillo_3-490x380.jpg\" width=\"800\" height=\"533\" alt=\"Castillo Ducal\" \/><div class=\"delicious-gallery-on-hover\"><span class=\"is-alt-text\">Castillo Ducal<\/span><\/div><\/a><\/li><li class=\"delicious-gallery-item  remove-grayscale\"><a class=\"not-link dt-lightbox-gallery\" title=\"Castillo Ducal\" href=\"https:\/\/www.turismoarcos.es\/wp-content\/uploads\/2021\/03\/castillo_2.jpg\"><img loading=\"lazy\" decoding=\"async\" class=\"no-lazy\" src=\"https:\/\/www.turismoarcos.es\/wp-content\/uploads\/2021\/03\/castillo_2-490x380.jpg\" width=\"800\" height=\"533\" alt=\"Castillo Ducal\" \/><div class=\"delicious-gallery-on-hover\"><span class=\"is-alt-text\">Castillo Ducal<\/span><\/div><\/a><\/li><li class=\"delicious-gallery-item  remove-grayscale\"><a class=\"not-link dt-lightbox-gallery\" title=\"Castillo Ducal\" href=\"https:\/\/www.turismoarcos.es\/wp-content\/uploads\/2021\/03\/castillo_1.jpg\"><img loading=\"lazy\" decoding=\"async\" class=\"no-lazy\" src=\"https:\/\/www.turismoarcos.es\/wp-content\/uploads\/2021\/03\/castillo_1-490x380.jpg\" width=\"800\" height=\"533\" alt=\"Castillo Ducal\" \/><div class=\"delicious-gallery-on-hover\"><span class=\"is-alt-text\">Castillo Ducal<\/span><\/div><\/a><\/li><\/ul><\/div>[\/vc_column][vc_column width=&#8221;1\/2&#8243; dt_animation=&#8221;wow fadeInUp&#8221; css=&#8221;.vc_custom_1616057854293{padding-top: 70px !important;padding-right: 80px !important;padding-bottom: 80px !important;padding-left: 80px !important;background-color: #fafafa !important;}&#8221; dt_animation_delay=&#8221;0.3&#8243;][vc_column_text]<\/p>\r\n<p style=\"text-align: justify;\">Das Geb\u00e4ude hat eine viereckige Etage und besteht aus vier zinnenbewehrten T\u00fcrmen an den Ecken.\u00a0\u00a0 W\u00e4hrend der muslimischen Zeit war es eine milit\u00e4rische Festung, die heutige Burg wurde jedoch im XIV und XVJahrhundert renoviert. Nach den vorhandenen Dokumenten bewahrt die primitive Festung einen gro\u00dfen Hufeisenbogen am alten westlichen Eingang und eine Mauer im S\u00fcdwesten. Aus dem vierzehnten und f\u00fcnfzehnten Jahrhundert stammen der Turm des Geheimnisses, die \u00f6stliche Wehrgangstrasse, die s\u00fcdlichen Flankt\u00fcrme, der gro\u00dfe Wasserbrunnen des Waffenhofes und die Pyramiden-T\u00fcrme. Heute ist es unter dem Bogen zug\u00e4nglich, wo sich das Rathausoratorium befand. Die Fassade kr\u00f6nen wir mit dem Schild der Herz\u00f6ge von Arcos. Zur Zeit ist das Schloss in Privatbesitz.<\/p>\r\n<p style=\"text-align: justify;\"><strong>BESUCHSZEITEN<\/strong>: 4 Tage pro Jahr.<\/p>\r\n<p style=\"text-align: justify;\">Auskunft: Im Tourismusb\u00fcro:Telefonnummer:+34 956 70 22 64\/ turismo@arcosdelafrontera.es<\/p>\r\n<p>[\/vc_column_text][vc_empty_space height=&#8221;40px&#8221;][\/vc_column][\/vc_row][vc_row][vc_column][vc_column_text][\/vc_column_text][\/vc_column][\/vc_row][vc_row full_width=&#8221;stretch_row&#8221; css=&#8221;.vc_custom_1497330579291{padding-top: 30px !important;padding-bottom: 35px !important;background-color: #ededed !important;}&#8221;][vc_column width=&#8221;1\/12&#8243;][\/vc_column][vc_column width=&#8221;7\/12&#8243;][vc_custom_heading text=&#8221;Hast du irgendwelche Zweifel?&#8221; font_container=&#8221;tag:p|font_size:36px|text_align:left|color:%23323232|line_height:42px&#8221; use_theme_fonts=&#8221;yes&#8221; css_animation=&#8221;fadeInUp&#8221;][\/vc_column][vc_column css_animation=&#8221;none&#8221; width=&#8221;3\/12&#8243; dt_animation=&#8221;wow fadeInUp&#8221; dt_animation_delay=&#8221;0.4&#8243;]<div class=\"button-right\"><a  class=\"dt-button green  round  dt-icon-left\" href=\"#\"><i class=\"fa fa-paper-plane-o\"><\/i>KONTAKT FORMULAR<\/a><\/div>[\/vc_column][vc_column width=&#8221;1\/12&#8243;][\/vc_column][\/vc_row][vc_row][vc_column][vc_column_text][\/vc_column_text][\/vc_column][\/vc_row][vc_row][vc_column][vc_column_text]<!-- \/wp:post-content --><\/p>\r\n<p><!-- wp:paragraph \/-->[\/vc_column_text][\/vc_column][\/vc_row]<\/p><\/div>","protected":false},"excerpt":{"rendered":"<p>[vc_row full_width=&#8221;stretch_row&#8221; parallax=&#8221;content-moving-fade&#8221; parallax_image=&#8221;789&#8243; el_id=&#8221;about-us&#8221; dt_color=&#8221;#abd8a6&#8243; dt_color_opacity=&#8221;70&#8243; css=&#8221;.vc_custom_1623830558489{padding-top: 300px !important;padding-bottom: 90px !important;}&#8221;][vc_column width=&#8221;1\/6&#8243;][\/vc_column][vc_column width=&#8221;2\/3&#8243; dt_animation=&#8221;wow fadeInUp&#8221; dt_animation_delay=&#8221;0.3&#8243;][\/vc_column][vc_column width=&#8221;1\/6&#8243;][\/vc_column][\/vc_row][vc_row][vc_column][vc_column_text][\/vc_column_text][\/vc_column][\/vc_row][vc_row&#8230; <a class=\"excerpt-read-more\" href=\"https:\/\/www.turismoarcos.es\/de\/castillo-ducal\/\"><span>Read More<\/span><\/a><\/p>\n","protected":false},"author":1,"featured_media":0,"parent":0,"menu_order":0,"comment_status":"closed","ping_status":"closed","template":"","meta":{"footnotes":""},"class_list":["post-5993","page","type-page","status-publish","hentry"],"_links":{"self":[{"href":"https:\/\/www.turismoarcos.es\/de\/wp-json\/wp\/v2\/pages\/5993","targetHints":{"allow":["GET"]}}],"collection":[{"href":"https:\/\/www.turismoarcos.es\/de\/wp-json\/wp\/v2\/pages"}],"about":[{"href":"https:\/\/www.turismoarcos.es\/de\/wp-json\/wp\/v2\/types\/page"}],"author":[{"embeddable":true,"href":"https:\/\/www.turismoarcos.es\/de\/wp-json\/wp\/v2\/users\/1"}],"replies":[{"embeddable":true,"href":"https:\/\/www.turismoarcos.es\/de\/wp-json\/wp\/v2\/comments?post=5993"}],"version-history":[{"count":3,"href":"https:\/\/www.turismoarcos.es\/de\/wp-json\/wp\/v2\/pages\/5993\/revisions"}],"predecessor-version":[{"id":6236,"href":"https:\/\/www.turismoarcos.es\/de\/wp-json\/wp\/v2\/pages\/5993\/revisions\/6236"}],"wp:attachment":[{"href":"https:\/\/www.turismoarcos.es\/de\/wp-json\/wp\/v2\/media?parent=5993"}],"curies":[{"name":"wp","href":"https:\/\/api.w.org\/{rel}","templated":true}]}}