{"id":6007,"date":"2021-03-18T10:03:44","date_gmt":"2021-03-18T10:03:44","guid":{"rendered":"https:\/\/www.turismoarcos.es\/casa-palacio-del-conde-del-aguila\/"},"modified":"2021-11-04T10:33:30","modified_gmt":"2021-11-04T09:33:30","slug":"casa-palacio-del-conde-del-aguila","status":"publish","type":"page","link":"https:\/\/www.turismoarcos.es\/de\/casa-palacio-del-conde-del-aguila\/","title":{"rendered":"Palast des Grafen von \u00c1guila"},"content":{"rendered":"<div class=\"wpb-content-wrapper\"><p>[vc_row full_width=&#8221;stretch_row&#8221; parallax=&#8221;content-moving-fade&#8221; parallax_image=&#8221;2087&#8243; el_id=&#8221;about-us&#8221; dt_color=&#8221;#abd8a6&#8243; dt_color_opacity=&#8221;70&#8243; css=&#8221;.vc_custom_1623832038790{padding-top: 300px !important;padding-bottom: 90px !important;}&#8221;][vc_column width=&#8221;1\/6&#8243;][\/vc_column][vc_column width=&#8221;2\/3&#8243; dt_animation=&#8221;wow fadeInUp&#8221; dt_animation_delay=&#8221;0.3&#8243;]<div class=\"title-center\"><div class=\"dt-title-wrapper section-title-big style-1\"><h2 class=\"section-title\">Palast des Grafen von \u00c1guila<\/h2><svg class=\"zigzag\" version=\"1.1\" xmlns=\"http:\/\/www.w3.org\/2000\/svg\" xmlns:xlink=\"http:\/\/www.w3.org\/1999\/xlink\" preserveAspectRatio=\"xMidYMid meet\" viewBox=\"0 0 90 8\" width=\"90\" height=\"8\"><defs><path d=\"M90 8L82.5 0L75 8L67.5 0L60 8L52.5 0L45 8L37.5 0L30 8L22.5 0L15 8L7.5 0L0 8\" id=\"a6L8UcKib\"><\/path><\/defs><g><g><use xlink:href=\"#a6L8UcKib\" opacity=\"1\" fill-opacity=\"0\" stroke=\"#000000\" stroke-width=\"1\" stroke-opacity=\"1\"><\/use><\/g><\/g><\/svg><\/div><\/div>[\/vc_column][vc_column width=&#8221;1\/6&#8243;][\/vc_column][\/vc_row][vc_row][vc_column][vc_column_text][\/vc_column_text][\/vc_column][\/vc_row][vc_row full_width=&#8221;stretch_row_content&#8221; equal_height=&#8221;yes&#8221;][vc_column width=&#8221;1\/2&#8243; css=&#8221;.vc_custom_1616057344094{padding-top: 0px !important;padding-bottom: 0px !important;background-position: center !important;background-repeat: no-repeat !important;background-size: cover !important;}&#8221;][vc_empty_space height=&#8221;64px&#8221;]<div id=\"dt-gallery-efc\" class=\"delicious-gallery-wrapper\" data-token=\"M78BU\"><ul class=\"delicious-gallery isotope dt-gallery is-grid dt-gap-20\"><li class=\"delicious-gallery-item  remove-grayscale\"><a class=\"not-link dt-lightbox-gallery\" title=\"Casa-Palacio del Conde del \u00c1guila\" href=\"https:\/\/www.turismoarcos.es\/wp-content\/uploads\/2021\/03\/casa-condes-aguila_3.jpg\"><img loading=\"lazy\" decoding=\"async\" class=\"no-lazy\" src=\"https:\/\/www.turismoarcos.es\/wp-content\/uploads\/2021\/03\/casa-condes-aguila_3-490x380.jpg\" width=\"800\" height=\"533\" alt=\"Casa-Palacio del Conde del \u00c1guila\" \/><div class=\"delicious-gallery-on-hover\"><span class=\"is-alt-text\">Casa-Palacio del Conde del \u00c1guila<\/span><\/div><\/a><\/li><li class=\"delicious-gallery-item  remove-grayscale\"><a class=\"not-link dt-lightbox-gallery\" title=\"Casa-Palacio del Conde del \u00c1guila\" href=\"https:\/\/www.turismoarcos.es\/wp-content\/uploads\/2021\/03\/casa-condes-aguila_2.jpg\"><img loading=\"lazy\" decoding=\"async\" class=\"no-lazy\" src=\"https:\/\/www.turismoarcos.es\/wp-content\/uploads\/2021\/03\/casa-condes-aguila_2-490x380.jpg\" width=\"683\" height=\"1024\" alt=\"Casa-Palacio del Conde del \u00c1guila\" \/><div class=\"delicious-gallery-on-hover\"><span class=\"is-alt-text\">Casa-Palacio del Conde del \u00c1guila<\/span><\/div><\/a><\/li><li class=\"delicious-gallery-item  remove-grayscale\"><a class=\"not-link dt-lightbox-gallery\" title=\"Casa-Palacio del Conde del \u00c1guila\" href=\"https:\/\/www.turismoarcos.es\/wp-content\/uploads\/2021\/03\/casa-condes-aguila_0.jpg\"><img loading=\"lazy\" decoding=\"async\" class=\"no-lazy\" src=\"https:\/\/www.turismoarcos.es\/wp-content\/uploads\/2021\/03\/casa-condes-aguila_0-490x380.jpg\" width=\"533\" height=\"800\" alt=\"Casa-Palacio del Conde del \u00c1guila\" \/><div class=\"delicious-gallery-on-hover\"><span class=\"is-alt-text\">Casa-Palacio del Conde del \u00c1guila<\/span><\/div><\/a><\/li><\/ul><\/div>[\/vc_column][vc_column width=&#8221;1\/2&#8243; dt_animation=&#8221;wow fadeInUp&#8221; css=&#8221;.vc_custom_1616057854293{padding-top: 70px !important;padding-right: 80px !important;padding-bottom: 80px !important;padding-left: 80px !important;background-color: #fafafa !important;}&#8221; dt_animation_delay=&#8221;0.3&#8243;][vc_column_text]<\/p>\n<p style=\"text-align: justify;\"><strong>Gotisch-Mudejarstil &#8211; 15. Jahrhundert.<\/strong><\/p>\n<p style=\"text-align: justify;\">Dieses Haus gilt wegen seiner Mischung aus Sp\u00e4tgotik und Mudejarstil als ein Juwel des 15. Jahrhunderts. Auf dem Rahmen der alten T\u00fcr kann man einen Schild im franz\u00f6sischen Stil mit dem Symbol von Fern\u00e1ndez de Espinosa, Gouverneur und Vorg\u00e4nger eines Grafen namens Conde del \u00c1guila, bewundern. Die steinerne Fassade des Hauses hat eine T\u00fcrsturzt\u00fcr, die von einem Alfiz (rechteckige Leiste) eingerahmt wird.\u00a0 Im zweiten Teil des Hauses sieht man ein zartes Sprossenfenster, mit einem Alfiz und zwei T\u00fcrmen, die von Kettenkranzleisten flankiert sind, auf denen zwei Herolde den Blick auf die ehemalige Puerta de Jerez, das Tor von Jerez, richten. Im Jahre 1852 wurde die Stra\u00dfe abgesenkt und die Fassade hochgezogen.<\/p>\n<p style=\"text-align: justify;\"><strong>BESUCHSZEITEN<\/strong>: Nur Fassadenbesichtigung m\u00f6glich.<\/p>\n<p>[\/vc_column_text][vc_empty_space height=&#8221;40px&#8221;][\/vc_column][\/vc_row][vc_row][vc_column][vc_column_text][\/vc_column_text][\/vc_column][\/vc_row][vc_row full_width=&#8221;stretch_row&#8221; css=&#8221;.vc_custom_1497330579291{padding-top: 30px !important;padding-bottom: 35px !important;background-color: #ededed !important;}&#8221;][vc_column width=&#8221;1\/12&#8243;][\/vc_column][vc_column width=&#8221;7\/12&#8243;][vc_custom_heading text=&#8221;Hast du irgendwelche Zweifel?&#8221; font_container=&#8221;tag:p|font_size:36px|text_align:left|color:%23323232|line_height:42px&#8221; use_theme_fonts=&#8221;yes&#8221; css_animation=&#8221;fadeInUp&#8221;][\/vc_column][vc_column css_animation=&#8221;none&#8221; width=&#8221;3\/12&#8243; dt_animation=&#8221;wow fadeInUp&#8221; dt_animation_delay=&#8221;0.4&#8243;]<div class=\"button-right\"><a  class=\"dt-button green  round  dt-icon-left\" href=\"#\"><i class=\"fa fa-paper-plane-o\"><\/i> KONTAKT FORMULAR<\/a><\/div>[\/vc_column][vc_column width=&#8221;1\/12&#8243;][\/vc_column][\/vc_row]<\/p>\n<\/div>","protected":false},"excerpt":{"rendered":"<p>[vc_row full_width=&#8221;stretch_row&#8221; parallax=&#8221;content-moving-fade&#8221; parallax_image=&#8221;2087&#8243; el_id=&#8221;about-us&#8221; dt_color=&#8221;#abd8a6&#8243; dt_color_opacity=&#8221;70&#8243; css=&#8221;.vc_custom_1623832038790{padding-top: 300px !important;padding-bottom: 90px !important;}&#8221;][vc_column width=&#8221;1\/6&#8243;][\/vc_column][vc_column width=&#8221;2\/3&#8243; dt_animation=&#8221;wow fadeInUp&#8221; dt_animation_delay=&#8221;0.3&#8243;][\/vc_column][vc_column width=&#8221;1\/6&#8243;][\/vc_column][\/vc_row][vc_row][vc_column][vc_column_text][\/vc_column_text][\/vc_column][\/vc_row][vc_row&#8230; <a class=\"excerpt-read-more\" href=\"https:\/\/www.turismoarcos.es\/de\/casa-palacio-del-conde-del-aguila\/\"><span>Read More<\/span><\/a><\/p>\n","protected":false},"author":1,"featured_media":0,"parent":0,"menu_order":0,"comment_status":"closed","ping_status":"closed","template":"","meta":{"footnotes":""},"class_list":["post-6007","page","type-page","status-publish","hentry"],"_links":{"self":[{"href":"https:\/\/www.turismoarcos.es\/de\/wp-json\/wp\/v2\/pages\/6007","targetHints":{"allow":["GET"]}}],"collection":[{"href":"https:\/\/www.turismoarcos.es\/de\/wp-json\/wp\/v2\/pages"}],"about":[{"href":"https:\/\/www.turismoarcos.es\/de\/wp-json\/wp\/v2\/types\/page"}],"author":[{"embeddable":true,"href":"https:\/\/www.turismoarcos.es\/de\/wp-json\/wp\/v2\/users\/1"}],"replies":[{"embeddable":true,"href":"https:\/\/www.turismoarcos.es\/de\/wp-json\/wp\/v2\/comments?post=6007"}],"version-history":[{"count":2,"href":"https:\/\/www.turismoarcos.es\/de\/wp-json\/wp\/v2\/pages\/6007\/revisions"}],"predecessor-version":[{"id":6232,"href":"https:\/\/www.turismoarcos.es\/de\/wp-json\/wp\/v2\/pages\/6007\/revisions\/6232"}],"wp:attachment":[{"href":"https:\/\/www.turismoarcos.es\/de\/wp-json\/wp\/v2\/media?parent=6007"}],"curies":[{"name":"wp","href":"https:\/\/api.w.org\/{rel}","templated":true}]}}