{"id":6073,"date":"2021-03-23T09:48:12","date_gmt":"2021-03-23T09:48:12","guid":{"rendered":"https:\/\/www.turismoarcos.es\/rincones-y-miradores\/"},"modified":"2026-03-13T17:33:40","modified_gmt":"2026-03-13T16:33:40","slug":"rincones-y-miradores","status":"publish","type":"page","link":"https:\/\/www.turismoarcos.es\/de\/rincones-y-miradores\/","title":{"rendered":"BESONDERE ORTEN UND AUSSICHTSPUNKTE"},"content":{"rendered":"<div class=\"wpb-content-wrapper\"><p>[vc_row full_width=&#8221;stretch_row&#8221; rtl_reverse=&#8221;yes&#8221; parallax=&#8221;content-moving&#8221; parallax_image=&#8221;1718&#8243; css=&#8221;.vc_custom_1616493982341{padding-top: 300px !important;padding-bottom: 150px !important;}&#8221;][vc_column css=&#8221;.vc_custom_1632217333059{padding-top: 0px !important;}&#8221;][vc_row_inner][vc_column_inner width=&#8221;1\/4&#8243;][\/vc_column_inner][vc_column_inner width=&#8221;1\/2&#8243; dt_animation=&#8221;wow fadeInUp&#8221; css=&#8221;.vc_custom_1616071931749{padding-top: 150px !important;padding-right: 80px !important;padding-bottom: 70px !important;padding-left: 80px !important;background-color: rgba(255,255,255,0.85) !important;*background-color: rgb(255,255,255) !important;}&#8221; dt_animation_delay=&#8221;1&#8243;]<div class=\"title-center\"><div class=\"dt-title-wrapper section-title-big style-1\"><h2 class=\"section-title\">BESONDERE ORTEN UND AUSSICHTSPUNKTE<\/h2><svg class=\"zigzag\" version=\"1.1\" xmlns=\"http:\/\/www.w3.org\/2000\/svg\" xmlns:xlink=\"http:\/\/www.w3.org\/1999\/xlink\" preserveAspectRatio=\"xMidYMid meet\" viewBox=\"0 0 90 8\" width=\"90\" height=\"8\"><defs><path d=\"M90 8L82.5 0L75 8L67.5 0L60 8L52.5 0L45 8L37.5 0L30 8L22.5 0L15 8L7.5 0L0 8\" id=\"a6L8UcKib\"><\/path><\/defs><g><g><use xlink:href=\"#a6L8UcKib\" opacity=\"1\" fill-opacity=\"0\" stroke=\"#000000\" stroke-width=\"1\" stroke-opacity=\"1\"><\/use><\/g><\/g><\/svg><\/div><\/div>[\/vc_column_inner][vc_column_inner width=&#8221;1\/4&#8243;][\/vc_column_inner][\/vc_row_inner][\/vc_column][\/vc_row][vc_row][vc_column css=&#8221;.vc_custom_1632217448556{padding-top: 30px !important;}&#8221;]<div class=\"title-center\"><div class=\"dt-title-wrapper section-title-big style-1\"><h2 class=\"section-title\">AUSSICHTSPUNKTE<\/h2><svg class=\"zigzag\" version=\"1.1\" xmlns=\"http:\/\/www.w3.org\/2000\/svg\" xmlns:xlink=\"http:\/\/www.w3.org\/1999\/xlink\" preserveAspectRatio=\"xMidYMid meet\" viewBox=\"0 0 90 8\" width=\"90\" height=\"8\"><defs><path d=\"M90 8L82.5 0L75 8L67.5 0L60 8L52.5 0L45 8L37.5 0L30 8L22.5 0L15 8L7.5 0L0 8\" id=\"a6L8UcKib\"><\/path><\/defs><g><g><use xlink:href=\"#a6L8UcKib\" opacity=\"1\" fill-opacity=\"0\" stroke=\"#000000\" stroke-width=\"1\" stroke-opacity=\"1\"><\/use><\/g><\/g><\/svg><h4 class=\"section-tagline\">Ohne Zweifel eine der gro\u00dfen Attraktionen von Arcos.<\/h4><\/div><\/div>[vc_column_text css=&#8221;.vc_custom_1635941972542{margin-top: 0px !important;}&#8221;]<\/p>\r\n<p style=\"text-align: center;\"><!-- \/wp:post-content --><\/p>\r\n<p style=\"text-align: center;\"><!-- wp:shortcode -->Zweifellos, eine der gro\u00dfen Attraktionen von Arcos, sind die Aussichtspunkte.\u00a0 Strategische Standorte gelegen, um die Aussicht auf dieses Brot Farbe Dorf (wie der Dichter w\u00fcrde sagen) hingen auf der R\u00fcckseite eines robusten Gipfel, oder Aussichtspunkte in der Altstadt gebaut, wo Sie k\u00f6nnen sich aus dem Atem zu sehen, die Sch\u00f6nheit, die uns umgibt.<\/p>\r\n<p>[\/vc_column_text][\/vc_column][\/vc_row][vc_row][vc_column css_animation=&#8221;none&#8221; width=&#8221;1\/4&#8243;][vc_single_image image=&#8221;3069&#8243; img_size=&#8221;full&#8221; alignment=&#8221;center&#8221; onclick=&#8221;custom_link&#8221; css_animation=&#8221;fadeInUp&#8221; css=&#8221;.vc_custom_1632137122182{padding-top: 40px !important;}&#8221; link=&#8221;\/basilica-menor-de-santa-maria&#8221;][\/vc_column][vc_column width=&#8221;3\/4&#8243;][vc_empty_space][vc_text_separator title=&#8221;Miradores a las afueras&#8221; color=&#8221;custom&#8221; accent_color=&#8221;#4&#8243;][vc_column_text]<\/p>\r\n<p>Aussichtspunkte au\u00dferhalb der Stadt:<\/p>\r\n<ul>\r\n<li>Pe\u00f1a Nueva von Los Cabezuelos<\/li>\r\n<li>Pe\u00f1a Nueva von La Huerta<\/li>\r\n<li>Pe\u00f1a Nueva von Mirador P. Blancos (von Landstra\u00dfe Junta de los R\u00edos) &#8211; Pe\u00f1a Nueva von Landstra\u00dfen Junta de los R\u00edos.<\/li>\r\n<li>Pe\u00f1a Nueva von Landstra\u00dfen Algar<\/li>\r\n<li>Pe\u00f1a Nueva-Vieja, von Landstra\u00dfen Romeral<\/li>\r\n<li>Pe\u00f1a Vieja von Landstra\u00dfen El Bosque<\/li>\r\n<li>Pe\u00f1a Vieja von El Santiscal<\/li>\r\n<li>Pe\u00f1a Vieja von La Presa del r\u00edo<\/li>\r\n<li>Pe\u00f1a Vieja von Camino de las Nieves<\/li>\r\n<\/ul>\r\n<p>[\/vc_column_text][\/vc_column][\/vc_row][vc_row][vc_column css_animation=&#8221;none&#8221; width=&#8221;1\/4&#8243;][vc_single_image image=&#8221;1738&#8243; img_size=&#8221;full&#8221;][\/vc_column][vc_column width=&#8221;3\/4&#8243;][vc_empty_space][vc_text_separator title=&#8221;Miradores dentro del Casco Antiguo&#8221; color=&#8221;custom&#8221;][vc_column_text]<\/p>\r\n<ul>\r\n<li><strong>Cabildo Platz Aussichtspunkt:<\/strong><\/li>\r\n<\/ul>\r\n<p style=\"text-align: justify;\">Von diesem Raum aus k\u00f6nnen wir nicht nur die imposante Architektur der Basilika und der Plaza del Cabildo betrachten, sondern auch das Tal des Flusses Guadalete mit seinen Obstg\u00e4rten und Ackerland, die Sierra de Dos Hermanas, die Sierra de la Sal und Enklaven wie Medina Sidonia bewundern.<\/p>\r\n<ul>\r\n<li><strong>Abades Aussichtspunkt:<\/strong><\/li>\r\n<\/ul>\r\n<p style=\"text-align: justify;\">Von hier aus k\u00f6nnen wir den Flusslauf des Flusses Guadalete durch eine der wichtigsten st\u00e4dtischen Zonen betrachten, zu denen die Unterstadt oder das Gebiet der Mar\u00eda Auxiliadora und die imposante Eisenbr\u00fccke San Miguel geh\u00f6rt.<\/p>\r\n<ul>\r\n<li><strong>San Agust\u00edn Aussichtspunkt: <\/strong><\/li>\r\n<\/ul>\r\n<p>Seine H\u00f6he erlaubt die Betrachtung eines der M\u00e4ander des Flusses Guadalete und der Berge von Barranco und Bornos. Von hier aus sehen wir auch den ummauerten Teil der Stadt (San Ant\u00f3n Turm),\u00a0 La Angostura, den Staudamm von Arcos und sogar die Stadt Villamartin.<\/p>\r\n<ul>\r\n<li><strong>Pe\u00f1a Vieja Aussichtspunkt<\/strong>:<\/li>\r\n<\/ul>\r\n<p>Die Lage des Aussichtspunkts unterhalb der Kirche San Agust\u00edn bietet einen guten Blick auf die typischen Bauten von Arcos de la Frontera und seine besondere Anpassung an die topographischen Gegebenheiten der Enklave, die ein Labyrinth steiler Stra\u00dfen mit herausragenden architektonischen Beispielen wie die Kirchen von San Pedro, San Agust\u00edn, Santa Mar\u00eda und das Schloss bilden.<\/p>\r\n<p>[\/vc_column_text][\/vc_column][\/vc_row][vc_row][vc_column][vc_separator color=&#8221;green&#8221;][\/vc_column][\/vc_row][vc_row][vc_column]<div class=\"title-center\"><div class=\"dt-title-wrapper section-title-big style-1\"><h2 class=\"section-title\">INNENH\u00d6FE<\/h2><svg class=\"zigzag\" version=\"1.1\" xmlns=\"http:\/\/www.w3.org\/2000\/svg\" xmlns:xlink=\"http:\/\/www.w3.org\/1999\/xlink\" preserveAspectRatio=\"xMidYMid meet\" viewBox=\"0 0 90 8\" width=\"90\" height=\"8\"><defs><path d=\"M90 8L82.5 0L75 8L67.5 0L60 8L52.5 0L45 8L37.5 0L30 8L22.5 0L15 8L7.5 0L0 8\" id=\"a6L8UcKib\"><\/path><\/defs><g><g><use xlink:href=\"#a6L8UcKib\" opacity=\"1\" fill-opacity=\"0\" stroke=\"#000000\" stroke-width=\"1\" stroke-opacity=\"1\"><\/use><\/g><\/g><\/svg><\/div><\/div>[\/vc_column][\/vc_row][vc_row][vc_column width=&#8221;1\/4&#8243;][vc_single_image image=&#8221;1746&#8243; img_size=&#8221;full&#8221;][\/vc_column][vc_column width=&#8221;3\/4&#8243;][vc_column_text]<\/p>\r\n<ul>\r\n<li><strong>Parador<\/strong> <strong>de Turismo Hof: <\/strong>Es ist ein sch\u00f6ner Innenhof mit B\u00f6gen, Brunnen und einheimischen Pflanzen.<\/li>\r\n<li><strong>Mayorazgo Palast Innenh\u00f6fe:<\/strong> Die H\u00f6fe des Mayorazgo Palastes sind andalusisch-arabischen Ursprungs. Es handelt sich um zwei H\u00f6fe mit halbrunden B\u00f6gen, von denen einer praktisch am Haupteingang und der andere intimer ist.<\/li>\r\n<li><strong>Private Innenh\u00f6fe: <\/strong>Viele H\u00e4user in der Altstadt von Arcos haben einen zentralen Innenhof. Ein gemeinsamer Punkt der popul\u00e4ren Architektur Andalusiens. Sie sind bunt, voller einheimischer Pflanzen und S\u00fc\u00dfwasserbrunnen.<\/li>\r\n<\/ul>\r\n<p>[\/vc_column_text][\/vc_column][\/vc_row][vc_row][vc_column][vc_separator color=&#8221;green&#8221;][\/vc_column][\/vc_row][vc_row][vc_column]<div class=\"title-center\"><div class=\"dt-title-wrapper section-title-big style-1\"><h2 class=\"section-title\">ARABISCH-ANDALUSISCHE GARTEN<\/h2><svg class=\"zigzag\" version=\"1.1\" xmlns=\"http:\/\/www.w3.org\/2000\/svg\" xmlns:xlink=\"http:\/\/www.w3.org\/1999\/xlink\" preserveAspectRatio=\"xMidYMid meet\" viewBox=\"0 0 90 8\" width=\"90\" height=\"8\"><defs><path d=\"M90 8L82.5 0L75 8L67.5 0L60 8L52.5 0L45 8L37.5 0L30 8L22.5 0L15 8L7.5 0L0 8\" id=\"a6L8UcKib\"><\/path><\/defs><g><g><use xlink:href=\"#a6L8UcKib\" opacity=\"1\" fill-opacity=\"0\" stroke=\"#000000\" stroke-width=\"1\" stroke-opacity=\"1\"><\/use><\/g><\/g><\/svg><\/div><\/div>[\/vc_column][\/vc_row][vc_row][vc_column][vc_column_text css=&#8221;&#8221;]<\/p>\r\n<p style=\"text-align: justify;\">Der andalusische Garten ist das Ergebnis einer Reform, die Anfang des vorigen Jahrhunderts im hinteren Teil des Palastes des B\u00fcrgermeisters, der fr\u00fcher seinen St\u00e4llen und Spielpl\u00e4tzen entsprach, durchgef\u00fchrt wurde. In diesem Raum finden wir die Verschmelzung zweier Elemente, die in der andalusischen Kultur und in unserer eigenen unentbehrlich sind: Wasser und Flora, die sich in der Umgebung, in der sie sich befinden, vereinen und uns in die Vergangenheit zur\u00fcckversetzen.<\/p>\r\n<p style=\"text-align: justify;\"><strong>BESUCHSZEITEN:<\/strong><\/p>\r\n<p style=\"text-align: justify;\"><span class=\"Y2IQFc\" lang=\"de\">Montag:\u00a0 \u00a0 \u00a0 \u00a0 \u00a0 \u00a0 \u00a0 \u00a0 \u00a0 \u00a0 \u00a0 \u00a0 \u00a0 \u00a0 \u00a0 \u00a0 \u00a0 \u00a09:00 bis 14:30 Uhr<\/span><\/p>\r\n<p style=\"text-align: justify;\"><span class=\"Y2IQFc\" lang=\"de\">Dienstag bis Fritag:\u00a0 \u00a0 \u00a0 \u00a0 \u00a0 \u00a0 \u00a0 \u00a09<\/span><span class=\"Y2IQFc\" lang=\"fr\">:00 bis 19:30 Uhr<\/span><\/p>\r\n<p>Samstag:\u00a0 \u00a0 \u00a0 \u00a0 \u00a0 \u00a0 \u00a0 \u00a0 \u00a0 \u00a0 \u00a0 \u00a0 \u00a0 \u00a0 \u00a0 \u00a0 \u00a0 10:00 bis 15:00 Uhr \/ 16:30 bis 19:30 Uhr<\/p>\r\n<p>Sonntag:\u00a0 \u00a0 \u00a0 \u00a0 \u00a0 \u00a0 \u00a0 \u00a0 \u00a0 \u00a0 \u00a0 \u00a0 \u00a0 \u00a0 \u00a0 \u00a0 \u00a0 10:00 bis 14:30 Uhr<\/p>\r\n<p>Frei<\/p>\r\n<p style=\"text-align: justify;\">Auskunft: Kulturamt der Stadt: Telefonnummer: +34 956 70 30 13 \/ cultura@arcosdelafrontera.es<\/p>\r\n<p>[\/vc_column_text]<div id=\"dt-gallery-ebf\" class=\"delicious-gallery-wrapper\" data-token=\"LPZ0v\"><ul class=\"delicious-gallery isotope dt-gallery is-grid dt-gap-20\"><li class=\"delicious-gallery-item  remove-grayscale\"><a class=\"not-link dt-lightbox-gallery\" title=\"Jard\u00edn Andalus\u00ed Arcos de la Frontera\" href=\"https:\/\/www.turismoarcos.es\/wp-content\/uploads\/2021\/03\/andalusi05.jpg\"><img loading=\"lazy\" decoding=\"async\" class=\"no-lazy\" src=\"https:\/\/www.turismoarcos.es\/wp-content\/uploads\/2021\/03\/andalusi05-490x380.jpg\" width=\"800\" height=\"533\" alt=\"Jard\u00edn Andalus\u00ed Arcos de la Frontera\" \/><div class=\"delicious-gallery-on-hover\"><span class=\"is-alt-text\">Jard\u00edn Andalus\u00ed Arcos de la Frontera<\/span><\/div><\/a><\/li><li class=\"delicious-gallery-item  remove-grayscale\"><a class=\"not-link dt-lightbox-gallery\" title=\"Jard\u00edn Andalus\u00ed Arcos de la Frontera\" href=\"https:\/\/www.turismoarcos.es\/wp-content\/uploads\/2021\/03\/andalusi04.jpg\"><img loading=\"lazy\" decoding=\"async\" class=\"no-lazy\" src=\"https:\/\/www.turismoarcos.es\/wp-content\/uploads\/2021\/03\/andalusi04-490x380.jpg\" width=\"533\" height=\"800\" alt=\"Jard\u00edn Andalus\u00ed Arcos de la Frontera\" \/><div class=\"delicious-gallery-on-hover\"><span class=\"is-alt-text\">Jard\u00edn Andalus\u00ed Arcos de la Frontera<\/span><\/div><\/a><\/li><li class=\"delicious-gallery-item  remove-grayscale\"><a class=\"not-link dt-lightbox-gallery\" title=\"Jard\u00edn Andalus\u00ed Arcos de la Frontera\" href=\"https:\/\/www.turismoarcos.es\/wp-content\/uploads\/2021\/03\/andalusi03.jpg\"><img loading=\"lazy\" decoding=\"async\" class=\"no-lazy\" src=\"https:\/\/www.turismoarcos.es\/wp-content\/uploads\/2021\/03\/andalusi03-490x380.jpg\" width=\"800\" height=\"533\" alt=\"Jard\u00edn Andalus\u00ed Arcos de la Frontera\" \/><div class=\"delicious-gallery-on-hover\"><span class=\"is-alt-text\">Jard\u00edn Andalus\u00ed Arcos de la Frontera<\/span><\/div><\/a><\/li><li class=\"delicious-gallery-item  remove-grayscale\"><a class=\"not-link dt-lightbox-gallery\" title=\"Jard\u00edn Andalus\u00ed Arcos de la Frontera\" href=\"https:\/\/www.turismoarcos.es\/wp-content\/uploads\/2021\/03\/andalusi02.jpg\"><img loading=\"lazy\" decoding=\"async\" class=\"no-lazy\" src=\"https:\/\/www.turismoarcos.es\/wp-content\/uploads\/2021\/03\/andalusi02-490x380.jpg\" width=\"800\" height=\"533\" alt=\"Jard\u00edn Andalus\u00ed Arcos de la Frontera\" \/><div class=\"delicious-gallery-on-hover\"><span class=\"is-alt-text\">Jard\u00edn Andalus\u00ed Arcos de la Frontera<\/span><\/div><\/a><\/li><li class=\"delicious-gallery-item  remove-grayscale\"><a class=\"not-link dt-lightbox-gallery\" title=\"Jard\u00edn Andalus\u00ed Arcos de la Frontera\" href=\"https:\/\/www.turismoarcos.es\/wp-content\/uploads\/2021\/03\/andalusi01.jpg\"><img loading=\"lazy\" decoding=\"async\" class=\"no-lazy\" src=\"https:\/\/www.turismoarcos.es\/wp-content\/uploads\/2021\/03\/andalusi01-490x380.jpg\" width=\"800\" height=\"533\" alt=\"Jard\u00edn Andalus\u00ed Arcos de la Frontera\" \/><div class=\"delicious-gallery-on-hover\"><span class=\"is-alt-text\">Jard\u00edn Andalus\u00ed Arcos de la Frontera<\/span><\/div><\/a><\/li><li class=\"delicious-gallery-item  remove-grayscale\"><a class=\"not-link dt-lightbox-gallery\" title=\"Jard\u00edn Andalus\u00ed Arcos de la Frontera\" href=\"https:\/\/www.turismoarcos.es\/wp-content\/uploads\/2021\/03\/andalusi06.jpg\"><img loading=\"lazy\" decoding=\"async\" class=\"no-lazy\" src=\"https:\/\/www.turismoarcos.es\/wp-content\/uploads\/2021\/03\/andalusi06-490x380.jpg\" width=\"800\" height=\"533\" alt=\"Jard\u00edn Andalus\u00ed Arcos de la Frontera\" \/><div class=\"delicious-gallery-on-hover\"><span class=\"is-alt-text\">Jard\u00edn Andalus\u00ed Arcos de la Frontera<\/span><\/div><\/a><\/li><\/ul><\/div>[\/vc_column][\/vc_row][vc_row][vc_column][vc_empty_space][vc_separator color=&#8221;green&#8221;][\/vc_column][\/vc_row][vc_row][vc_column width=&#8221;1\/4&#8243;][vc_single_image image=&#8221;1769&#8243; img_size=&#8221;full&#8221;][\/vc_column][vc_column width=&#8221;3\/4&#8243;]<div class=\"title-center\"><div class=\"dt-title-wrapper section-title-big style-1\"><h2 class=\"section-title\">HAUPT- UND KLEINEPL\u00c4TZE<\/h2><svg class=\"zigzag\" version=\"1.1\" xmlns=\"http:\/\/www.w3.org\/2000\/svg\" xmlns:xlink=\"http:\/\/www.w3.org\/1999\/xlink\" preserveAspectRatio=\"xMidYMid meet\" viewBox=\"0 0 90 8\" width=\"90\" height=\"8\"><defs><path d=\"M90 8L82.5 0L75 8L67.5 0L60 8L52.5 0L45 8L37.5 0L30 8L22.5 0L15 8L7.5 0L0 8\" id=\"a6L8UcKib\"><\/path><\/defs><g><g><use xlink:href=\"#a6L8UcKib\" opacity=\"1\" fill-opacity=\"0\" stroke=\"#000000\" stroke-width=\"1\" stroke-opacity=\"1\"><\/use><\/g><\/g><\/svg><\/div><\/div>[vc_column_text]<\/p>\r\n<ul>\r\n<li><strong><u>Cabildo Platz:<\/u><\/strong><\/li>\r\n<\/ul>\r\n<p style=\"text-align: justify;\">Die franz\u00f6sische Armee, bevor sie 1812 den Platz verlie\u00df, baute ihn fast vollst\u00e4ndig ab, und Geb\u00e4ude wie das Palasthaus von Gamaza (das den Ort einnahm, an dem heute der Parador steht), das Gerichtsschreiberhaus sowie die eingerahmte Struktur verschwanden. In 1838 wurde der Bau eines neuen Platzes in Auftrag gegeben, der 1847 abgeschlossen wurde.<\/p>\r\n<p style=\"text-align: justify;\">Ein gro\u00dfer Teil der Geschichte von Arcos geschah auf diesem Platz, wo Soldaten und Reiter trainierten, die Adeligen spielten,<\/p>\r\n<p style=\"text-align: justify;\">Stiere wurden gek\u00e4mpft, Autos sacramentales wurden gefeiert, dort wo morgens M\u00e4rkte, Feste zu Ehren des Schutzpatrons, usw.<\/p>\r\n<p style=\"text-align: justify;\">Ab 1608 beginnt das b\u00fcrgerliche Leben auf dem Platz und um ihn herum beginnen die H\u00e4user zu bauen.<\/p>\r\n<ul>\r\n<li><strong><u>Boticas Platz:<\/u><\/strong><\/li>\r\n<\/ul>\r\n<p style=\"text-align: justify;\">Darin befindet sich die unvollendete Kirche der Jesuiten, ein Geb\u00e4ude, dessen Bau im Jahre 1759 begann, aber nach der Vertreibung der Jesuiten acht Jahre sp\u00e4ter unvollendet blieb.<\/p>\r\n<ul style=\"text-align: justify;\">\r\n<li><strong><u>Cananeo Platz:<\/u><\/strong><\/li>\r\n<\/ul>\r\n<p style=\"text-align: justify;\">Auf dem Cananeo Platz waren die Autos Sacramentales (religi\u00f6ses Drama) vertreten.\u00a0 Auf diesem Platz steht ein Haus, das von einem Malta-Kreuz gekr\u00f6nt ist. Dieser kleine Platz hat noch den Stil des alten Arcos.<\/p>\r\n<p>[\/vc_column_text][\/vc_column][\/vc_row][vc_row][vc_column][vc_empty_space][vc_separator color=&#8221;green&#8221;]<div class=\"title-center\"><div class=\"dt-title-wrapper section-title-big style-1\"><h2 class=\"section-title\">STRA\u00dfEN UND GASSEN<\/h2><svg class=\"zigzag\" version=\"1.1\" xmlns=\"http:\/\/www.w3.org\/2000\/svg\" xmlns:xlink=\"http:\/\/www.w3.org\/1999\/xlink\" preserveAspectRatio=\"xMidYMid meet\" viewBox=\"0 0 90 8\" width=\"90\" height=\"8\"><defs><path d=\"M90 8L82.5 0L75 8L67.5 0L60 8L52.5 0L45 8L37.5 0L30 8L22.5 0L15 8L7.5 0L0 8\" id=\"a6L8UcKib\"><\/path><\/defs><g><g><use xlink:href=\"#a6L8UcKib\" opacity=\"1\" fill-opacity=\"0\" stroke=\"#000000\" stroke-width=\"1\" stroke-opacity=\"1\"><\/use><\/g><\/g><\/svg><\/div><\/div>[vc_column_text]<\/p>\r\n<p style=\"text-align: justify;\">Laut Gonz\u00e1lez-Ruano sind die Strassen von Arcos ein grossartiges Mustertuch ganz Andalusiens, weshalb die Entdeckung der Altstadt einige Zeit in Anspruch nimmt. Mehrere Viertel aus verschiedenen Jahrhunderten lebten in diesen Stra\u00dfen, Araber und j\u00fcdische Ecken mischen sich mit anderen Renaissance-, 18. Jahrhundert-Stil und Romantik.<\/p>\r\n<p style=\"text-align: justify;\">Es gibt auch, wie die Br\u00fcder De las Cuevas uns erinnern, ein immaterielles St\u00fcck aus dem 16. und 17.\u00a0 Das ist das Arcos der<\/p>\r\n<p style=\"text-align: justify;\">Ritter, das von den gro\u00dfen und gew\u00f6lbten H\u00e4usern, aus dem Fundament genommen und geschnitzt. Besuchen Sie es, verstehen Sie die Hidalgo, ber\u00fcchtigten Adel, kultiviert und in H\u00fclle und F\u00fclle deponiert, die verdienten Wappen, die die Fassade pr\u00e4gen.<\/p>\r\n<p>[\/vc_column_text][\/vc_column][\/vc_row][vc_row][vc_column width=&#8221;1\/4&#8243;]<div id=\"dt-gallery-fdf\" class=\"delicious-gallery-wrapper\" data-token=\"5IhrB\"><ul class=\"delicious-gallery isotope dt-gallery is-grid dt-gap-20\"><li class=\"delicious-gallery-item  remove-grayscale\"><img loading=\"lazy\" decoding=\"async\" class=\"no-lazy\" src=\"https:\/\/www.turismoarcos.es\/wp-content\/uploads\/2021\/09\/FOTO-CALLEJON-DE-LAS-MONJAS-490x380.jpg\" width=\"400\" height=\"600\" alt=\"Calles Arcos de la Frontera\" \/><\/li><li class=\"delicious-gallery-item  remove-grayscale\"><img loading=\"lazy\" decoding=\"async\" class=\"no-lazy\" src=\"https:\/\/www.turismoarcos.es\/wp-content\/uploads\/2021\/09\/CALLE-NUEVA-I-490x380.jpg\" width=\"450\" height=\"600\" alt=\"\" \/><\/li><li class=\"delicious-gallery-item  remove-grayscale\"><img loading=\"lazy\" decoding=\"async\" class=\"no-lazy\" src=\"https:\/\/www.turismoarcos.es\/wp-content\/uploads\/2021\/09\/CALLE-MALDONADO-490x380.jpg\" width=\"400\" height=\"600\" alt=\"\" \/><\/li><li class=\"delicious-gallery-item  remove-grayscale\"><img loading=\"lazy\" decoding=\"async\" class=\"no-lazy\" src=\"https:\/\/www.turismoarcos.es\/wp-content\/uploads\/2021\/09\/CALLE-CUNA-490x380.jpg\" width=\"400\" height=\"600\" alt=\"Calles Arcos de la Frontera\" \/><\/li><li class=\"delicious-gallery-item  remove-grayscale\"><img loading=\"lazy\" decoding=\"async\" class=\"no-lazy\" src=\"https:\/\/www.turismoarcos.es\/wp-content\/uploads\/2021\/09\/calles_006-490x380.jpg\" width=\"600\" height=\"900\" alt=\"\" \/><\/li><li class=\"delicious-gallery-item  remove-grayscale\"><img loading=\"lazy\" decoding=\"async\" class=\"no-lazy\" src=\"https:\/\/www.turismoarcos.es\/wp-content\/uploads\/2021\/09\/calles_008-490x380.jpg\" width=\"600\" height=\"900\" alt=\"\" \/><\/li><\/ul><\/div>[\/vc_column][vc_column width=&#8221;3\/4&#8243;][vc_column_text]<\/p>\r\n<ul>\r\n<li style=\"text-align: justify;\"><strong><u>Cuesta de Bel\u00e9n (das alte Jerez-Stadttor): <\/u><\/strong><\/li>\r\n<\/ul>\r\n<p style=\"text-align: justify;\">Diese Stra\u00dfe verdankt ihren Namen dem spitz zulaufenden Bild einer Jungfrau aus dem f\u00fcnfzehnten Jahrhundert, das sich in einer Nische auf der Innenseite des zerst\u00f6rten alten Stadttores befand. Auf dieser Stra\u00dfe, in der N\u00e4he des Krankenhauses von San Juan de Dios, befand sich eines der drei Stadttore aus der maurischen Zeit mit drei B\u00f6gen, einer doppelten dicken Befestigungsmauer, einem Barbakan, einem Wassergraben und einer Zugbr\u00fccke.\u00a0 Auf dem Sturz das Wappen von Arcos (heute an der Fassade des Rathauses).\u00a0 In 1852 wurde dieses Tor unter dem Vorwand der Unterbrechung einer gewundenen Stra\u00dfe abgerissen; einige K\u00fcnstler waren Zeuge des Abrisses (Madrazo, Parcerissa) und bezeichneten es aus gutem Grund als Vandalismus.<\/p>\r\n<ul style=\"text-align: justify;\">\r\n<li><strong><u>Nueva Stra\u00dfe:<\/u><\/strong><\/li>\r\n<\/ul>\r\n<p style=\"text-align: justify;\">Es war der antike Burggraben, bis 1755 das Erdbeben von Lissabon die Nordwand niederschlug und zur Entstehung dieser Stra\u00dfe f\u00fchrte.\u00a0 Der Torbogen der Stra\u00dfe wurde 1684 gebaut. Tief poetisch: Hier wurde 1949 die ber\u00fchmte poetische Gruppe &#8220;Alcarav\u00e1n&#8221; gegr\u00fcndet.<\/p>\r\n<ul style=\"text-align: justify;\">\r\n<li><strong><u>Callej\u00f3n de las Monjas (Die Gasse der Nonnen):<\/u><\/strong><\/li>\r\n<\/ul>\r\n<p style=\"text-align: justify;\">Tiefe Gasse zwischen dem Kloster der Menschwerdung und der R\u00fcckseite der Minor Basilika Santa Mar\u00eda.<\/p>\r\n<ul style=\"text-align: justify;\">\r\n<li><strong><u>Maldonado Stra\u00dfe:<\/u><\/strong><\/li>\r\n<\/ul>\r\n<p style=\"text-align: justify;\">Es lohnt sich, entlang dieser Stra\u00dfen voller Lokalkolorit zu gehen. Darin befinden sich mehrere Adelsh\u00e4user.<\/p>\r\n<ul style=\"text-align: justify;\">\r\n<li><strong><u>Cuesta del Socorro<\/u><\/strong>:<\/li>\r\n<\/ul>\r\n<p style=\"text-align: justify;\">Es wurde so genannt, weil es dort eine Einsiedelei gab, die der Jungfrau von El Socorro geweiht war,<\/p>\r\n<p style=\"text-align: justify;\">die heute verschwunden ist.\u00a0 Es ist ein malerischer und steiler Abhang, der \u00dcberraschungen wie den Balkon um die Ecke gegen\u00fcber der Cadenas Stra\u00dfe versteckt.\u00a0 Durch diese Stra\u00dfe werden Sie wie Pio Baroja zu &#8220;einsamen Stra\u00dfen wei\u00dfe H\u00e4user mit Gittern&#8230;&#8221; kommen.<\/p>\r\n<ul style=\"text-align: justify;\">\r\n<li><strong><u>Juan de Cuenca Stra\u00dfe:<\/u><\/strong><\/li>\r\n<\/ul>\r\n<p style=\"text-align: justify;\">Diese Stra\u00dfe ist bekannt als die Stra\u00dfe der Jasminen. Es gibt eine Villa mit Wappen, die Juan de Cuenca y Farf\u00e1n de los Godos geh\u00f6rte. Wenn wir die Stra\u00dfe hinuntergehen, finden wir das urspr\u00fcngliche Adelsgeschlecht der Marquises de Torresoto, wo eines der drei gro\u00dfen Treffen in Arcos im Jahre 1861 gefeiert wurde. Und schlie\u00dflich finden wir eine sch\u00f6ne blaue Kachel des heiligen Joseph aus dem 18. Jahrhundert.<\/p>\r\n<ul style=\"text-align: justify;\">\r\n<li><strong><u>Cadenas Stra\u00dfe: <\/u><\/strong><\/li>\r\n<\/ul>\r\n<p style=\"text-align: justify;\">Cadenas (Ketten) Stra\u00dfe nahm seinen Namen von den Ketten, die in den Eingang des Hauses von Yuste de la Torre als Erinnerung an den Besuch und Aufenthalt von Sancho IV gesetzt wurden.<\/p>\r\n<ul style=\"text-align: justify;\">\r\n<li><strong><u>Cuna (Wiege) Stra\u00dfe:<\/u><\/strong><\/li>\r\n<\/ul>\r\n<p style=\"text-align: justify;\">So genannt, weil es den Eingang der Stiftung f\u00fcr verlassene Kinder beinhaltet. In dieser Stra\u00dfe befand sich der alte Getreidespeicher, der von den katholischen K\u00f6nigen errichtet wurde.\u00a0 Die Stra\u00dfe wurde von M. Utrillo ausgew\u00e4hlt, um sie im &#8220;Spanischen Dorf&#8221; von Barcelona zu reproduzieren.<\/p>\r\n<ul style=\"text-align: justify;\">\r\n<li><strong><u>Callejas Stra\u00dfe:<\/u><\/strong><\/li>\r\n<\/ul>\r\n<p style=\"text-align: justify;\">\u00a0Eine gewundene Stra\u00dfe, die zum Matrera Stadttor f\u00fchrt.<\/p>\r\n<p style=\"text-align: justify;\">Und viele andere Stra\u00dfen und Gassen, die das Wesen dieser wei\u00dfen Stadt bewahren: Piedra del Molino Stra\u00dfe, Altozano Stra\u00dfe, San Juan Stra\u00dfe, Cuesta de las Monjas&#8230;<\/p>\r\n<p>[\/vc_column_text][\/vc_column][\/vc_row]<\/p><\/div>","protected":false},"excerpt":{"rendered":"<p>[vc_row full_width=&#8221;stretch_row&#8221; rtl_reverse=&#8221;yes&#8221; parallax=&#8221;content-moving&#8221; parallax_image=&#8221;1718&#8243; css=&#8221;.vc_custom_1616493982341{padding-top: 300px !important;padding-bottom: 150px !important;}&#8221;][vc_column css=&#8221;.vc_custom_1632217333059{padding-top: 0px !important;}&#8221;][vc_row_inner][vc_column_inner width=&#8221;1\/4&#8243;][\/vc_column_inner][vc_column_inner width=&#8221;1\/2&#8243; dt_animation=&#8221;wow fadeInUp&#8221; css=&#8221;.vc_custom_1616071931749{padding-top:&#8230; <a class=\"excerpt-read-more\" href=\"https:\/\/www.turismoarcos.es\/de\/rincones-y-miradores\/\"><span>Read More<\/span><\/a><\/p>\n","protected":false},"author":1,"featured_media":0,"parent":0,"menu_order":0,"comment_status":"closed","ping_status":"closed","template":"","meta":{"footnotes":""},"class_list":["post-6073","page","type-page","status-publish","hentry"],"_links":{"self":[{"href":"https:\/\/www.turismoarcos.es\/de\/wp-json\/wp\/v2\/pages\/6073","targetHints":{"allow":["GET"]}}],"collection":[{"href":"https:\/\/www.turismoarcos.es\/de\/wp-json\/wp\/v2\/pages"}],"about":[{"href":"https:\/\/www.turismoarcos.es\/de\/wp-json\/wp\/v2\/types\/page"}],"author":[{"embeddable":true,"href":"https:\/\/www.turismoarcos.es\/de\/wp-json\/wp\/v2\/users\/1"}],"replies":[{"embeddable":true,"href":"https:\/\/www.turismoarcos.es\/de\/wp-json\/wp\/v2\/comments?post=6073"}],"version-history":[{"count":27,"href":"https:\/\/www.turismoarcos.es\/de\/wp-json\/wp\/v2\/pages\/6073\/revisions"}],"predecessor-version":[{"id":17878,"href":"https:\/\/www.turismoarcos.es\/de\/wp-json\/wp\/v2\/pages\/6073\/revisions\/17878"}],"wp:attachment":[{"href":"https:\/\/www.turismoarcos.es\/de\/wp-json\/wp\/v2\/media?parent=6073"}],"curies":[{"name":"wp","href":"https:\/\/api.w.org\/{rel}","templated":true}]}}