{"id":6019,"date":"2021-03-18T09:21:38","date_gmt":"2021-03-18T09:21:38","guid":{"rendered":"https:\/\/www.turismoarcos.es\/clima-y-datos-de-interes\/"},"modified":"2021-11-03T09:25:06","modified_gmt":"2021-11-03T08:25:06","slug":"clima-y-datos-de-interes","status":"publish","type":"page","link":"https:\/\/www.turismoarcos.es\/en\/clima-y-datos-de-interes\/","title":{"rendered":"Clima y datos de inter\u00e9s"},"content":{"rendered":"<div class=\"wpb-content-wrapper\"><p>[vc_row full_width=&#8221;stretch_row&#8221; parallax=&#8221;content-moving-fade&#8221; parallax_image=&#8221;1238&#8243; el_id=&#8221;about-us&#8221; dt_color=&#8221;#4dbb67&#8243; dt_color_opacity=&#8221;70&#8243; css=&#8221;.vc_custom_1631865898283{padding-top: 300px !important;padding-bottom: 90px !important;}&#8221;][vc_column width=&#8221;1\/6&#8243;][\/vc_column][vc_column width=&#8221;2\/3&#8243; dt_animation=&#8221;wow fadeInUp&#8221; dt_animation_delay=&#8221;0.3&#8243;]<div class=\"title-center\"><div class=\"dt-title-wrapper section-title-big style-1\"><h2 class=\"section-title\">Climate and data of interest<\/h2><svg class=\"zigzag\" version=\"1.1\" xmlns=\"http:\/\/www.w3.org\/2000\/svg\" xmlns:xlink=\"http:\/\/www.w3.org\/1999\/xlink\" preserveAspectRatio=\"xMidYMid meet\" viewBox=\"0 0 90 8\" width=\"90\" height=\"8\"><defs><path d=\"M90 8L82.5 0L75 8L67.5 0L60 8L52.5 0L45 8L37.5 0L30 8L22.5 0L15 8L7.5 0L0 8\" id=\"a6L8UcKib\"><\/path><\/defs><g><g><use xlink:href=\"#a6L8UcKib\" opacity=\"1\" fill-opacity=\"0\" stroke=\"#000000\" stroke-width=\"1\" stroke-opacity=\"1\"><\/use><\/g><\/g><\/svg><\/div><\/div>[\/vc_column][vc_column width=&#8221;1\/6&#8243;][\/vc_column][\/vc_row][vc_row full_width=&#8221;stretch_row_content&#8221; equal_height=&#8221;yes&#8221;][vc_column width=&#8221;1\/2&#8243; css=&#8221;.vc_custom_1615989372081{padding-top: 70px !important;padding-bottom: 0px !important;background-position: center !important;background-repeat: no-repeat !important;background-size: cover !important;}&#8221;][vc_single_image image=&#8221;2304&#8243; img_size=&#8221;large&#8221;][vc_single_image image=&#8221;2072&#8243; img_size=&#8221;full&#8221;][\/vc_column][vc_column width=&#8221;1\/2&#8243; dt_animation=&#8221;wow fadeInUp&#8221; css=&#8221;.vc_custom_1497331211586{padding-top: 100px !important;padding-right: 80px !important;padding-bottom: 80px !important;padding-left: 80px !important;background-color: #fafafa !important;}&#8221; dt_animation_delay=&#8221;0.3&#8243;]<div class=\"title-center\"><div class=\"dt-title-wrapper section-title-big style-1\"><h2 class=\"section-title\">3000 hours of sunshine per year<\/h2><svg class=\"zigzag\" version=\"1.1\" xmlns=\"http:\/\/www.w3.org\/2000\/svg\" xmlns:xlink=\"http:\/\/www.w3.org\/1999\/xlink\" preserveAspectRatio=\"xMidYMid meet\" viewBox=\"0 0 90 8\" width=\"90\" height=\"8\"><defs><path d=\"M90 8L82.5 0L75 8L67.5 0L60 8L52.5 0L45 8L37.5 0L30 8L22.5 0L15 8L7.5 0L0 8\" id=\"a6L8UcKib\"><\/path><\/defs><g><g><use xlink:href=\"#a6L8UcKib\" opacity=\"1\" fill-opacity=\"0\" stroke=\"#000000\" stroke-width=\"1\" stroke-opacity=\"1\"><\/use><\/g><\/g><\/svg><\/div><\/div>[vc_column_text]<\/p>\n<p style=\"text-align: justify;\">Arcos is located in the northeast of the province of C\u00e1diz. Its area covers 525.4 square kilometers. Its geographical location is as follows: 36\u00ba44&#8217;33 \u201dnorth latitude and 2\u00ba07\u2019074\u201d west longitude.<\/p>\n<p style=\"text-align: justify;\">In Arcos the central Courts of the following localities are located: Algar, Alcal\u00e1 del Valle, Algodonales, Espera, El Gastor, Olvera, Setenil, Puerto Serrano, Torre Alh\u00e1quime and Villamart\u00edn.<\/p>\n<p style=\"text-align: justify;\">There are more than 30,000 inhabitants that are distributed throughout the city center and its various rural towns. The average temperature is 18\u00ba. The maximum temperatures oscillate between 38 and 43\u00ba and the minimum between 6 and 14\u00ba.<\/p>\n<p style=\"text-align: justify;\">Arcos is the typical mountain town. It rises on a series of cliffs on the right bank of the Guadalete river and in a wide meander it forms this river in its middle course.<\/p>\n<p style=\"text-align: justify;\">Its more than three thousand hours of sunshine a year together with its outstanding beauty make Arcos the ideal place to rest.<\/p>\n<p>[\/vc_column_text][vc_empty_space height=&#8221;40px&#8221;][vc_widget_sidebar sidebar_id=&#8221;cs-1&#8243;][\/vc_column][\/vc_row][vc_row full_width=&#8221;stretch_row&#8221; css=&#8221;.vc_custom_1497330579291{padding-top: 30px !important;padding-bottom: 35px !important;background-color: #ededed !important;}&#8221;][vc_column width=&#8221;1\/12&#8243;][\/vc_column][vc_column width=&#8221;7\/12&#8243;][vc_custom_heading text=&#8221;Do you have any doubt?&#8221; font_container=&#8221;tag:p|font_size:36px|text_align:left|color:%23323232|line_height:42px&#8221; use_theme_fonts=&#8221;yes&#8221; css_animation=&#8221;fadeInUp&#8221;][\/vc_column][vc_column css_animation=&#8221;none&#8221; width=&#8221;3\/12&#8243; dt_animation=&#8221;wow fadeInUp&#8221; dt_animation_delay=&#8221;0.4&#8243;]<div class=\"button-right\"><a  class=\"dt-button green  round  dt-icon-left\" href=\"#\"><i class=\"fa fa-paper-plane-o\"><\/i>CONTACT FORM<\/a><\/div>[\/vc_column][vc_column width=&#8221;1\/12&#8243;][\/vc_column][\/vc_row]<\/p>\n<\/div>","protected":false},"excerpt":{"rendered":"<p>[vc_row full_width=&#8221;stretch_row&#8221; parallax=&#8221;content-moving-fade&#8221; parallax_image=&#8221;1238&#8243; el_id=&#8221;about-us&#8221; dt_color=&#8221;#4dbb67&#8243; dt_color_opacity=&#8221;70&#8243; css=&#8221;.vc_custom_1631865898283{padding-top: 300px !important;padding-bottom: 90px !important;}&#8221;][vc_column width=&#8221;1\/6&#8243;][\/vc_column][vc_column width=&#8221;2\/3&#8243; dt_animation=&#8221;wow fadeInUp&#8221; dt_animation_delay=&#8221;0.3&#8243;][\/vc_column][vc_column width=&#8221;1\/6&#8243;][\/vc_column][\/vc_row][vc_row&#8230; <a class=\"excerpt-read-more\" href=\"https:\/\/www.turismoarcos.es\/en\/clima-y-datos-de-interes\/\"><span>Read More<\/span><\/a><\/p>\n","protected":false},"author":1,"featured_media":0,"parent":0,"menu_order":0,"comment_status":"closed","ping_status":"closed","template":"","meta":{"footnotes":""},"class_list":["post-6019","page","type-page","status-publish","hentry"],"_links":{"self":[{"href":"https:\/\/www.turismoarcos.es\/en\/wp-json\/wp\/v2\/pages\/6019","targetHints":{"allow":["GET"]}}],"collection":[{"href":"https:\/\/www.turismoarcos.es\/en\/wp-json\/wp\/v2\/pages"}],"about":[{"href":"https:\/\/www.turismoarcos.es\/en\/wp-json\/wp\/v2\/types\/page"}],"author":[{"embeddable":true,"href":"https:\/\/www.turismoarcos.es\/en\/wp-json\/wp\/v2\/users\/1"}],"replies":[{"embeddable":true,"href":"https:\/\/www.turismoarcos.es\/en\/wp-json\/wp\/v2\/comments?post=6019"}],"version-history":[{"count":2,"href":"https:\/\/www.turismoarcos.es\/en\/wp-json\/wp\/v2\/pages\/6019\/revisions"}],"predecessor-version":[{"id":6022,"href":"https:\/\/www.turismoarcos.es\/en\/wp-json\/wp\/v2\/pages\/6019\/revisions\/6022"}],"wp:attachment":[{"href":"https:\/\/www.turismoarcos.es\/en\/wp-json\/wp\/v2\/media?parent=6019"}],"curies":[{"name":"wp","href":"https:\/\/api.w.org\/{rel}","templated":true}]}}