{"id":6121,"date":"2021-03-18T13:13:14","date_gmt":"2021-03-18T13:13:14","guid":{"rendered":"https:\/\/www.turismoarcos.es\/iglesia-de-san-pedro\/"},"modified":"2026-01-19T11:19:48","modified_gmt":"2026-01-19T10:19:48","slug":"iglesia-de-san-pedro","status":"publish","type":"page","link":"https:\/\/www.turismoarcos.es\/en\/iglesia-de-san-pedro\/","title":{"rendered":"Iglesia de San Pedro"},"content":{"rendered":"<div class=\"wpb-content-wrapper\">[vc_row full_width=&#8221;stretch_row&#8221; parallax=&#8221;content-moving-fade&#8221; parallax_image=&#8221;1837&#8243; el_id=&#8221;about-us&#8221; dt_color=&#8221;#abd8a6&#8243; dt_color_opacity=&#8221;70&#8243; css=&#8221;.vc_custom_1617784916887{padding-top: 300px !important;padding-bottom: 90px !important;}&#8221;][vc_column width=&#8221;1\/6&#8243;][\/vc_column][vc_column width=&#8221;2\/3&#8243; dt_animation=&#8221;wow fadeInUp&#8221; dt_animation_delay=&#8221;0.3&#8243;]<div class=\"title-center\"><div class=\"dt-title-wrapper section-title-big style-1\"><h2 class=\"section-title\">Iglesia de San Pedro<\/h2><svg class=\"zigzag\" version=\"1.1\" xmlns=\"http:\/\/www.w3.org\/2000\/svg\" xmlns:xlink=\"http:\/\/www.w3.org\/1999\/xlink\" preserveAspectRatio=\"xMidYMid meet\" viewBox=\"0 0 90 8\" width=\"90\" height=\"8\"><defs><path d=\"M90 8L82.5 0L75 8L67.5 0L60 8L52.5 0L45 8L37.5 0L30 8L22.5 0L15 8L7.5 0L0 8\" id=\"a6L8UcKib\"><\/path><\/defs><g><g><use xlink:href=\"#a6L8UcKib\" opacity=\"1\" fill-opacity=\"0\" stroke=\"#000000\" stroke-width=\"1\" stroke-opacity=\"1\"><\/use><\/g><\/g><\/svg><\/div><\/div>[\/vc_column][vc_column width=&#8221;1\/6&#8243;][\/vc_column][\/vc_row][vc_row][vc_column][vc_column_text][\/vc_column_text][\/vc_column][\/vc_row][vc_row full_width=&#8221;stretch_row_content&#8221; equal_height=&#8221;yes&#8221;][vc_column width=&#8221;1\/2&#8243; css=&#8221;.vc_custom_1616057344094{padding-top: 0px !important;padding-bottom: 0px !important;background-position: center !important;background-repeat: no-repeat !important;background-size: cover !important;}&#8221;]<div id=\"dt-gallery-bdd\" class=\"delicious-gallery-wrapper\" data-token=\"AQIwo\"><ul class=\"delicious-gallery isotope dt-gallery is-grid dt-gap-20\"><li class=\"delicious-gallery-item  remove-grayscale\"><a class=\"not-link dt-lightbox-gallery\" title=\"\" href=\"https:\/\/www.turismoarcos.es\/wp-content\/uploads\/2021\/03\/san-pedro4.jpg\"><img loading=\"lazy\" decoding=\"async\" class=\"no-lazy\" src=\"https:\/\/www.turismoarcos.es\/wp-content\/uploads\/2021\/03\/san-pedro4-490x380.jpg\" width=\"533\" height=\"800\" alt=\"\" \/><div class=\"delicious-gallery-on-hover\"><svg version=\"1.1\" x=\"0px\" y=\"0px\" viewBox=\"0 0 100 125\"><g transform=\"translate(0,-952.36218)\"><path style=\"font-size:medium;font-style:normal;font-variant:normal;font-weight:normal;font-stretch:normal;text-indent:0;text-align:start;text-decoration:none;line-height:normal;letter-spacing:normal;word-spacing:normal;text-transform:none;direction:ltr;block-progression:tb;writing-mode:lr-tb;text-anchor:start;baseline-shift:baseline;opacity:1;color:#000000;fill:#000000;fill-opacity:1;stroke:none;stroke-width:2;marker:none;visibility:visible;display:inline;overflow:visible;enable-background:accumulate;font-family:Sans;-inkscape-font-specification:Sans\" d=\"M 49.875 6.96875 A 1.0001 1.0001 0 0 0 49 8 L 49 49 L 8 49 A 1.0001 1.0001 0 0 0 7.8125 49 A 1.0043849 1.0043849 0 0 0 8 51 L 49 51 L 49 92 A 1.0001 1.0001 0 1 0 51 92 L 51 51 L 92 51 A 1.0001 1.0001 0 1 0 92 49 L 51 49 L 51 8 A 1.0001 1.0001 0 0 0 49.875 6.96875 z \" transform=\"translate(0,952.36218)\"\/><\/g><\/svg><\/div><\/a><\/li><li class=\"delicious-gallery-item  remove-grayscale\"><a class=\"not-link dt-lightbox-gallery\" title=\"\" href=\"https:\/\/www.turismoarcos.es\/wp-content\/uploads\/2021\/03\/san-pedro3.jpg\"><img loading=\"lazy\" decoding=\"async\" class=\"no-lazy\" src=\"https:\/\/www.turismoarcos.es\/wp-content\/uploads\/2021\/03\/san-pedro3-490x380.jpg\" width=\"533\" height=\"800\" alt=\"\" \/><div class=\"delicious-gallery-on-hover\"><svg version=\"1.1\" x=\"0px\" y=\"0px\" viewBox=\"0 0 100 125\"><g transform=\"translate(0,-952.36218)\"><path style=\"font-size:medium;font-style:normal;font-variant:normal;font-weight:normal;font-stretch:normal;text-indent:0;text-align:start;text-decoration:none;line-height:normal;letter-spacing:normal;word-spacing:normal;text-transform:none;direction:ltr;block-progression:tb;writing-mode:lr-tb;text-anchor:start;baseline-shift:baseline;opacity:1;color:#000000;fill:#000000;fill-opacity:1;stroke:none;stroke-width:2;marker:none;visibility:visible;display:inline;overflow:visible;enable-background:accumulate;font-family:Sans;-inkscape-font-specification:Sans\" d=\"M 49.875 6.96875 A 1.0001 1.0001 0 0 0 49 8 L 49 49 L 8 49 A 1.0001 1.0001 0 0 0 7.8125 49 A 1.0043849 1.0043849 0 0 0 8 51 L 49 51 L 49 92 A 1.0001 1.0001 0 1 0 51 92 L 51 51 L 92 51 A 1.0001 1.0001 0 1 0 92 49 L 51 49 L 51 8 A 1.0001 1.0001 0 0 0 49.875 6.96875 z \" transform=\"translate(0,952.36218)\"\/><\/g><\/svg><\/div><\/a><\/li><li class=\"delicious-gallery-item  remove-grayscale\"><a class=\"not-link dt-lightbox-gallery\" title=\"\" href=\"https:\/\/www.turismoarcos.es\/wp-content\/uploads\/2021\/03\/san-pedro2.jpg\"><img loading=\"lazy\" decoding=\"async\" class=\"no-lazy\" src=\"https:\/\/www.turismoarcos.es\/wp-content\/uploads\/2021\/03\/san-pedro2-490x380.jpg\" width=\"800\" height=\"533\" alt=\"\" \/><div class=\"delicious-gallery-on-hover\"><svg version=\"1.1\" x=\"0px\" y=\"0px\" viewBox=\"0 0 100 125\"><g transform=\"translate(0,-952.36218)\"><path style=\"font-size:medium;font-style:normal;font-variant:normal;font-weight:normal;font-stretch:normal;text-indent:0;text-align:start;text-decoration:none;line-height:normal;letter-spacing:normal;word-spacing:normal;text-transform:none;direction:ltr;block-progression:tb;writing-mode:lr-tb;text-anchor:start;baseline-shift:baseline;opacity:1;color:#000000;fill:#000000;fill-opacity:1;stroke:none;stroke-width:2;marker:none;visibility:visible;display:inline;overflow:visible;enable-background:accumulate;font-family:Sans;-inkscape-font-specification:Sans\" d=\"M 49.875 6.96875 A 1.0001 1.0001 0 0 0 49 8 L 49 49 L 8 49 A 1.0001 1.0001 0 0 0 7.8125 49 A 1.0043849 1.0043849 0 0 0 8 51 L 49 51 L 49 92 A 1.0001 1.0001 0 1 0 51 92 L 51 51 L 92 51 A 1.0001 1.0001 0 1 0 92 49 L 51 49 L 51 8 A 1.0001 1.0001 0 0 0 49.875 6.96875 z \" transform=\"translate(0,952.36218)\"\/><\/g><\/svg><\/div><\/a><\/li><li class=\"delicious-gallery-item  remove-grayscale\"><a class=\"not-link dt-lightbox-gallery\" title=\"\" href=\"https:\/\/www.turismoarcos.es\/wp-content\/uploads\/2021\/03\/san-pedro1.jpg\"><img loading=\"lazy\" decoding=\"async\" class=\"no-lazy\" src=\"https:\/\/www.turismoarcos.es\/wp-content\/uploads\/2021\/03\/san-pedro1-490x380.jpg\" width=\"800\" height=\"533\" alt=\"\" \/><div class=\"delicious-gallery-on-hover\"><svg version=\"1.1\" x=\"0px\" y=\"0px\" viewBox=\"0 0 100 125\"><g transform=\"translate(0,-952.36218)\"><path style=\"font-size:medium;font-style:normal;font-variant:normal;font-weight:normal;font-stretch:normal;text-indent:0;text-align:start;text-decoration:none;line-height:normal;letter-spacing:normal;word-spacing:normal;text-transform:none;direction:ltr;block-progression:tb;writing-mode:lr-tb;text-anchor:start;baseline-shift:baseline;opacity:1;color:#000000;fill:#000000;fill-opacity:1;stroke:none;stroke-width:2;marker:none;visibility:visible;display:inline;overflow:visible;enable-background:accumulate;font-family:Sans;-inkscape-font-specification:Sans\" d=\"M 49.875 6.96875 A 1.0001 1.0001 0 0 0 49 8 L 49 49 L 8 49 A 1.0001 1.0001 0 0 0 7.8125 49 A 1.0043849 1.0043849 0 0 0 8 51 L 49 51 L 49 92 A 1.0001 1.0001 0 1 0 51 92 L 51 51 L 92 51 A 1.0001 1.0001 0 1 0 92 49 L 51 49 L 51 8 A 1.0001 1.0001 0 0 0 49.875 6.96875 z \" transform=\"translate(0,952.36218)\"\/><\/g><\/svg><\/div><\/a><\/li><li class=\"delicious-gallery-item  remove-grayscale\"><a class=\"not-link dt-lightbox-gallery\" title=\"\" href=\"https:\/\/www.turismoarcos.es\/wp-content\/uploads\/2021\/03\/san-pedro6.jpg\"><img loading=\"lazy\" decoding=\"async\" class=\"no-lazy\" src=\"https:\/\/www.turismoarcos.es\/wp-content\/uploads\/2021\/03\/san-pedro6-490x380.jpg\" width=\"533\" height=\"800\" alt=\"\" \/><div class=\"delicious-gallery-on-hover\"><svg version=\"1.1\" x=\"0px\" y=\"0px\" viewBox=\"0 0 100 125\"><g transform=\"translate(0,-952.36218)\"><path style=\"font-size:medium;font-style:normal;font-variant:normal;font-weight:normal;font-stretch:normal;text-indent:0;text-align:start;text-decoration:none;line-height:normal;letter-spacing:normal;word-spacing:normal;text-transform:none;direction:ltr;block-progression:tb;writing-mode:lr-tb;text-anchor:start;baseline-shift:baseline;opacity:1;color:#000000;fill:#000000;fill-opacity:1;stroke:none;stroke-width:2;marker:none;visibility:visible;display:inline;overflow:visible;enable-background:accumulate;font-family:Sans;-inkscape-font-specification:Sans\" d=\"M 49.875 6.96875 A 1.0001 1.0001 0 0 0 49 8 L 49 49 L 8 49 A 1.0001 1.0001 0 0 0 7.8125 49 A 1.0043849 1.0043849 0 0 0 8 51 L 49 51 L 49 92 A 1.0001 1.0001 0 1 0 51 92 L 51 51 L 92 51 A 1.0001 1.0001 0 1 0 92 49 L 51 49 L 51 8 A 1.0001 1.0001 0 0 0 49.875 6.96875 z \" transform=\"translate(0,952.36218)\"\/><\/g><\/svg><\/div><\/a><\/li><li class=\"delicious-gallery-item  remove-grayscale\"><a class=\"not-link dt-lightbox-gallery\" title=\"\" href=\"https:\/\/www.turismoarcos.es\/wp-content\/uploads\/2021\/03\/san-pedro7.jpg\"><img loading=\"lazy\" decoding=\"async\" class=\"no-lazy\" src=\"https:\/\/www.turismoarcos.es\/wp-content\/uploads\/2021\/03\/san-pedro7-490x380.jpg\" width=\"600\" height=\"400\" alt=\"\" \/><div class=\"delicious-gallery-on-hover\"><svg version=\"1.1\" x=\"0px\" y=\"0px\" viewBox=\"0 0 100 125\"><g transform=\"translate(0,-952.36218)\"><path style=\"font-size:medium;font-style:normal;font-variant:normal;font-weight:normal;font-stretch:normal;text-indent:0;text-align:start;text-decoration:none;line-height:normal;letter-spacing:normal;word-spacing:normal;text-transform:none;direction:ltr;block-progression:tb;writing-mode:lr-tb;text-anchor:start;baseline-shift:baseline;opacity:1;color:#000000;fill:#000000;fill-opacity:1;stroke:none;stroke-width:2;marker:none;visibility:visible;display:inline;overflow:visible;enable-background:accumulate;font-family:Sans;-inkscape-font-specification:Sans\" d=\"M 49.875 6.96875 A 1.0001 1.0001 0 0 0 49 8 L 49 49 L 8 49 A 1.0001 1.0001 0 0 0 7.8125 49 A 1.0043849 1.0043849 0 0 0 8 51 L 49 51 L 49 92 A 1.0001 1.0001 0 1 0 51 92 L 51 51 L 92 51 A 1.0001 1.0001 0 1 0 92 49 L 51 49 L 51 8 A 1.0001 1.0001 0 0 0 49.875 6.96875 z \" transform=\"translate(0,952.36218)\"\/><\/g><\/svg><\/div><\/a><\/li><li class=\"delicious-gallery-item  remove-grayscale\"><a class=\"not-link dt-lightbox-gallery\" title=\"Iglesia de San Pedro\" href=\"https:\/\/www.turismoarcos.es\/wp-content\/uploads\/2021\/03\/san-pedro5.jpg\"><img loading=\"lazy\" decoding=\"async\" class=\"no-lazy\" src=\"https:\/\/www.turismoarcos.es\/wp-content\/uploads\/2021\/03\/san-pedro5-490x380.jpg\" width=\"533\" height=\"800\" alt=\"Iglesia de San Pedro\" \/><div class=\"delicious-gallery-on-hover\"><span class=\"is-alt-text\">Iglesia de San Pedro<\/span><\/div><\/a><\/li><li class=\"delicious-gallery-item  remove-grayscale\"><a class=\"not-link dt-lightbox-gallery\" title=\"Iglesia de San Pedro\" href=\"https:\/\/www.turismoarcos.es\/wp-content\/uploads\/2021\/04\/sanPedro.jpg\"><img loading=\"lazy\" decoding=\"async\" class=\"no-lazy\" src=\"https:\/\/www.turismoarcos.es\/wp-content\/uploads\/2021\/04\/sanPedro-490x380.jpg\" width=\"683\" height=\"1024\" alt=\"Iglesia de San Pedro\" \/><div class=\"delicious-gallery-on-hover\"><span class=\"is-alt-text\">Iglesia de San Pedro<\/span><\/div><\/a><\/li><\/ul><\/div>[\/vc_column][vc_column width=&#8221;1\/2&#8243; dt_animation=&#8221;wow fadeInUp&#8221; css=&#8221;.vc_custom_1616057854293{padding-top: 70px !important;padding-right: 80px !important;padding-bottom: 80px !important;padding-left: 80px !important;background-color: #fafafa !important;}&#8221; dt_animation_delay=&#8221;0.3&#8243;][vc_column_text css=&#8221;&#8221;]This building from the sixteenth century was a collegiate church in the fourteenth century and it settles on the remains of what was possibly a Hispano Muslim Almohad fortress, and of which part of a polygonal tower that was built into the head of the church is still preserved. The floor of the building is rectangular with a single hall divided into three sections and a polygonal apse vault covered with thick ribs. The cover of the rest of the temple is a triple ribbed vault. Later in the sixteenth and seventeenth centuries, six chapels were added, three on each side wall of the nave, with their respective Renaissance and Baroque styles. The main fa\u00e7ade was made in the eighteenth century by Manuel G\u00f3mez and Pedro de Silva in Baroque style and influenced by the Sevillian school style. It is structured in three sections; the first of them is the entrance, flanked by twin columns. The second section appears separated by a frieze with a cornice where a niche is located with the image of San Pedro framed by wreathed columns and topped with a curved pediment. The three bells are located in the last section inside a triple semicircular arch with balustrade and topped with a belfry containing two openings. Inside this church there are several elements like the altarpiece by sculptor Ant\u00f3n V\u00e1zquez painted by Ant\u00f3n S\u00e1nchez, Hernando de Sturmio and Pedro Fern\u00e1ndez de Guadalupe in 1547. It is a sample of Hispanic art with flemish influence from the first half of the sixteenth century. Also noteworthy are the Ayllones Chapel with an excellent plateresque altarpiece, and the image of the Divina Pastora attributed to La Roldana, patron of the clergy of San Pedro from 1749.\r\n\r\n<strong>OPENING HOURS CHURCH:<\/strong>\r\n<p id=\"tw-target-text\" class=\"tw-data-text tw-text-large tw-ta\" dir=\"ltr\" data-placeholder=\"Traducci\u00f3n\" aria-label=\"Texto traducido\" data-ved=\"2ahUKEwj04t_c14KGAxVyUqQEHSnrAw0Q3ewLegQIBRAU\"><span class=\"Y2IQFc\" lang=\"en\">Monday to Friday:\u00a0 \u00a0 \u00a0 \u00a0 \u00a0 \u00a0 \u00a0 \u00a0 \u00a010:30 am to 2 pm \/ 4.30 pm to 7 pm<\/span><\/p>\r\n<p dir=\"ltr\" data-placeholder=\"Traducci\u00f3n\" aria-label=\"Texto traducido\" data-ved=\"2ahUKEwj04t_c14KGAxVyUqQEHSnrAw0Q3ewLegQIBRAU\">Tuesday closed \/ Thursday afternoon: Closed<\/p>\r\n<p class=\"tw-data-text tw-text-large tw-ta\" dir=\"ltr\" data-placeholder=\"Traducci\u00f3n\" aria-label=\"Texto traducido\" data-ved=\"2ahUKEwj04t_c14KGAxVyUqQEHSnrAw0Q3ewLegQIBRAU\"><span class=\"Y2IQFc\" lang=\"en\"> Saturdays and festivities:\u00a0 \u00a0 \u00a0 11 am to 7 pm<\/span><\/p>\r\n<p dir=\"ltr\" data-placeholder=\"Traducci\u00f3n\" aria-label=\"Texto traducido\" data-ved=\"2ahUKEwj04t_c14KGAxVyUqQEHSnrAw0Q3ewLegQIBRAU\">Saturdays:\u00a0 \u00a011:00 am to 6 pm<\/p>\r\n<p class=\"tw-data-text tw-text-large tw-ta\" dir=\"ltr\" data-placeholder=\"Traducci\u00f3n\" aria-label=\"Texto traducido\" data-ved=\"2ahUKEwj04t_c14KGAxVyUqQEHSnrAw0Q3ewLegQIBRAU\"><strong><span class=\"Y2IQFc\" lang=\"en\">TEMPLE + TOWER VIEW:<\/span><\/strong><\/p>\r\n<p class=\"tw-data-text tw-text-large tw-ta\" dir=\"ltr\" data-placeholder=\"Traducci\u00f3n\" aria-label=\"Texto traducido\" data-ved=\"2ahUKEwj04t_c14KGAxVyUqQEHSnrAw0Q3ewLegQIBRAU\"><span class=\"Y2IQFc\" lang=\"en\">Price: \u20ac2 pax Temple and \u20ac2 pax Tower<\/span><\/p>\r\n[\/vc_column_text][vc_empty_space height=&#8221;40px&#8221;][\/vc_column][\/vc_row][vc_row][vc_column][vc_column_text][\/vc_column_text][\/vc_column][\/vc_row][vc_row full_width=&#8221;stretch_row&#8221; css=&#8221;.vc_custom_1497330579291{padding-top: 30px !important;padding-bottom: 35px !important;background-color: #ededed !important;}&#8221;][vc_column width=&#8221;1\/12&#8243;][\/vc_column][vc_column width=&#8221;7\/12&#8243;][vc_custom_heading text=&#8221;\u00bfTienes alguna duda?&#8221; font_container=&#8221;tag:p|font_size:36px|text_align:left|color:%23323232|line_height:42px&#8221; use_theme_fonts=&#8221;yes&#8221; css_animation=&#8221;fadeInUp&#8221;][\/vc_column][vc_column css_animation=&#8221;none&#8221; width=&#8221;3\/12&#8243; dt_animation=&#8221;wow fadeInUp&#8221; dt_animation_delay=&#8221;0.4&#8243;]<div class=\"button-right\"><a  class=\"dt-button green  round  dt-icon-left\" href=\"#\"><i class=\"fa fa-paper-plane-o\"><\/i>FORMULARIO DE CONTACTO<\/a><\/div>[\/vc_column][vc_column width=&#8221;1\/12&#8243;][\/vc_column][\/vc_row][vc_row][vc_column][vc_column_text][\/vc_column_text][\/vc_column][\/vc_row][vc_row][vc_column][vc_column_text][\/vc_column_text][\/vc_column][\/vc_row]<!-- \/wp:post-content --><\/div>","protected":false},"excerpt":{"rendered":"<p>[vc_row full_width=&#8221;stretch_row&#8221; parallax=&#8221;content-moving-fade&#8221; parallax_image=&#8221;1837&#8243; el_id=&#8221;about-us&#8221; dt_color=&#8221;#abd8a6&#8243; dt_color_opacity=&#8221;70&#8243; css=&#8221;.vc_custom_1617784916887{padding-top: 300px !important;padding-bottom: 90px !important;}&#8221;][vc_column width=&#8221;1\/6&#8243;][\/vc_column][vc_column width=&#8221;2\/3&#8243; dt_animation=&#8221;wow fadeInUp&#8221; dt_animation_delay=&#8221;0.3&#8243;][\/vc_column][vc_column width=&#8221;1\/6&#8243;][\/vc_column][\/vc_row][vc_row][vc_column][vc_column_text][\/vc_column_text][\/vc_column][\/vc_row][vc_row&#8230; <a class=\"excerpt-read-more\" href=\"https:\/\/www.turismoarcos.es\/en\/iglesia-de-san-pedro\/\"><span>Read More<\/span><\/a><\/p>\n","protected":false},"author":1,"featured_media":0,"parent":0,"menu_order":0,"comment_status":"closed","ping_status":"closed","template":"","meta":{"footnotes":""},"class_list":["post-6121","page","type-page","status-publish","hentry"],"_links":{"self":[{"href":"https:\/\/www.turismoarcos.es\/en\/wp-json\/wp\/v2\/pages\/6121","targetHints":{"allow":["GET"]}}],"collection":[{"href":"https:\/\/www.turismoarcos.es\/en\/wp-json\/wp\/v2\/pages"}],"about":[{"href":"https:\/\/www.turismoarcos.es\/en\/wp-json\/wp\/v2\/types\/page"}],"author":[{"embeddable":true,"href":"https:\/\/www.turismoarcos.es\/en\/wp-json\/wp\/v2\/users\/1"}],"replies":[{"embeddable":true,"href":"https:\/\/www.turismoarcos.es\/en\/wp-json\/wp\/v2\/comments?post=6121"}],"version-history":[{"count":21,"href":"https:\/\/www.turismoarcos.es\/en\/wp-json\/wp\/v2\/pages\/6121\/revisions"}],"predecessor-version":[{"id":17531,"href":"https:\/\/www.turismoarcos.es\/en\/wp-json\/wp\/v2\/pages\/6121\/revisions\/17531"}],"wp:attachment":[{"href":"https:\/\/www.turismoarcos.es\/en\/wp-json\/wp\/v2\/media?parent=6121"}],"curies":[{"name":"wp","href":"https:\/\/api.w.org\/{rel}","templated":true}]}}