{"id":6142,"date":"2021-03-18T09:59:17","date_gmt":"2021-03-18T09:59:17","guid":{"rendered":"https:\/\/www.turismoarcos.es\/convento-hospital-de-san-juan-de-dios\/"},"modified":"2025-10-31T12:55:02","modified_gmt":"2025-10-31T11:55:02","slug":"convento-hospital-de-san-juan-de-dios","status":"publish","type":"page","link":"https:\/\/www.turismoarcos.es\/en\/convento-hospital-de-san-juan-de-dios\/","title":{"rendered":"Convento-Hospital de San Juan de Dios"},"content":{"rendered":"<div class=\"wpb-content-wrapper\">[vc_row full_width=&#8221;stretch_row&#8221; parallax=&#8221;content-moving-fade&#8221; parallax_image=&#8221;1898&#8243; el_id=&#8221;about-us&#8221; dt_color=&#8221;#abd8a6&#8243; dt_color_opacity=&#8221;70&#8243; css=&#8221;.vc_custom_1618218620633{padding-top: 300px !important;padding-bottom: 90px !important;}&#8221;][vc_column width=&#8221;1\/6&#8243;][\/vc_column][vc_column width=&#8221;2\/3&#8243; dt_animation=&#8221;wow fadeInUp&#8221; dt_animation_delay=&#8221;0.3&#8243;]<div class=\"title-center\"><div class=\"dt-title-wrapper section-title-big style-1\"><h2 class=\"section-title\">Hospital - San Juan de Dios Church<\/h2><svg class=\"zigzag\" version=\"1.1\" xmlns=\"http:\/\/www.w3.org\/2000\/svg\" xmlns:xlink=\"http:\/\/www.w3.org\/1999\/xlink\" preserveAspectRatio=\"xMidYMid meet\" viewBox=\"0 0 90 8\" width=\"90\" height=\"8\"><defs><path d=\"M90 8L82.5 0L75 8L67.5 0L60 8L52.5 0L45 8L37.5 0L30 8L22.5 0L15 8L7.5 0L0 8\" id=\"a6L8UcKib\"><\/path><\/defs><g><g><use xlink:href=\"#a6L8UcKib\" opacity=\"1\" fill-opacity=\"0\" stroke=\"#000000\" stroke-width=\"1\" stroke-opacity=\"1\"><\/use><\/g><\/g><\/svg><\/div><\/div>[\/vc_column][vc_column width=&#8221;1\/6&#8243;][\/vc_column][\/vc_row][vc_row][vc_column][vc_column_text][\/vc_column_text][\/vc_column][\/vc_row][vc_row full_width=&#8221;stretch_row_content&#8221; equal_height=&#8221;yes&#8221;][vc_column width=&#8221;1\/2&#8243; css=&#8221;.vc_custom_1616057344094{padding-top: 0px !important;padding-bottom: 0px !important;background-position: center !important;background-repeat: no-repeat !important;background-size: cover !important;}&#8221;]<div id=\"dt-gallery-fcc\" class=\"delicious-gallery-wrapper\" data-token=\"tVcjL\"><ul class=\"delicious-gallery isotope dt-gallery is-grid dt-gap-20\"><li class=\"delicious-gallery-item  remove-grayscale\"><img loading=\"lazy\" decoding=\"async\" class=\"no-lazy\" src=\"https:\/\/www.turismoarcos.es\/wp-content\/uploads\/2021\/03\/convento-hospital-san-juan-de-dios-2-Copiar-490x380.jpg\" width=\"800\" height=\"606\" alt=\"Convento-Hospital de San Juan de Dios\" \/><\/li><li class=\"delicious-gallery-item  remove-grayscale\"><img loading=\"lazy\" decoding=\"async\" class=\"no-lazy\" src=\"https:\/\/www.turismoarcos.es\/wp-content\/uploads\/2021\/03\/convento-hospital-san-juan-de-dios-1-Copiar-490x380.jpg\" width=\"800\" height=\"533\" alt=\"Convento-Hospital de San Juan de Dios\" \/><\/li><li class=\"delicious-gallery-item  remove-grayscale\"><img loading=\"lazy\" decoding=\"async\" class=\"no-lazy\" src=\"https:\/\/www.turismoarcos.es\/wp-content\/uploads\/2021\/03\/convento-hospital-san-juan-de-dios-3-Copiar-490x380.jpg\" width=\"500\" height=\"800\" alt=\"Convento-Hospital de San Juan de Dios\" \/><\/li><\/ul><\/div>[\/vc_column][vc_column width=&#8221;1\/2&#8243; dt_animation=&#8221;wow fadeInUp&#8221; css=&#8221;.vc_custom_1618218663391{padding-top: 0px !important;padding-right: 80px !important;padding-bottom: 80px !important;padding-left: 80px !important;background-color: #fafafa !important;}&#8221; dt_animation_delay=&#8221;0.3&#8243;][vc_column_text css=&#8221;&#8221;]\r\n<p style=\"text-align: justify;\"><span style=\"color: #808080;\"><span style=\"font-family: Barlow, serif;\"><span style=\"font-size: medium;\"><span lang=\"en-US\">In the sixteenth century it was created as the hospital of San Sebasti\u00e1n, attached to a hermitage, and in 1596 all hospitals in Arcos were merged into it. It features a harmonious patio of columns with a rich baroque staircase. Inside the church stand out: the <\/span><\/span><\/span><span style=\"font-family: Barlow, serif;\"><span style=\"font-size: medium;\"><span lang=\"en-US\">ungilded<\/span><\/span><\/span><span style=\"font-family: Barlow, serif;\"><span style=\"font-size: medium;\"><span lang=\"en-US\"> altarpiece of Flanders pine, a baroque piece of 1735; the image of Cristo de la Veracruz fashioned by Ant\u00f3n V\u00e1zquez in 1545, with gothic reminders; the image of Nuestra Se\u00f1ora de la Angustia, a relief which was shown at the Ibero-American Exhibition in Seville in 1929.<\/span><\/span><\/span><\/span><\/p>\r\n<p style=\"text-align: justify;\"><span style=\"color: #808080;\"><span style=\"font-family: Barlow, serif;\"><span style=\"font-size: medium;\"><span lang=\"en-US\"><strong>OPENING HOURS:<\/strong>\u00a0<\/span><\/span><\/span><\/span><\/p>\r\nSaturday:\u00a0 \u00a0 10.30 am &#8211; 13 pm[\/vc_column_text][vc_empty_space height=&#8221;40px&#8221;][\/vc_column][\/vc_row][vc_row][vc_column][vc_column_text][\/vc_column_text][\/vc_column][\/vc_row][vc_row full_width=&#8221;stretch_row&#8221; css=&#8221;.vc_custom_1497330579291{padding-top: 30px !important;padding-bottom: 35px !important;background-color: #ededed !important;}&#8221;][vc_column width=&#8221;1\/12&#8243;][\/vc_column][vc_column width=&#8221;7\/12&#8243;][vc_custom_heading text=&#8221;Do you have any doubt?&#8221; font_container=&#8221;tag:p|font_size:36px|text_align:left|color:%23323232|line_height:42px&#8221; use_theme_fonts=&#8221;yes&#8221; css_animation=&#8221;fadeInUp&#8221;][\/vc_column][vc_column css_animation=&#8221;none&#8221; width=&#8221;3\/12&#8243; dt_animation=&#8221;wow fadeInUp&#8221; dt_animation_delay=&#8221;0.4&#8243;]<div class=\"button-right\"><a  class=\"dt-button green  round  dt-icon-left\" href=\"#\"><i class=\"fa fa-paper-plane-o\"><\/i>CONTACT FORM<\/a><\/div>[\/vc_column][vc_column width=&#8221;1\/12&#8243;][\/vc_column][\/vc_row][vc_row][vc_column][vc_column_text][\/vc_column_text][\/vc_column][\/vc_row][vc_row][vc_column][vc_column_text][\/vc_column_text][\/vc_column][\/vc_row]<!-- \/wp:post-content --><\/div>","protected":false},"excerpt":{"rendered":"<p>[vc_row full_width=&#8221;stretch_row&#8221; parallax=&#8221;content-moving-fade&#8221; parallax_image=&#8221;1898&#8243; el_id=&#8221;about-us&#8221; dt_color=&#8221;#abd8a6&#8243; dt_color_opacity=&#8221;70&#8243; css=&#8221;.vc_custom_1618218620633{padding-top: 300px !important;padding-bottom: 90px !important;}&#8221;][vc_column width=&#8221;1\/6&#8243;][\/vc_column][vc_column width=&#8221;2\/3&#8243; dt_animation=&#8221;wow fadeInUp&#8221; dt_animation_delay=&#8221;0.3&#8243;][\/vc_column][vc_column width=&#8221;1\/6&#8243;][\/vc_column][\/vc_row][vc_row][vc_column][vc_column_text][\/vc_column_text][\/vc_column][\/vc_row][vc_row&#8230; <a class=\"excerpt-read-more\" href=\"https:\/\/www.turismoarcos.es\/en\/convento-hospital-de-san-juan-de-dios\/\"><span>Read More<\/span><\/a><\/p>\n","protected":false},"author":1,"featured_media":0,"parent":0,"menu_order":0,"comment_status":"closed","ping_status":"closed","template":"","meta":{"footnotes":""},"class_list":["post-6142","page","type-page","status-publish","hentry"],"_links":{"self":[{"href":"https:\/\/www.turismoarcos.es\/en\/wp-json\/wp\/v2\/pages\/6142","targetHints":{"allow":["GET"]}}],"collection":[{"href":"https:\/\/www.turismoarcos.es\/en\/wp-json\/wp\/v2\/pages"}],"about":[{"href":"https:\/\/www.turismoarcos.es\/en\/wp-json\/wp\/v2\/types\/page"}],"author":[{"embeddable":true,"href":"https:\/\/www.turismoarcos.es\/en\/wp-json\/wp\/v2\/users\/1"}],"replies":[{"embeddable":true,"href":"https:\/\/www.turismoarcos.es\/en\/wp-json\/wp\/v2\/comments?post=6142"}],"version-history":[{"count":2,"href":"https:\/\/www.turismoarcos.es\/en\/wp-json\/wp\/v2\/pages\/6142\/revisions"}],"predecessor-version":[{"id":16842,"href":"https:\/\/www.turismoarcos.es\/en\/wp-json\/wp\/v2\/pages\/6142\/revisions\/16842"}],"wp:attachment":[{"href":"https:\/\/www.turismoarcos.es\/en\/wp-json\/wp\/v2\/media?parent=6142"}],"curies":[{"name":"wp","href":"https:\/\/api.w.org\/{rel}","templated":true}]}}