{"id":6565,"date":"2021-06-28T21:26:02","date_gmt":"2021-06-28T21:26:02","guid":{"rendered":"https:\/\/www.turismoarcos.es\/lago-de-arcos\/"},"modified":"2022-09-08T10:42:34","modified_gmt":"2022-09-08T09:42:34","slug":"lago-de-arcos","status":"publish","type":"page","link":"https:\/\/www.turismoarcos.es\/en\/lago-de-arcos\/","title":{"rendered":"Lago de Arcos"},"content":{"rendered":"<div class=\"wpb-content-wrapper\"><p>[vc_row full_width=&#8221;stretch_row&#8221; rtl_reverse=&#8221;yes&#8221; parallax=&#8221;content-moving&#8221; parallax_image=&#8221;3088&#8243; css=&#8221;.vc_custom_1632211886123{padding-top: 300px !important;padding-bottom: 150px !important;}&#8221;][vc_column css=&#8221;.vc_custom_1497333355466{padding-top: 0px !important;}&#8221;][vc_row_inner][vc_column_inner width=&#8221;1\/4&#8243;][\/vc_column_inner][vc_column_inner width=&#8221;1\/2&#8243; dt_animation=&#8221;wow fadeInUp&#8221; css=&#8221;.vc_custom_1616071931749{padding-top: 150px !important;padding-right: 80px !important;padding-bottom: 70px !important;padding-left: 80px !important;background-color: rgba(255,255,255,0.85) !important;*background-color: rgb(255,255,255) !important;}&#8221; dt_animation_delay=&#8221;1&#8243;]<div class=\"title-center\"><div class=\"dt-title-wrapper section-title-big style-1\"><h2 class=\"section-title\">Lago de Arcos<\/h2><svg class=\"zigzag\" version=\"1.1\" xmlns=\"http:\/\/www.w3.org\/2000\/svg\" xmlns:xlink=\"http:\/\/www.w3.org\/1999\/xlink\" preserveAspectRatio=\"xMidYMid meet\" viewBox=\"0 0 90 8\" width=\"90\" height=\"8\"><defs><path d=\"M90 8L82.5 0L75 8L67.5 0L60 8L52.5 0L45 8L37.5 0L30 8L22.5 0L15 8L7.5 0L0 8\" id=\"a6L8UcKib\"><\/path><\/defs><g><g><use xlink:href=\"#a6L8UcKib\" opacity=\"1\" fill-opacity=\"0\" stroke=\"#000000\" stroke-width=\"1\" stroke-opacity=\"1\"><\/use><\/g><\/g><\/svg><\/div><\/div>[\/vc_column_inner][vc_column_inner width=&#8221;1\/4&#8243;][\/vc_column_inner][\/vc_row_inner][\/vc_column][\/vc_row][vc_row][vc_column][vc_text_separator title=&#8221;&#8221; color=&#8221;green&#8221;][vc_column_text]<\/p>\r\n<p style=\"text-align: justify;\">Contar con un lago artificial en las inmediaciones de Arcos, hace factible la pr\u00e1ctica de un gran n\u00famero de deportes n\u00e1uticos como el Kayak polo, esqu\u00ed acu\u00e1tico, vela, remo,.. o simplemente poder disfrutar de un agradable paseo en barco, de un paraje natural declarado, de una playita totalmente equipada y con inmejorables vistas, etc.<\/p>\r\n<p style=\"text-align: justify;\"><img loading=\"lazy\" decoding=\"async\" class=\"alignleft wp-image-3238 size-medium\" src=\"http:\/\/nueva.turismoarcos.es\/wp-content\/uploads\/2021\/09\/playita-300x300.jpg\" alt=\"Playita Arcos de la Frontera\" width=\"300\" height=\"300\" srcset=\"https:\/\/www.turismoarcos.es\/wp-content\/uploads\/2021\/09\/playita.jpg 300w, https:\/\/www.turismoarcos.es\/wp-content\/uploads\/2021\/09\/playita-150x150.jpg 150w, https:\/\/www.turismoarcos.es\/wp-content\/uploads\/2021\/09\/playita-24x24.jpg 24w, https:\/\/www.turismoarcos.es\/wp-content\/uploads\/2021\/09\/playita-36x36.jpg 36w, https:\/\/www.turismoarcos.es\/wp-content\/uploads\/2021\/09\/playita-48x48.jpg 48w\" sizes=\"auto, (max-width: 300px) 100vw, 300px\" \/>\u00c9sta <strong>playa artificial<\/strong>, <strong>\u201cla Playita\u201d<\/strong> para los lugare\u00f1os, tiene unos 250 m de longitud y se ubica en el <strong>Paraje Natural de la Cola del pantano de Arcos<\/strong>. Est\u00e1 rodeada de naturaleza, tranquilidad y justo al lado del <strong>Club N\u00e1utico<\/strong>. Se puede disfrutar del sol, un d\u00eda de ba\u00f1o u otras actividades n\u00e1uticas.<\/p>\r\n<p style=\"text-align: justify;\">Adem\u00e1s, este mismo lago dispone de un pesquero adaptado para que los amantes de este deporte, puedan pasar una o varias jornadas de absoluta tranquilidad. Sus condiciones son tan \u00f3ptimas que durante el a\u00f1o se celebran Campeonatos a niveles regionales y nacionales de diversas categor\u00edas.<\/p>\r\n<p style=\"text-align: justify;\">\u00a0 \u00a0La cola del lago est\u00e1 declarada paraje natural desde julio de 1989; se trata de una extensi\u00f3n de carrizal de unas 100 hect\u00e1reas que ocupan la parte final o cola del embalse del r\u00edo Guadalete en Arcos de la Frontera. Gracias a la proliferaci\u00f3n del carrizal numerosas aves acu\u00e1ticas con distinto grado de protecci\u00f3n ocupan este espacio, algunas en forma de residentes habituales y otras como visitantes estacionales o puntuales. El paraje dispone de dos observatorios de aves.<\/p>\r\n<p style=\"text-align: justify;\"><strong>M\u00e1s informaci\u00f3n<\/strong>: consultar apartado de Actividades en la Naturaleza.<\/p>\r\n<p><a href=\"https:\/\/www.turismoarcos.es\/pdf\/politicaCalidadPlayita.pdf\" target=\"_blank\" rel=\"noopener\"><span style=\"color: #666699;\">POL\u00cdTICAS DE CALIDAD.<\/span><\/a><\/p>\r\n<p>[\/vc_column_text][\/vc_column][\/vc_row][vc_row][vc_column width=&#8221;1\/4&#8243;][\/vc_column][vc_column width=&#8221;1\/4&#8243;][\/vc_column][vc_column width=&#8221;1\/4&#8243;][\/vc_column][\/vc_row][vc_row][vc_column width=&#8221;1\/4&#8243;][vc_column_text]<\/p>\r\n<p><!-- \/wp:post-content -->\r\n\r\n<!-- wp:shortcode -->[\/vc_column_text][\/vc_column][vc_column width=&#8221;1\/4&#8243;][\/vc_column][vc_column width=&#8221;1\/4&#8243;][\/vc_column][vc_column width=&#8221;1\/4&#8243;][\/vc_column][\/vc_row][vc_row][vc_column width=&#8221;1\/3&#8243;][\/vc_column][vc_column width=&#8221;1\/3&#8243;][\/vc_column][\/vc_row][vc_row][vc_column][vc_column_text]<\/p>\r\n<p><!-- \/wp:shortcode -->[\/vc_column_text][\/vc_column][\/vc_row]<\/p><\/div>","protected":false},"excerpt":{"rendered":"<p>[vc_row full_width=&#8221;stretch_row&#8221; rtl_reverse=&#8221;yes&#8221; parallax=&#8221;content-moving&#8221; parallax_image=&#8221;3088&#8243; css=&#8221;.vc_custom_1632211886123{padding-top: 300px !important;padding-bottom: 150px !important;}&#8221;][vc_column css=&#8221;.vc_custom_1497333355466{padding-top: 0px !important;}&#8221;][vc_row_inner][vc_column_inner width=&#8221;1\/4&#8243;][\/vc_column_inner][vc_column_inner width=&#8221;1\/2&#8243; dt_animation=&#8221;wow fadeInUp&#8221; css=&#8221;.vc_custom_1616071931749{padding-top:&#8230; <a class=\"excerpt-read-more\" href=\"https:\/\/www.turismoarcos.es\/en\/lago-de-arcos\/\"><span>Read More<\/span><\/a><\/p>\n","protected":false},"author":4,"featured_media":0,"parent":0,"menu_order":0,"comment_status":"closed","ping_status":"closed","template":"","meta":{"footnotes":""},"class_list":["post-6565","page","type-page","status-publish","hentry"],"_links":{"self":[{"href":"https:\/\/www.turismoarcos.es\/en\/wp-json\/wp\/v2\/pages\/6565","targetHints":{"allow":["GET"]}}],"collection":[{"href":"https:\/\/www.turismoarcos.es\/en\/wp-json\/wp\/v2\/pages"}],"about":[{"href":"https:\/\/www.turismoarcos.es\/en\/wp-json\/wp\/v2\/types\/page"}],"author":[{"embeddable":true,"href":"https:\/\/www.turismoarcos.es\/en\/wp-json\/wp\/v2\/users\/4"}],"replies":[{"embeddable":true,"href":"https:\/\/www.turismoarcos.es\/en\/wp-json\/wp\/v2\/comments?post=6565"}],"version-history":[{"count":3,"href":"https:\/\/www.turismoarcos.es\/en\/wp-json\/wp\/v2\/pages\/6565\/revisions"}],"predecessor-version":[{"id":9014,"href":"https:\/\/www.turismoarcos.es\/en\/wp-json\/wp\/v2\/pages\/6565\/revisions\/9014"}],"wp:attachment":[{"href":"https:\/\/www.turismoarcos.es\/en\/wp-json\/wp\/v2\/media?parent=6565"}],"curies":[{"name":"wp","href":"https:\/\/api.w.org\/{rel}","templated":true}]}}