{"id":18284,"date":"2023-05-10T07:50:33","date_gmt":"2023-05-10T06:50:33","guid":{"rendered":"https:\/\/www.turismoarcos.es\/aparcar-en-arcos\/"},"modified":"2023-05-10T07:50:33","modified_gmt":"2023-05-10T06:50:33","slug":"aparcar-en-arcos","status":"publish","type":"page","link":"https:\/\/www.turismoarcos.es\/fr\/aparcar-en-arcos\/","title":{"rendered":"Aparcar en Arcos"},"content":{"rendered":"<div class=\"wpb-content-wrapper\"><p>[vc_row full_width=&#8221;stretch_row&#8221; content_placement=&#8221;middle&#8221; parallax=&#8221;content-moving-fade&#8221; parallax_image=&#8221;965&#8243; el_id=&#8221;about-us&#8221; dt_color=&#8221;#4dbb67&#8243; dt_color_opacity=&#8221;70&#8243; css=&#8221;.vc_custom_1616067093628{padding-top: 300px !important;padding-bottom: 50px !important;}&#8221;][vc_column width=&#8221;1\/6&#8243;][\/vc_column][vc_column width=&#8221;2\/3&#8243; dt_animation=&#8221;wow fadeInUp&#8221; dt_animation_delay=&#8221;0.3&#8243;]<div class=\"title-center\"><div class=\"dt-title-wrapper section-title-big style-1\"><h2 class=\"section-title\">Opciones de aparcamiento<\/h2><svg class=\"zigzag\" version=\"1.1\" xmlns=\"http:\/\/www.w3.org\/2000\/svg\" xmlns:xlink=\"http:\/\/www.w3.org\/1999\/xlink\" preserveAspectRatio=\"xMidYMid meet\" viewBox=\"0 0 90 8\" width=\"90\" height=\"8\"><defs><path d=\"M90 8L82.5 0L75 8L67.5 0L60 8L52.5 0L45 8L37.5 0L30 8L22.5 0L15 8L7.5 0L0 8\" id=\"a6L8UcKib\"><\/path><\/defs><g><g><use xlink:href=\"#a6L8UcKib\" opacity=\"1\" fill-opacity=\"0\" stroke=\"#000000\" stroke-width=\"1\" stroke-opacity=\"1\"><\/use><\/g><\/g><\/svg><h4 class=\"section-tagline\">y movilidad<\/h4><\/div><\/div>[\/vc_column][vc_column width=&#8221;1\/6&#8243;][\/vc_column][\/vc_row][vc_row full_width=&#8221;stretch_row_content_no_spaces&#8221; equal_height=&#8221;yes&#8221;][vc_column width=&#8221;1\/2&#8243; css=&#8221;.vc_custom_1683701429814{padding-top: 150px !important;padding-bottom: 150px !important;background: #c6c6c6 url(http:\/\/www.turismoarcos.es\/wp-content\/uploads\/2023\/05\/car-4148514_640.jpg?id=10101) !important;background-position: center !important;background-repeat: no-repeat !important;background-size: cover !important;}&#8221;][\/vc_column][vc_column width=&#8221;1\/2&#8243; dt_animation=&#8221;wow fadeInUp&#8221; css=&#8221;.vc_custom_1497331211586{padding-top: 100px !important;padding-right: 80px !important;padding-bottom: 80px !important;padding-left: 80px !important;background-color: #fafafa !important;}&#8221; dt_animation_delay=&#8221;0.3&#8243;]<div class=\"title-center\"><div class=\"dt-title-wrapper section-title-big style-1\"><h2 class=\"section-title\">Un lugar estrat\u00e9gico privilegiado<\/h2><svg class=\"zigzag\" version=\"1.1\" xmlns=\"http:\/\/www.w3.org\/2000\/svg\" xmlns:xlink=\"http:\/\/www.w3.org\/1999\/xlink\" preserveAspectRatio=\"xMidYMid meet\" viewBox=\"0 0 90 8\" width=\"90\" height=\"8\"><defs><path d=\"M90 8L82.5 0L75 8L67.5 0L60 8L52.5 0L45 8L37.5 0L30 8L22.5 0L15 8L7.5 0L0 8\" id=\"a6L8UcKib\"><\/path><\/defs><g><g><use xlink:href=\"#a6L8UcKib\" opacity=\"1\" fill-opacity=\"0\" stroke=\"#000000\" stroke-width=\"1\" stroke-opacity=\"1\"><\/use><\/g><\/g><\/svg><\/div><\/div>[vc_empty_space height=&#8221;30px&#8221;][vc_column_text css=&#8221;&#8221;]<\/p>\n<p style=\"text-align: justify;\">Para visitar tranquilamente la ciudad lo mejor es aparcar, caminar un poco y disfrutar de nuestras calles, monumentos y rincones. Te contamos las diferentes formas:<br \/>\n\u2192Si llegas a Arcos por la autov\u00eda, toma la primera salida (Salida Oeste) que te llevar\u00e1 a la entrada principal de la ciudad.<br \/>\n<strong>PARKING Y SUBIDA EN BUS.-<\/strong><br \/>\nLa primera opci\u00f3n para aparcar es en el Recinto Ferial (Avda. Duque de Arcos). Este es un aparcamiento al aire libre. Frente a este lugar sale un bus cada 30 minutos a la zona monumental. <span style=\"color: #99cc00;\"><a style=\"color: #99cc00;\" href=\"https:\/\/arcosdelafrontera.es\/documentos\/2023\/NUEVA%20LINEA%20CENTRO%20(OBRAS)-1.pdf\" target=\"_blank\" rel=\"noopener\">Horarios<\/a>.<\/span><br \/>\n<em><strong>SUBIDA CAMINANDO.-<\/strong><\/em><br \/>\nEn esta zona, hay un peque\u00f1o Jard\u00edn Bot\u00e1nico con unos tramos de escaleras que te llevan a la Plaza de Espa\u00f1a. Desde la plaza, solo necesitas unos 10 minutos caminando para llegar a la cuesta de Bel\u00e9n, inicio de la zona monumental.<br \/>\n<strong>PARKING DE PAGO Y SUBIDA EN BUS.-<\/strong><br \/>\nSiguiendo las indicaciones de Centro Ciudad, encontrar\u00e1s el Paseo de Andaluc\u00eda, donde hay un parking subterr\u00e1neo de pago (Precio aprox. 0.33 c\u00e9ntimos\/min. &#8211; 15 \u20ac\/24 horas).<br \/>\nJunto a este paseo est\u00e1 la Plaza de Espa\u00f1a, desde donde sale un bus cada 30 minutos a la zona monumental. <span style=\"color: #99cc00;\"><a style=\"color: #99cc00;\" href=\"https:\/\/arcosdelafrontera.es\/documentos\/2023\/NUEVA%20LINEA%20CENTRO%20(OBRAS)-1.pdf\" target=\"_blank\" rel=\"noopener\">Horarios<\/a><\/span><br \/>\n<em><strong>SUBIDA CAMINANDO.-<\/strong><\/em><br \/>\nComo ya hemos comentado, desde la Plaza de Espa\u00f1a, te llevar\u00e1 unos 10 minutos caminando para llegar a la zona monumental<\/p>\n<p style=\"text-align: justify;\">\u2192 Si llegas a Arcos por la carretera de El Bosque, puedes acceder al centro de la ciudad tomando la primera salida a la izquierda, una vez pasada la presa del Lago de Arcos. Desde aqu\u00ed, siguiendo las indicaciones de centro ciudad, acceder\u00e1s al parking del paseo de Andaluc\u00eda o al del Recinto Ferial y podr\u00e1s elegir las distintas opciones explicadas anteriormente.<\/p>\n<p>[\/vc_column_text][\/vc_column][\/vc_row][vc_row full_width=&#8221;stretch_row&#8221; video_bg=&#8221;yes&#8221; video_bg_url=&#8221;https:\/\/www.youtube.com\/watch?v=Ybue7zDI_yk&#8221; css=&#8221;.vc_custom_1615535365959{padding-top: 120px !important;padding-bottom: 120px !important;}&#8221;][vc_column width=&#8221;2\/12&#8243;][\/vc_column][vc_column width=&#8221;8\/12&#8243; dt_animation=&#8221;wow fadeInUp&#8221;]<div class=\"title-center\"><div class=\"dt-title-wrapper section-title-big style-1\"><h2 class=\"section-title\">Empieza aqu\u00ed<\/h2><svg class=\"zigzag\" version=\"1.1\" xmlns=\"http:\/\/www.w3.org\/2000\/svg\" xmlns:xlink=\"http:\/\/www.w3.org\/1999\/xlink\" preserveAspectRatio=\"xMidYMid meet\" viewBox=\"0 0 90 8\" width=\"90\" height=\"8\"><defs><path d=\"M90 8L82.5 0L75 8L67.5 0L60 8L52.5 0L45 8L37.5 0L30 8L22.5 0L15 8L7.5 0L0 8\" id=\"a6L8UcKib\"><\/path><\/defs><g><g><use xlink:href=\"#a6L8UcKib\" opacity=\"1\" fill-opacity=\"0\" stroke=\"#000000\" stroke-width=\"1\" stroke-opacity=\"1\"><\/use><\/g><\/g><\/svg><\/div><\/div>[vc_empty_space][vc_raw_html]JTNDZGl2JTIwY2xhc3MlM0QlMjJkdC1wbGF5LXZpZGVvJTIyJTNFJTBBJTIwJTIwJTIwJTIwJTNDYSUyMGNsYXNzJTNEJTIyaWZyYW1lLXZpZGVvJTIwbWZwLWlmcmFtZSUyMiUyMGhyZWYlM0QlMjJodHRwcyUzQSUyRiUyRnd3dy55b3V0dWJlLmNvbSUyRndhdGNoJTNGdiUzRG1nbVZPdUxnRkIwJTIyJTNFJTNDaSUyMGNsYXNzJTNEJTIyZmElMjBmYS1wbGF5JTIyJTNFJTNDJTJGaSUzRSUzQyUyRmElM0UlMEElMjAlMjAlMjAlMjAlM0NhJTIwY2xhc3MlM0QlMjJpZnJhbWUtdmlkZW8lMjBtZnAtaWZyYW1lJTIyJTIwaHJlZiUzRCUyMmh0dHBzJTNBJTJGJTJGd3d3LnlvdXR1YmUuY29tJTJGd2F0Y2glM0Z2JTNEbWdtVk91TGdGQjAlMjIlM0VQbGF5JTIwVmlkZW8lM0MlMkZhJTNFJTBBJTNDJTJGZGl2JTNF[\/vc_raw_html][\/vc_column][vc_column width=&#8221;2\/12&#8243;][\/vc_column][\/vc_row][vc_row full_width=&#8221;stretch_row&#8221; css=&#8221;.vc_custom_1497330579291{padding-top: 30px !important;padding-bottom: 35px !important;background-color: #ededed !important;}&#8221;][vc_column width=&#8221;1\/12&#8243;][\/vc_column][vc_column width=&#8221;7\/12&#8243;][vc_custom_heading text=&#8221;Tienes alguna duda? Contacta con nosotros.&#8221; font_container=&#8221;tag:p|font_size:36px|text_align:left|color:%23323232|line_height:42px&#8221; use_theme_fonts=&#8221;yes&#8221; css_animation=&#8221;fadeInUp&#8221;][\/vc_column][vc_column css_animation=&#8221;none&#8221; width=&#8221;3\/12&#8243; dt_animation=&#8221;wow fadeInUp&#8221; dt_animation_delay=&#8221;0.4&#8243;]<div class=\"button-right\"><a  class=\"dt-button green  round  dt-icon-left\" href=\"#\"><i class=\"fa fa-paper-plane-o\"><\/i>Formulario<\/a><\/div>[\/vc_column][vc_column width=&#8221;1\/12&#8243;][\/vc_column][\/vc_row]<\/p>\n<\/div>","protected":false},"excerpt":{"rendered":"<p>[vc_row full_width=&#8221;stretch_row&#8221; content_placement=&#8221;middle&#8221; parallax=&#8221;content-moving-fade&#8221; parallax_image=&#8221;965&#8243; el_id=&#8221;about-us&#8221; dt_color=&#8221;#4dbb67&#8243; dt_color_opacity=&#8221;70&#8243; css=&#8221;.vc_custom_1616067093628{padding-top: 300px !important;padding-bottom: 50px !important;}&#8221;][vc_column width=&#8221;1\/6&#8243;][\/vc_column][vc_column width=&#8221;2\/3&#8243; dt_animation=&#8221;wow fadeInUp&#8221; dt_animation_delay=&#8221;0.3&#8243;][\/vc_column][vc_column&#8230; <a class=\"excerpt-read-more\" href=\"https:\/\/www.turismoarcos.es\/fr\/aparcar-en-arcos\/\"><span>Read More<\/span><\/a><\/p>\n","protected":false},"author":1,"featured_media":0,"parent":0,"menu_order":0,"comment_status":"closed","ping_status":"closed","template":"","meta":{"footnotes":""},"class_list":["post-18284","page","type-page","status-publish","hentry"],"_links":{"self":[{"href":"https:\/\/www.turismoarcos.es\/fr\/wp-json\/wp\/v2\/pages\/18284","targetHints":{"allow":["GET"]}}],"collection":[{"href":"https:\/\/www.turismoarcos.es\/fr\/wp-json\/wp\/v2\/pages"}],"about":[{"href":"https:\/\/www.turismoarcos.es\/fr\/wp-json\/wp\/v2\/types\/page"}],"author":[{"embeddable":true,"href":"https:\/\/www.turismoarcos.es\/fr\/wp-json\/wp\/v2\/users\/1"}],"replies":[{"embeddable":true,"href":"https:\/\/www.turismoarcos.es\/fr\/wp-json\/wp\/v2\/comments?post=18284"}],"version-history":[{"count":0,"href":"https:\/\/www.turismoarcos.es\/fr\/wp-json\/wp\/v2\/pages\/18284\/revisions"}],"wp:attachment":[{"href":"https:\/\/www.turismoarcos.es\/fr\/wp-json\/wp\/v2\/media?parent=18284"}],"curies":[{"name":"wp","href":"https:\/\/api.w.org\/{rel}","templated":true}]}}