{"id":5850,"date":"2021-03-16T08:58:14","date_gmt":"2021-03-16T08:58:14","guid":{"rendered":"https:\/\/www.turismoarcos.es\/conoce-arcos\/"},"modified":"2021-11-26T09:32:34","modified_gmt":"2021-11-26T08:32:34","slug":"conoce-arcos","status":"publish","type":"page","link":"https:\/\/www.turismoarcos.es\/fr\/conoce-arcos\/","title":{"rendered":"Arcos Dans L\u00b4Historie"},"content":{"rendered":"<div class=\"wpb-content-wrapper\"><p>[vc_row full_width=&#8221;stretch_row&#8221; content_placement=&#8221;middle&#8221; parallax=&#8221;content-moving-fade&#8221; parallax_image=&#8221;965&#8243; el_id=&#8221;about-us&#8221; dt_color=&#8221;#4dbb67&#8243; dt_color_opacity=&#8221;70&#8243; css=&#8221;.vc_custom_1616067093628{padding-top: 300px !important;padding-bottom: 50px !important;}&#8221;][vc_column width=&#8221;1\/6&#8243;][\/vc_column][vc_column width=&#8221;2\/3&#8243; dt_animation=&#8221;wow fadeInUp&#8221; dt_animation_delay=&#8221;0.3&#8243;]<div class=\"title-center\"><div class=\"dt-title-wrapper section-title-big style-1\"><h2 class=\"section-title\">ARCOS DANS L\u00b4HISTORIE<\/h2><svg class=\"zigzag\" version=\"1.1\" xmlns=\"http:\/\/www.w3.org\/2000\/svg\" xmlns:xlink=\"http:\/\/www.w3.org\/1999\/xlink\" preserveAspectRatio=\"xMidYMid meet\" viewBox=\"0 0 90 8\" width=\"90\" height=\"8\"><defs><path d=\"M90 8L82.5 0L75 8L67.5 0L60 8L52.5 0L45 8L37.5 0L30 8L22.5 0L15 8L7.5 0L0 8\" id=\"a6L8UcKib\"><\/path><\/defs><g><g><use xlink:href=\"#a6L8UcKib\" opacity=\"1\" fill-opacity=\"0\" stroke=\"#000000\" stroke-width=\"1\" stroke-opacity=\"1\"><\/use><\/g><\/g><\/svg><\/div><\/div>[\/vc_column][vc_column width=&#8221;1\/6&#8243;][\/vc_column][\/vc_row][vc_row full_width=&#8221;stretch_row_content_no_spaces&#8221; equal_height=&#8221;yes&#8221;][vc_column width=&#8221;1\/2&#8243; css=&#8221;.vc_custom_1615888110508{padding-top: 150px !important;padding-bottom: 150px !important;background: #c6c6c6 url(http:\/\/nueva.turismoarcos.es\/wp-content\/uploads\/2021\/03\/pared.jpg?id=977) !important;background-position: center !important;background-repeat: no-repeat !important;background-size: cover !important;}&#8221;][\/vc_column][vc_column width=&#8221;1\/2&#8243; dt_animation=&#8221;wow fadeInUp&#8221; css=&#8221;.vc_custom_1497331211586{padding-top: 100px !important;padding-right: 80px !important;padding-bottom: 80px !important;padding-left: 80px !important;background-color: #fafafa !important;}&#8221; dt_animation_delay=&#8221;0.3&#8243;]<div class=\"title-center\"><div class=\"dt-title-wrapper section-title-big style-1\"><h2 class=\"section-title\">A privileged strategic place.<\/h2><svg class=\"zigzag\" version=\"1.1\" xmlns=\"http:\/\/www.w3.org\/2000\/svg\" xmlns:xlink=\"http:\/\/www.w3.org\/1999\/xlink\" preserveAspectRatio=\"xMidYMid meet\" viewBox=\"0 0 90 8\" width=\"90\" height=\"8\"><defs><path d=\"M90 8L82.5 0L75 8L67.5 0L60 8L52.5 0L45 8L37.5 0L30 8L22.5 0L15 8L7.5 0L0 8\" id=\"a6L8UcKib\"><\/path><\/defs><g><g><use xlink:href=\"#a6L8UcKib\" opacity=\"1\" fill-opacity=\"0\" stroke=\"#000000\" stroke-width=\"1\" stroke-opacity=\"1\"><\/use><\/g><\/g><\/svg><\/div><\/div>[vc_empty_space height=&#8221;30px&#8221;][vc_column_text]Gr\u00e2ce \u00e0 sa propre situation g\u00e9ographique, Arcos de la Frontera fut toujours un lieu strat\u00e9gique privil\u00e9gi\u00e9 h\u00e9bergeant plusieurs civilisations.<\/p>\n<p>Ses fondateurs romains appel\u00e8rent la ville <strong><em>Arx-Arcis<\/em><\/strong> (\u00ab forteresse sur la hauteur \u00bb) qui devint <em><strong>Medina-Arko<\/strong>s<\/em> apr\u00e8s l&#8217;invasion des musulmans ; cette civilisation laissera des empreintes importantes sur la ville pour toujours. C&#8217;est dans cette \u00e9poque-ci quand Arcos fut une ville vraiment prosp\u00e8re et florissante, jusqu&#8217;\u00e0 devenir un petit royaume de ta\u00effa gouvern\u00e9 par Ben Hazroum, roi d&#8217;origine berb\u00e8re.<\/p>\n<p>Le 29 septembre 1255, et post\u00e9rieurement en octobre 1264, le roi <strong>Alphonse X<\/strong> le Sage conquit la ville pour augmenter la grandeur de Castille. Son air arabe resta dans ses rues \u00e9troites et ses maisons blanches, le ch\u00e2teau \u00e9lev\u00e9, la Porte Matrera (le seul vestige de l&#8217;enceinte entour\u00e9e qui joua un r\u00f4le d\u00e9cisif dans la d\u00e9fense de la ville \u00e0 l&#8217;est) et les moulins artisanaux. Avec l&#8217;arriv\u00e9e des chr\u00e9tiens, la ville cr\u00fbt hors des murailles qui l&#8217;entouraient et commen\u00e7a la construction de temples magnifiques et luxueux et d&#8217;autres b\u00e2timents religieux (des couvents, des hospices, des chapelles, etc.). Cependant l&#8217;apog\u00e9e de l&#8217;\u00e9poque chr\u00e9tienne aurait lieu entre le XV<sup>e<\/sup> et le XVIII<sup>e<\/sup> si\u00e8cle.<\/p>\n<p>Finies les disputes entre musulmans et chr\u00e9tiens, d&#8217;autres moins sanglantes mais peut-\u00eatre plus curieuses commenc\u00e8rent entre les deux \u00e9glises principales de la ville, Santa Mar\u00eda et San Pedro, dont les paroissiens d\u00e9cid\u00e8rent de lutter pour que leur \u00e9glise soit choisie \u00ab \u00c9glise majeure, la plus ancienne, insigne et principale d\u2019Arcos \u00bb, un privil\u00e8ge qui finit par \u00e9choir \u00e0 Santa Mar\u00eda selon le titre donn\u00e9 par le Sacr\u00e9 tribunal de la Rote romaine en 1764. C&#8217;est gr\u00e2ce aux monuments chr\u00e9tiens que toute la vieille ville d&#8217;Arcos fut d\u00e9clar\u00e9e \u00ab Ensemble monumental, historique et artistique \u00bb par d\u00e9cret royal de mars 1962 ; ce d\u00e9cret royal fut d\u00e9termin\u00e9 par l&#8217;ancienne muraille de la ville et les vestiges limit\u00e9s encore conserv\u00e9s.<\/p>\n<p style=\"text-align: justify;\">Avec le but de pr\u00e9server l&#8217;Ensemble monumental, le Conseil de gouvernement de la Junte d&#8217;Andalousie annon\u00e7a son agrandissement. Il y a aussi deux autres monuments d\u00e9clar\u00e9s historiques et artistiques : la Petite basilique de Santa Mar\u00eda et l&#8217;orgue de cette m\u00eame \u00e9glise. Il faut visiter Arcos, la \u00ab ville des po\u00e8tes \u00bb (ainsi appel\u00e9e gr\u00e2ce aux nombreux artistes n\u00e9s ou \u00e9tablis ici), lentement, la d\u00e9couvrir peu \u00e0 peu, sans h\u00e2te ; il faut s&#8217;\u00e9prendre d&#8217;un coin, d&#8217;une rue en pente, d&#8217;un joyau architectonique, se r\u00e9galer de son go\u00fbt de ville pleine de traditions, pour que son image reste toujours dans la m\u00e9moire de tous.<\/p>\n<p>[\/vc_column_text][\/vc_column][\/vc_row][vc_row full_width=&#8221;stretch_row&#8221; video_bg=&#8221;yes&#8221; video_bg_url=&#8221;https:\/\/www.youtube.com\/watch?v=Ybue7zDI_yk&#8221; css=&#8221;.vc_custom_1615535365959{padding-top: 120px !important;padding-bottom: 120px !important;}&#8221;][vc_column width=&#8221;2\/12&#8243;][\/vc_column][vc_column width=&#8221;8\/12&#8243; dt_animation=&#8221;wow fadeInUp&#8221;]<div class=\"title-center\"><div class=\"dt-title-wrapper section-title-big style-1\"><h2 class=\"section-title\">Empieza aqu\u00ed<\/h2><svg class=\"zigzag\" version=\"1.1\" xmlns=\"http:\/\/www.w3.org\/2000\/svg\" xmlns:xlink=\"http:\/\/www.w3.org\/1999\/xlink\" preserveAspectRatio=\"xMidYMid meet\" viewBox=\"0 0 90 8\" width=\"90\" height=\"8\"><defs><path d=\"M90 8L82.5 0L75 8L67.5 0L60 8L52.5 0L45 8L37.5 0L30 8L22.5 0L15 8L7.5 0L0 8\" id=\"a6L8UcKib\"><\/path><\/defs><g><g><use xlink:href=\"#a6L8UcKib\" opacity=\"1\" fill-opacity=\"0\" stroke=\"#000000\" stroke-width=\"1\" stroke-opacity=\"1\"><\/use><\/g><\/g><\/svg><\/div><\/div>[vc_empty_space 0=&#8221;&#8221;][vc_raw_html 0=&#8221;&#8221;]JTNDZGl2JTIwY2xhc3MlM0QlMjJkdC1wbGF5LXZpZGVvJTIyJTNFJTBBJTIwJTIwJTIwJTIwJTNDYSUyMGNsYXNzJTNEJTIyaWZyYW1lLXZpZGVvJTIwbWZwLWlmcmFtZSUyMiUyMGhyZWYlM0QlMjJodHRwcyUzQSUyRiUyRnd3dy55b3V0dWJlLmNvbSUyRndhdGNoJTNGdiUzRG1nbVZPdUxnRkIwJTIyJTNFJTNDaSUyMGNsYXNzJTNEJTIyZmElMjBmYS1wbGF5JTIyJTNFJTNDJTJGaSUzRSUzQyUyRmElM0UlMEElMjAlMjAlMjAlMjAlM0NhJTIwY2xhc3MlM0QlMjJpZnJhbWUtdmlkZW8lMjBtZnAtaWZyYW1lJTIyJTIwaHJlZiUzRCUyMmh0dHBzJTNBJTJGJTJGd3d3LnlvdXR1YmUuY29tJTJGd2F0Y2glM0Z2JTNEbWdtVk91TGdGQjAlMjIlM0VQbGF5JTIwVmlkZW8lM0MlMkZhJTNFJTBBJTNDJTJGZGl2JTNF[\/vc_raw_html][\/vc_column][vc_column width=&#8221;2\/12&#8243;][\/vc_column][\/vc_row][vc_row full_width=&#8221;stretch_row&#8221; css=&#8221;.vc_custom_1497330579291{padding-top: 30px !important;padding-bottom: 35px !important;background-color: #ededed !important;}&#8221;][vc_column width=&#8221;1\/12&#8243;][\/vc_column][vc_column width=&#8221;7\/12&#8243;][vc_custom_heading text=&#8221;As-tu un doute? Contactez-nous.&#8221; font_container=&#8221;tag:p|font_size:36px|text_align:left|color:%23323232|line_height:42px&#8221; use_theme_fonts=&#8221;yes&#8221; css_animation=&#8221;fadeInUp&#8221;][\/vc_column][vc_column css_animation=&#8221;none&#8221; width=&#8221;3\/12&#8243; dt_animation=&#8221;wow fadeInUp&#8221; dt_animation_delay=&#8221;0.4&#8243;]<div class=\"button-right\"><a  class=\"dt-button green  round  dt-icon-left\" href=\"#\"><i class=\"fa fa-paper-plane-o\"><\/i>Former<\/a><\/div>[\/vc_column][vc_column width=&#8221;1\/12&#8243;][\/vc_column][\/vc_row]<\/p>\n<\/div>","protected":false},"excerpt":{"rendered":"<p>[vc_row full_width=&#8221;stretch_row&#8221; content_placement=&#8221;middle&#8221; parallax=&#8221;content-moving-fade&#8221; parallax_image=&#8221;965&#8243; el_id=&#8221;about-us&#8221; dt_color=&#8221;#4dbb67&#8243; dt_color_opacity=&#8221;70&#8243; css=&#8221;.vc_custom_1616067093628{padding-top: 300px !important;padding-bottom: 50px !important;}&#8221;][vc_column width=&#8221;1\/6&#8243;][\/vc_column][vc_column width=&#8221;2\/3&#8243; dt_animation=&#8221;wow fadeInUp&#8221; dt_animation_delay=&#8221;0.3&#8243;][\/vc_column][vc_column&#8230; <a class=\"excerpt-read-more\" href=\"https:\/\/www.turismoarcos.es\/fr\/conoce-arcos\/\"><span>Read More<\/span><\/a><\/p>\n","protected":false},"author":1,"featured_media":0,"parent":0,"menu_order":0,"comment_status":"closed","ping_status":"closed","template":"","meta":{"footnotes":""},"class_list":["post-5850","page","type-page","status-publish","hentry"],"_links":{"self":[{"href":"https:\/\/www.turismoarcos.es\/fr\/wp-json\/wp\/v2\/pages\/5850","targetHints":{"allow":["GET"]}}],"collection":[{"href":"https:\/\/www.turismoarcos.es\/fr\/wp-json\/wp\/v2\/pages"}],"about":[{"href":"https:\/\/www.turismoarcos.es\/fr\/wp-json\/wp\/v2\/types\/page"}],"author":[{"embeddable":true,"href":"https:\/\/www.turismoarcos.es\/fr\/wp-json\/wp\/v2\/users\/1"}],"replies":[{"embeddable":true,"href":"https:\/\/www.turismoarcos.es\/fr\/wp-json\/wp\/v2\/comments?post=5850"}],"version-history":[{"count":5,"href":"https:\/\/www.turismoarcos.es\/fr\/wp-json\/wp\/v2\/pages\/5850\/revisions"}],"predecessor-version":[{"id":7469,"href":"https:\/\/www.turismoarcos.es\/fr\/wp-json\/wp\/v2\/pages\/5850\/revisions\/7469"}],"wp:attachment":[{"href":"https:\/\/www.turismoarcos.es\/fr\/wp-json\/wp\/v2\/media?parent=5850"}],"curies":[{"name":"wp","href":"https:\/\/api.w.org\/{rel}","templated":true}]}}