{"id":6054,"date":"2021-06-28T09:38:12","date_gmt":"2021-06-28T09:38:12","guid":{"rendered":"https:\/\/www.turismoarcos.es\/nuestros-vinos-y-bodegas\/"},"modified":"2021-11-03T12:57:41","modified_gmt":"2021-11-03T11:57:41","slug":"nuestros-vinos-y-bodegas","status":"publish","type":"page","link":"https:\/\/www.turismoarcos.es\/fr\/nuestros-vinos-y-bodegas\/","title":{"rendered":"Nos Vin Et Caves"},"content":{"rendered":"<div class=\"wpb-content-wrapper\"><p>[vc_row full_width=&#8221;stretch_row&#8221; rtl_reverse=&#8221;yes&#8221; parallax=&#8221;content-moving&#8221; parallax_image=&#8221;2298&#8243; css=&#8221;.vc_custom_1631868335499{padding-top: 300px !important;padding-bottom: 150px !important;}&#8221;][vc_column css=&#8221;.vc_custom_1497333355466{padding-top: 0px !important;}&#8221;][vc_row_inner][vc_column_inner width=&#8221;1\/4&#8243;][\/vc_column_inner][vc_column_inner width=&#8221;1\/2&#8243; dt_animation=&#8221;wow fadeInUp&#8221; css=&#8221;.vc_custom_1616071931749{padding-top: 150px !important;padding-right: 80px !important;padding-bottom: 70px !important;padding-left: 80px !important;background-color: rgba(255,255,255,0.85) !important;*background-color: rgb(255,255,255) !important;}&#8221; dt_animation_delay=&#8221;1&#8243;]<div class=\"title-center\"><div class=\"dt-title-wrapper section-title-big style-1\"><h2 class=\"section-title\">Nos Vin Et Caves<\/h2><svg class=\"zigzag\" version=\"1.1\" xmlns=\"http:\/\/www.w3.org\/2000\/svg\" xmlns:xlink=\"http:\/\/www.w3.org\/1999\/xlink\" preserveAspectRatio=\"xMidYMid meet\" viewBox=\"0 0 90 8\" width=\"90\" height=\"8\"><defs><path d=\"M90 8L82.5 0L75 8L67.5 0L60 8L52.5 0L45 8L37.5 0L30 8L22.5 0L15 8L7.5 0L0 8\" id=\"a6L8UcKib\"><\/path><\/defs><g><g><use xlink:href=\"#a6L8UcKib\" opacity=\"1\" fill-opacity=\"0\" stroke=\"#000000\" stroke-width=\"1\" stroke-opacity=\"1\"><\/use><\/g><\/g><\/svg><\/div><\/div>[\/vc_column_inner][vc_column_inner width=&#8221;1\/4&#8243;][\/vc_column_inner][\/vc_row_inner][\/vc_column][\/vc_row][vc_row][vc_column][vc_text_separator title=&#8221;&#8221; color=&#8221;green&#8221;][vc_column_text]Les terres fertiles d&#8217;Arcos de la Frontera nous offrent l&#8217;occasion de produire nos propres vins, blancs et rouges, de renomm\u00e9e nationale et internationale ; surtout les vins rouges d&#8217;Arcos, qui furent les premiers \u00e0 \u00eatre embouteill\u00e9s en Andalousie et les pionniers de la province de Cadix.[\/vc_column_text][\/vc_column][\/vc_row][vc_row][vc_column width=&#8221;1\/2&#8243;][vc_single_image image=&#8221;3248&#8243; img_size=&#8221;large&#8221; alignment=&#8221;center&#8221;][vc_text_separator title=&#8221;Cave \u201cHuerta de Albal\u00e1\u201d&#8221; color=&#8221;custom&#8221; accent_color=&#8221;#4dbb67&#8243;][vc_column_text]Nous offrons du vin rouge Taberner, du vin rouge Barba Azul et du vin ros\u00e9 Barba Rosa.<\/p>\n<p>Route d\u2019Alberite km 12<\/p>\n<p>11630 Arcos de la Frontera, Cadix<\/p>\n<p>T\u00e9l : 956 10 13 00<\/p>\n<p><span style=\"color: #3366ff;\"><a style=\"color: #3366ff;\" href=\"mailto:bodega@huertadealbala.com\">bodega@huertadealbala.com<\/a><\/span><\/p>\n<p><span style=\"color: #3366ff;\"><a style=\"color: #3366ff;\" href=\"http:\/\/www.huertadealbala.com\">www.huertadealbala.com<\/a><\/span>[\/vc_column_text][\/vc_column][vc_column width=&#8221;1\/2&#8243;][vc_single_image image=&#8221;3258&#8243; img_size=&#8221;large&#8221; alignment=&#8221;center&#8221;][vc_text_separator title=&#8221;Cave \u201cFinca Moncloa\u201d (Grupo Gonz\u00e1lez Byass).&#8221; color=&#8221;custom&#8221; accent_color=&#8221;#4dbb67&#8243;][vc_column_text]Nous offrons du vin rouge Moncloa<\/p>\n<p>Route Arcos-San Jos\u00e9 del Valle, Paraje de Ca\u00f1ada de Baes<\/p>\n<p>11630 Arcos de la Frontera, Cadix<\/p>\n<p>T\u00e9l : 956 35 70 00<\/p>\n<p><span style=\"color: #3366ff;\">www.tiendagonzalezbyass.com\/finca-moncloa<\/span><\/p>\n<p><span style=\"color: #3366ff;\"><a style=\"color: #3366ff;\" href=\"http:\/\/www.tiendagonzalezbyass.com\/finca-moncloa\">www.tiendagonzalezbyass.com\/finca-moncloa<\/a><\/span>[\/vc_column_text][\/vc_column][\/vc_row][vc_row][vc_column width=&#8221;1\/2&#8243;][vc_single_image image=&#8221;3247&#8243; img_size=&#8221;large&#8221; alignment=&#8221;center&#8221;][vc_text_separator title=&#8221;Cave \u201cLA VICAR\u00cdA\u201d (BODEGAS P\u00c1EZ MORILLA)&#8221; color=&#8221;custom&#8221; accent_color=&#8221;#4dbb67&#8243;][vc_column_text]Nous offrons du vin blanc Tierra Blanca et du vin rouge Vi\u00f1a Luc\u00eda.<\/p>\n<p>Route Arcos-San Jos\u00e9 del Valle<\/p>\n<p>11630 Arcos de la Frontera Cadix<\/p>\n<p>T\u00e9l : 956 18 17 17<\/p>\n<p><span style=\"color: #3366ff;\"><a style=\"color: #3366ff;\" href=\"mailto:bodegas@paezmorilla.com\">bodegas@paezmorilla.com <\/a><\/span><\/p>\n<p><span style=\"color: #3366ff;\"><a style=\"color: #3366ff;\" href=\"http:\/\/www.bodegaspaezmorilla.com\">www.bodegaspaezmorilla.com<\/a><\/span>[\/vc_column_text][\/vc_column][vc_column width=&#8221;1\/2&#8243;][vc_single_image image=&#8221;3249&#8243; img_size=&#8221;large&#8221; alignment=&#8221;center&#8221;][vc_text_separator title=&#8221;Cave \u201cBARBADILLO\u201d&#8221; color=&#8221;custom&#8221; accent_color=&#8221;#4dbb67&#8243;][vc_column_text]Nous offrons du vin rouge Gibalb\u00edn<\/p>\n<p>Route CA-5101 Arcos-Gibalb\u00edn km 14,4 Gibalb\u00edn<\/p>\n<p>11400 Jerez de la Frontera<\/p>\n<p>T\u00e9l : 956 38 55 00<\/p>\n<p><span style=\"color: #3366ff;\"><a style=\"color: #3366ff;\" href=\"mailto:reservas@barbadillo.com\">reservas@barbadillo.com<\/a><\/span><\/p>\n<p><a href=\"http:\/\/www.barbadillo.com\"><span style=\"color: #3366ff;\">www.barbadillo.com<\/span><\/a>[\/vc_column_text][\/vc_column][\/vc_row][vc_row][vc_column width=&#8221;1\/2&#8243;][vc_single_image image=&#8221;3245&#8243; img_size=&#8221;large&#8221; alignment=&#8221;center&#8221;][vc_text_separator title=&#8221;Cave \u201cREGANT\u00cdO \u201c&#8221; color=&#8221;custom&#8221; accent_color=&#8221;#4dbb67&#8243;][vc_column_text]Nous offrons du vin rouge Regant\u00edo<\/p>\n<p>Route d\u2019Alberite km 9<\/p>\n<p>11630 Arcos de la Frontera, Cadix<\/p>\n<p>Telf: 956 108 306 \u00b7 627 651 650<\/p>\n<p><span style=\"color: #3366ff;\"><a style=\"color: #3366ff;\" href=\"mailto:info@bodegaregantio.com\">info@bodegaregantio.com<\/a><\/span><\/p>\n<p><span style=\"color: #3366ff;\"><a style=\"color: #3366ff;\" href=\"http:\/\/bodegaregantio.com\/\">bodegaregantio.com<\/a><\/span>[\/vc_column_text][\/vc_column][vc_column width=&#8221;1\/2&#8243;][vc_single_image image=&#8221;3250&#8243; img_size=&#8221;large&#8221; alignment=&#8221;center&#8221;][vc_text_separator title=&#8221;Cava GUARDI WINES&#8221; color=&#8221;custom&#8221; accent_color=&#8221;#4dbb67&#8243;][vc_column_text]Route Arcos \u2013 Algar km 5 (\u00e0 droite) Finca El Higueral<\/p>\n<p>Tel. 956 79 92 68<\/p>\n<p><span style=\"color: #3366ff;\"><a style=\"color: #3366ff;\" href=\"http:\/\/www.guadiwines.com\">www.guadiwines.com<\/a><\/span><\/p>\n<p><span style=\"color: #3366ff;\"><a style=\"color: #3366ff;\" href=\"mailto:guardi@guardiwines.com\">guardi@guardiwines.com<\/a><\/span>[\/vc_column_text][\/vc_column][\/vc_row][vc_row][vc_column width=&#8221;1\/2&#8243;][vc_single_image image=&#8221;3251&#8243; img_size=&#8221;large&#8221; alignment=&#8221;center&#8221;][vc_text_separator title=&#8221;Cave IBARG\u00dcEN. \u201dFINCA LAS POSADAS\u201c&#8221; color=&#8221;custom&#8221; accent_color=&#8221;#4dbb67&#8243;][vc_column_text]Nous offrons du vin rouge Ibarg\u00fcen<\/p>\n<p>Finca Las Posadas, Route A-372 Arcos-El Bosque km 18<\/p>\n<p>11630 Arcos de la Frontera, Cadix<\/p>\n<p>T\u00e9l : 696 90 14 54<\/p>\n<p><span style=\"color: #3366ff;\"><a style=\"color: #3366ff;\" href=\"mailto:vinosdeibarguen@msn.com\">vinosdeibarguen@msn.com <\/a><\/span><\/p>\n<p><span style=\"color: #3366ff;\">www.bodegasibarguen.com<\/span>[\/vc_column_text][\/vc_column][vc_column width=&#8221;1\/2&#8243;][vc_single_image image=&#8221;3246&#8243; img_size=&#8221;large&#8221; alignment=&#8221;center&#8221;][vc_text_separator title=&#8221;Cave \u201cTESALIA\u201d&#8221; color=&#8221;custom&#8221; accent_color=&#8221;#4dbb67&#8243;][vc_column_text]Ctra. De la Perdiz a las Abiertas CA 61066 km. 3.5<\/p>\n<p>11.630 Arcos de la Frontera (Cadix)<\/p>\n<p>Telf. 611 187 157<\/p>\n<p><span style=\"color: #3366ff;\"><a style=\"color: #3366ff;\" href=\"http:\/\/www.bodegastesalia.com\">www.bodegastesalia.com<\/a><\/span><\/p>\n<p><span style=\"color: #3366ff;\"><a style=\"color: #3366ff;\" href=\"mailto:visitas@bodegatesalia.com\">visitas@bodegatesalia.com<\/a><\/span>[\/vc_column_text][\/vc_column][\/vc_row]<\/p>\n<\/div>","protected":false},"excerpt":{"rendered":"<p>[vc_row full_width=&#8221;stretch_row&#8221; rtl_reverse=&#8221;yes&#8221; parallax=&#8221;content-moving&#8221; parallax_image=&#8221;2298&#8243; css=&#8221;.vc_custom_1631868335499{padding-top: 300px !important;padding-bottom: 150px !important;}&#8221;][vc_column css=&#8221;.vc_custom_1497333355466{padding-top: 0px !important;}&#8221;][vc_row_inner][vc_column_inner width=&#8221;1\/4&#8243;][\/vc_column_inner][vc_column_inner width=&#8221;1\/2&#8243; dt_animation=&#8221;wow fadeInUp&#8221; css=&#8221;.vc_custom_1616071931749{padding-top:&#8230; <a class=\"excerpt-read-more\" href=\"https:\/\/www.turismoarcos.es\/fr\/nuestros-vinos-y-bodegas\/\"><span>Read More<\/span><\/a><\/p>\n","protected":false},"author":4,"featured_media":0,"parent":0,"menu_order":0,"comment_status":"closed","ping_status":"closed","template":"","meta":{"footnotes":""},"class_list":["post-6054","page","type-page","status-publish","hentry"],"_links":{"self":[{"href":"https:\/\/www.turismoarcos.es\/fr\/wp-json\/wp\/v2\/pages\/6054","targetHints":{"allow":["GET"]}}],"collection":[{"href":"https:\/\/www.turismoarcos.es\/fr\/wp-json\/wp\/v2\/pages"}],"about":[{"href":"https:\/\/www.turismoarcos.es\/fr\/wp-json\/wp\/v2\/types\/page"}],"author":[{"embeddable":true,"href":"https:\/\/www.turismoarcos.es\/fr\/wp-json\/wp\/v2\/users\/4"}],"replies":[{"embeddable":true,"href":"https:\/\/www.turismoarcos.es\/fr\/wp-json\/wp\/v2\/comments?post=6054"}],"version-history":[{"count":5,"href":"https:\/\/www.turismoarcos.es\/fr\/wp-json\/wp\/v2\/pages\/6054\/revisions"}],"predecessor-version":[{"id":6089,"href":"https:\/\/www.turismoarcos.es\/fr\/wp-json\/wp\/v2\/pages\/6054\/revisions\/6089"}],"wp:attachment":[{"href":"https:\/\/www.turismoarcos.es\/fr\/wp-json\/wp\/v2\/media?parent=6054"}],"curies":[{"name":"wp","href":"https:\/\/api.w.org\/{rel}","templated":true}]}}