{"id":6178,"date":"2021-03-18T13:26:52","date_gmt":"2021-03-18T13:26:52","guid":{"rendered":"https:\/\/www.turismoarcos.es\/iglesia-de-san-agustin\/"},"modified":"2025-11-05T18:10:13","modified_gmt":"2025-11-05T17:10:13","slug":"iglesia-de-san-agustin","status":"publish","type":"page","link":"https:\/\/www.turismoarcos.es\/fr\/iglesia-de-san-agustin\/","title":{"rendered":"L&#8217;\u00c9glise de San Agust\u00edn"},"content":{"rendered":"<div class=\"wpb-content-wrapper\">[vc_row full_width=&#8221;stretch_row&#8221; parallax=&#8221;content-moving-fade&#8221; parallax_image=&#8221;1899&#8243; el_id=&#8221;about-us&#8221; dt_color=&#8221;#abd8a6&#8243; dt_color_opacity=&#8221;70&#8243; css=&#8221;.vc_custom_1632474096979{padding-top: 300px !important;padding-bottom: 90px !important;}&#8221;][vc_column width=&#8221;1\/6&#8243;][\/vc_column][vc_column width=&#8221;2\/3&#8243; dt_animation=&#8221;wow fadeInUp&#8221; dt_animation_delay=&#8221;0.3&#8243;]<div class=\"title-center\"><div class=\"dt-title-wrapper section-title-big style-1\"><h2 class=\"section-title\">L'\u00c9glise de San Agust\u00edn<\/h2><svg class=\"zigzag\" version=\"1.1\" xmlns=\"http:\/\/www.w3.org\/2000\/svg\" xmlns:xlink=\"http:\/\/www.w3.org\/1999\/xlink\" preserveAspectRatio=\"xMidYMid meet\" viewBox=\"0 0 90 8\" width=\"90\" height=\"8\"><defs><path d=\"M90 8L82.5 0L75 8L67.5 0L60 8L52.5 0L45 8L37.5 0L30 8L22.5 0L15 8L7.5 0L0 8\" id=\"a6L8UcKib\"><\/path><\/defs><g><g><use xlink:href=\"#a6L8UcKib\" opacity=\"1\" fill-opacity=\"0\" stroke=\"#000000\" stroke-width=\"1\" stroke-opacity=\"1\"><\/use><\/g><\/g><\/svg><\/div><\/div>[\/vc_column][vc_column width=&#8221;1\/6&#8243;][\/vc_column][\/vc_row][vc_row][vc_column][vc_column_text][\/vc_column_text][\/vc_column][\/vc_row][vc_row full_width=&#8221;stretch_row_content&#8221; equal_height=&#8221;yes&#8221;][vc_column width=&#8221;1\/2&#8243; css=&#8221;.vc_custom_1616057344094{padding-top: 0px !important;padding-bottom: 0px !important;background-position: center !important;background-repeat: no-repeat !important;background-size: cover !important;}&#8221;]<div id=\"dt-gallery-ceb\" class=\"delicious-gallery-wrapper\" data-token=\"JEd0I\"><ul class=\"delicious-gallery isotope dt-gallery is-grid dt-gap-20\"><li class=\"delicious-gallery-item  remove-grayscale\"><a class=\"not-link dt-lightbox-gallery\" title=\"San Agust\u00edn\" href=\"https:\/\/www.turismoarcos.es\/wp-content\/uploads\/2021\/03\/san-agustin_001.jpg\"><img loading=\"lazy\" decoding=\"async\" class=\"no-lazy\" src=\"https:\/\/www.turismoarcos.es\/wp-content\/uploads\/2021\/03\/san-agustin_001-490x380.jpg\" width=\"533\" height=\"800\" alt=\"San Agust\u00edn\" \/><div class=\"delicious-gallery-on-hover\"><span class=\"is-alt-text\">San Agust\u00edn<\/span><\/div><\/a><\/li><li class=\"delicious-gallery-item  remove-grayscale\"><a class=\"not-link dt-lightbox-gallery\" title=\"San Agust\u00edn\" href=\"https:\/\/www.turismoarcos.es\/wp-content\/uploads\/2021\/03\/san-agustin_002.jpg\"><img loading=\"lazy\" decoding=\"async\" class=\"no-lazy\" src=\"https:\/\/www.turismoarcos.es\/wp-content\/uploads\/2021\/03\/san-agustin_002-490x380.jpg\" width=\"800\" height=\"600\" alt=\"San Agust\u00edn\" \/><div class=\"delicious-gallery-on-hover\"><span class=\"is-alt-text\">San Agust\u00edn<\/span><\/div><\/a><\/li><li class=\"delicious-gallery-item  remove-grayscale\"><a class=\"not-link dt-lightbox-gallery\" title=\"San Agust\u00edn\" href=\"https:\/\/www.turismoarcos.es\/wp-content\/uploads\/2021\/03\/san-agustin_011.jpg\"><img loading=\"lazy\" decoding=\"async\" class=\"no-lazy\" src=\"https:\/\/www.turismoarcos.es\/wp-content\/uploads\/2021\/03\/san-agustin_011-490x380.jpg\" width=\"800\" height=\"533\" alt=\"San Agust\u00edn\" \/><div class=\"delicious-gallery-on-hover\"><span class=\"is-alt-text\">San Agust\u00edn<\/span><\/div><\/a><\/li><li class=\"delicious-gallery-item  remove-grayscale\"><a class=\"not-link dt-lightbox-gallery\" title=\"San Agust\u00edn\" href=\"https:\/\/www.turismoarcos.es\/wp-content\/uploads\/2021\/03\/san-agustin_010.jpg\"><img loading=\"lazy\" decoding=\"async\" class=\"no-lazy\" src=\"https:\/\/www.turismoarcos.es\/wp-content\/uploads\/2021\/03\/san-agustin_010-490x380.jpg\" width=\"800\" height=\"533\" alt=\"San Agust\u00edn\" \/><div class=\"delicious-gallery-on-hover\"><span class=\"is-alt-text\">San Agust\u00edn<\/span><\/div><\/a><\/li><li class=\"delicious-gallery-item  remove-grayscale\"><a class=\"not-link dt-lightbox-gallery\" title=\"San Agust\u00edn\" href=\"https:\/\/www.turismoarcos.es\/wp-content\/uploads\/2021\/03\/san-agustin_008.jpg\"><img loading=\"lazy\" decoding=\"async\" class=\"no-lazy\" src=\"https:\/\/www.turismoarcos.es\/wp-content\/uploads\/2021\/03\/san-agustin_008-490x380.jpg\" width=\"400\" height=\"600\" alt=\"San Agust\u00edn\" \/><div class=\"delicious-gallery-on-hover\"><span class=\"is-alt-text\">San Agust\u00edn<\/span><\/div><\/a><\/li><li class=\"delicious-gallery-item  remove-grayscale\"><a class=\"not-link dt-lightbox-gallery\" title=\"San Agust\u00edn\" href=\"https:\/\/www.turismoarcos.es\/wp-content\/uploads\/2021\/03\/san-agustin_007.jpg\"><img loading=\"lazy\" decoding=\"async\" class=\"no-lazy\" src=\"https:\/\/www.turismoarcos.es\/wp-content\/uploads\/2021\/03\/san-agustin_007-490x380.jpg\" width=\"400\" height=\"600\" alt=\"San Agust\u00edn\" \/><div class=\"delicious-gallery-on-hover\"><span class=\"is-alt-text\">San Agust\u00edn<\/span><\/div><\/a><\/li><li class=\"delicious-gallery-item  remove-grayscale\"><a class=\"not-link dt-lightbox-gallery\" title=\"San Agust\u00edn\" href=\"https:\/\/www.turismoarcos.es\/wp-content\/uploads\/2021\/03\/san-agustin_005.jpg\"><img loading=\"lazy\" decoding=\"async\" class=\"no-lazy\" src=\"https:\/\/www.turismoarcos.es\/wp-content\/uploads\/2021\/03\/san-agustin_005-490x380.jpg\" width=\"400\" height=\"600\" alt=\"San Agust\u00edn\" \/><div class=\"delicious-gallery-on-hover\"><span class=\"is-alt-text\">San Agust\u00edn<\/span><\/div><\/a><\/li><li class=\"delicious-gallery-item  remove-grayscale\"><a class=\"not-link dt-lightbox-gallery\" title=\"San Agust\u00edn\" href=\"https:\/\/www.turismoarcos.es\/wp-content\/uploads\/2021\/03\/san-agustin_004.jpg\"><img loading=\"lazy\" decoding=\"async\" class=\"no-lazy\" src=\"https:\/\/www.turismoarcos.es\/wp-content\/uploads\/2021\/03\/san-agustin_004-490x380.jpg\" width=\"400\" height=\"600\" alt=\"San Agust\u00edn\" \/><div class=\"delicious-gallery-on-hover\"><span class=\"is-alt-text\">San Agust\u00edn<\/span><\/div><\/a><\/li><li class=\"delicious-gallery-item  remove-grayscale\"><a class=\"not-link dt-lightbox-gallery\" title=\"San Agust\u00edn\" href=\"https:\/\/www.turismoarcos.es\/wp-content\/uploads\/2021\/03\/san-agustin_003.jpg\"><img loading=\"lazy\" decoding=\"async\" class=\"no-lazy\" src=\"https:\/\/www.turismoarcos.es\/wp-content\/uploads\/2021\/03\/san-agustin_003-490x380.jpg\" width=\"800\" height=\"600\" alt=\"San Agust\u00edn\" \/><div class=\"delicious-gallery-on-hover\"><span class=\"is-alt-text\">San Agust\u00edn<\/span><\/div><\/a><\/li><\/ul><\/div>[\/vc_column][vc_column width=&#8221;1\/2&#8243; dt_animation=&#8221;wow fadeInUp&#8221; css=&#8221;.vc_custom_1616057854293{padding-top: 70px !important;padding-right: 80px !important;padding-bottom: 80px !important;padding-left: 80px !important;background-color: #fafafa !important;}&#8221; dt_animation_delay=&#8221;0.3&#8243;][vc_column_text css=&#8221;&#8221;]Sa fondation comme Couvent de San Juan de Letr\u00e1n eut lieu en 1539. Dedans v\u00e9cut le <em>Beaterio de las Emparedadas<\/em> (un groupe de femmes qui s&#8217;enfermaient pendant des ann\u00e9es afin de faire p\u00e9nitence et prier) jusqu&#8217;\u00e0 la fin des travaux du Couvent de La Encarnaci\u00f3n o\u00f9 elles d\u00e9m\u00e9nag\u00e8rent.\r\n\r\nEn 1586, les P\u00e8res augustins de l\u2019observance fond\u00e8rent le couvent des moines augustins chauss\u00e9s et construisirent une \u00e9glise meilleure, b\u00e9nie en 1857 ; le retable principal fut r\u00e9alis\u00e9 par Mart\u00edn Hern\u00e1ndez, charpentier et sculpteur local. Le couvent v\u00e9cut une \u00e9poque florissante et poss\u00e9dait vingt religieux pr\u00e9dicateurs qui enseignaient la grammaire, l&#8217;art et la philosophie au d\u00e9but du XVIII<sup>e<\/sup> si\u00e8cle. Les \u00e9rudits locaux nous racontent que le grand clo\u00eetre avait vingt-huit colonnes en jaspe noir. Le couvent commen\u00e7a son d\u00e9clin \u00e0 partir du XIX<sup>e<\/sup> si\u00e8cle, lorsqu&#8217;il n&#8217;avait que seulement six augustins. En 1835 le d\u00e9samortissement obligea les moines \u00e0 abandonner le couvent.\r\n\r\nApr\u00e8s l&#8217;abandonnement, le couvent devint des ruines ; seulement l&#8217;\u00e9glise reste. \u00c0 l&#8217;int\u00e9rieur, nous devons faire attention \u00e0 la sculpture de Jes\u00fas Nazareno car il profite de la ferveur et la d\u00e9votion populaire de toute la ville. Sa confr\u00e9rie fut fond\u00e9e en 1564 avec l&#8217;encouragement des P\u00e8res augustins. En 1600 ils charg\u00e8rent le sculpteur italien Jacome Velard\u00ed de faire un Christ de \u00ab deux <em>varas<\/em> [une ancienne unit\u00e9 de mesure espagnole] de hauteur, avec sa croix grosse et marron, des civi\u00e8res [pour transporter l&#8217;image] et des socles \u00bb.\r\n\r\nL&#8217;aube du Vendredi saint le Christ processionne par les rues d&#8217;Arcos suivi par un grand nombre de d\u00e9vots.\r\n\r\n<strong>\u00a0<\/strong>\r\n\r\n<strong>HORAIRES<\/strong>\u00a0:\r\n\r\nLundi et samedi: de 10h30 \u00e0 13h\r\n\r\n&nbsp;\r\n\r\nGratuit[\/vc_column_text][vc_empty_space height=&#8221;40px&#8221;][\/vc_column][\/vc_row][vc_row][vc_column][vc_column_text][\/vc_column_text][\/vc_column][\/vc_row][vc_row full_width=&#8221;stretch_row&#8221; css=&#8221;.vc_custom_1497330579291{padding-top: 30px !important;padding-bottom: 35px !important;background-color: #ededed !important;}&#8221;][vc_column width=&#8221;1\/12&#8243;][\/vc_column][vc_column width=&#8221;7\/12&#8243;][vc_custom_heading text=&#8221;As-tu un doute?&#8221; font_container=&#8221;tag:p|font_size:36px|text_align:left|color:%23323232|line_height:42px&#8221; use_theme_fonts=&#8221;yes&#8221; css_animation=&#8221;fadeInUp&#8221;][\/vc_column][vc_column css_animation=&#8221;none&#8221; width=&#8221;3\/12&#8243; dt_animation=&#8221;wow fadeInUp&#8221; dt_animation_delay=&#8221;0.4&#8243;]<div class=\"button-right\"><a  class=\"dt-button green  round  dt-icon-left\" href=\"#\"><i class=\"fa fa-paper-plane-o\"><\/i>FORMULAIRE DE CONTACT<\/a><\/div>[\/vc_column][vc_column width=&#8221;1\/12&#8243;][\/vc_column][\/vc_row][vc_row][vc_column][vc_column_text][\/vc_column_text][\/vc_column][\/vc_row][vc_row][vc_column][vc_column_text][\/vc_column_text][\/vc_column][\/vc_row]<!-- \/wp:post-content --><\/div>","protected":false},"excerpt":{"rendered":"<p>[vc_row full_width=&#8221;stretch_row&#8221; parallax=&#8221;content-moving-fade&#8221; parallax_image=&#8221;1899&#8243; el_id=&#8221;about-us&#8221; dt_color=&#8221;#abd8a6&#8243; dt_color_opacity=&#8221;70&#8243; css=&#8221;.vc_custom_1632474096979{padding-top: 300px !important;padding-bottom: 90px !important;}&#8221;][vc_column width=&#8221;1\/6&#8243;][\/vc_column][vc_column width=&#8221;2\/3&#8243; dt_animation=&#8221;wow fadeInUp&#8221; dt_animation_delay=&#8221;0.3&#8243;][\/vc_column][vc_column width=&#8221;1\/6&#8243;][\/vc_column][\/vc_row][vc_row][vc_column][vc_column_text][\/vc_column_text][\/vc_column][\/vc_row][vc_row&#8230; <a class=\"excerpt-read-more\" href=\"https:\/\/www.turismoarcos.es\/fr\/iglesia-de-san-agustin\/\"><span>Read More<\/span><\/a><\/p>\n","protected":false},"author":1,"featured_media":0,"parent":0,"menu_order":0,"comment_status":"closed","ping_status":"closed","template":"","meta":{"footnotes":""},"class_list":["post-6178","page","type-page","status-publish","hentry"],"_links":{"self":[{"href":"https:\/\/www.turismoarcos.es\/fr\/wp-json\/wp\/v2\/pages\/6178","targetHints":{"allow":["GET"]}}],"collection":[{"href":"https:\/\/www.turismoarcos.es\/fr\/wp-json\/wp\/v2\/pages"}],"about":[{"href":"https:\/\/www.turismoarcos.es\/fr\/wp-json\/wp\/v2\/types\/page"}],"author":[{"embeddable":true,"href":"https:\/\/www.turismoarcos.es\/fr\/wp-json\/wp\/v2\/users\/1"}],"replies":[{"embeddable":true,"href":"https:\/\/www.turismoarcos.es\/fr\/wp-json\/wp\/v2\/comments?post=6178"}],"version-history":[{"count":19,"href":"https:\/\/www.turismoarcos.es\/fr\/wp-json\/wp\/v2\/pages\/6178\/revisions"}],"predecessor-version":[{"id":16852,"href":"https:\/\/www.turismoarcos.es\/fr\/wp-json\/wp\/v2\/pages\/6178\/revisions\/16852"}],"wp:attachment":[{"href":"https:\/\/www.turismoarcos.es\/fr\/wp-json\/wp\/v2\/media?parent=6178"}],"curies":[{"name":"wp","href":"https:\/\/api.w.org\/{rel}","templated":true}]}}