{"id":6186,"date":"2021-03-18T13:37:29","date_gmt":"2021-03-18T13:37:29","guid":{"rendered":"https:\/\/www.turismoarcos.es\/convento-de-la-caridad\/"},"modified":"2021-11-04T09:25:10","modified_gmt":"2021-11-04T08:25:10","slug":"convento-de-la-caridad","status":"publish","type":"page","link":"https:\/\/www.turismoarcos.es\/fr\/convento-de-la-caridad\/","title":{"rendered":"L&#8217;H\u00f4pital de la Caridad"},"content":{"rendered":"<div class=\"wpb-content-wrapper\">[vc_row full_width=&#8221;stretch_row&#8221; parallax=&#8221;content-moving-fade&#8221; parallax_image=&#8221;1989&#8243; el_id=&#8221;about-us&#8221; dt_color=&#8221;#abd8a6&#8243; dt_color_opacity=&#8221;70&#8243; css=&#8221;.vc_custom_1632474356842{padding-top: 300px !important;padding-bottom: 90px !important;}&#8221;][vc_column width=&#8221;1\/6&#8243;][\/vc_column][vc_column width=&#8221;2\/3&#8243; dt_animation=&#8221;wow fadeInUp&#8221; dt_animation_delay=&#8221;0.3&#8243;]<div class=\"title-center\"><div class=\"dt-title-wrapper section-title-big style-1\"><h2 class=\"section-title\">L'H\u00f4pital de la Caridad<\/h2><svg class=\"zigzag\" version=\"1.1\" xmlns=\"http:\/\/www.w3.org\/2000\/svg\" xmlns:xlink=\"http:\/\/www.w3.org\/1999\/xlink\" preserveAspectRatio=\"xMidYMid meet\" viewBox=\"0 0 90 8\" width=\"90\" height=\"8\"><defs><path d=\"M90 8L82.5 0L75 8L67.5 0L60 8L52.5 0L45 8L37.5 0L30 8L22.5 0L15 8L7.5 0L0 8\" id=\"a6L8UcKib\"><\/path><\/defs><g><g><use xlink:href=\"#a6L8UcKib\" opacity=\"1\" fill-opacity=\"0\" stroke=\"#000000\" stroke-width=\"1\" stroke-opacity=\"1\"><\/use><\/g><\/g><\/svg><\/div><\/div>[\/vc_column][vc_column width=&#8221;1\/6&#8243;][\/vc_column][\/vc_row][vc_row][vc_column][vc_column_text][\/vc_column_text][\/vc_column][\/vc_row][vc_row full_width=&#8221;stretch_row_content&#8221; equal_height=&#8221;yes&#8221;][vc_column width=&#8221;1\/2&#8243; css=&#8221;.vc_custom_1616057344094{padding-top: 0px !important;padding-bottom: 0px !important;background-position: center !important;background-repeat: no-repeat !important;background-size: cover !important;}&#8221;]<div id=\"dt-gallery-dce\" class=\"delicious-gallery-wrapper\" data-token=\"LshZE\"><ul class=\"delicious-gallery isotope dt-gallery is-grid dt-gap-20\"><li class=\"delicious-gallery-item  remove-grayscale\"><a class=\"not-link dt-lightbox-gallery\" title=\"Convento de la Caridad\" href=\"https:\/\/www.turismoarcos.es\/wp-content\/uploads\/2021\/03\/caridad_003.jpg\"><img loading=\"lazy\" decoding=\"async\" class=\"no-lazy\" src=\"https:\/\/www.turismoarcos.es\/wp-content\/uploads\/2021\/03\/caridad_003-490x380.jpg\" width=\"800\" height=\"533\" alt=\"Convento de la Caridad\" \/><div class=\"delicious-gallery-on-hover\"><span class=\"is-alt-text\">Convento de la Caridad<\/span><\/div><\/a><\/li><li class=\"delicious-gallery-item  remove-grayscale\"><a class=\"not-link dt-lightbox-gallery\" title=\"Convento de la Caridad\" href=\"https:\/\/www.turismoarcos.es\/wp-content\/uploads\/2021\/03\/caridad_002.jpg\"><img loading=\"lazy\" decoding=\"async\" class=\"no-lazy\" src=\"https:\/\/www.turismoarcos.es\/wp-content\/uploads\/2021\/03\/caridad_002-490x380.jpg\" width=\"800\" height=\"533\" alt=\"Convento de la Caridad\" \/><div class=\"delicious-gallery-on-hover\"><span class=\"is-alt-text\">Convento de la Caridad<\/span><\/div><\/a><\/li><li class=\"delicious-gallery-item  remove-grayscale\"><a class=\"not-link dt-lightbox-gallery\" title=\"Convento de la Caridad\" href=\"https:\/\/www.turismoarcos.es\/wp-content\/uploads\/2021\/03\/caridad_001.jpg\"><img loading=\"lazy\" decoding=\"async\" class=\"no-lazy\" src=\"https:\/\/www.turismoarcos.es\/wp-content\/uploads\/2021\/03\/caridad_001-490x380.jpg\" width=\"800\" height=\"533\" alt=\"Convento de la Caridad\" \/><div class=\"delicious-gallery-on-hover\"><span class=\"is-alt-text\">Convento de la Caridad<\/span><\/div><\/a><\/li><li class=\"delicious-gallery-item  remove-grayscale\"><a class=\"not-link dt-lightbox-gallery\" title=\"Convento de la Caridad\" href=\"https:\/\/www.turismoarcos.es\/wp-content\/uploads\/2021\/03\/caridad_008.jpg\"><img loading=\"lazy\" decoding=\"async\" class=\"no-lazy\" src=\"https:\/\/www.turismoarcos.es\/wp-content\/uploads\/2021\/03\/caridad_008-490x380.jpg\" width=\"800\" height=\"533\" alt=\"Convento de la Caridad\" \/><div class=\"delicious-gallery-on-hover\"><span class=\"is-alt-text\">Convento de la Caridad<\/span><\/div><\/a><\/li><li class=\"delicious-gallery-item  remove-grayscale\"><a class=\"not-link dt-lightbox-gallery\" title=\"Convento de la Caridad\" href=\"https:\/\/www.turismoarcos.es\/wp-content\/uploads\/2021\/03\/caridad_005.jpg\"><img loading=\"lazy\" decoding=\"async\" class=\"no-lazy\" src=\"https:\/\/www.turismoarcos.es\/wp-content\/uploads\/2021\/03\/caridad_005-490x380.jpg\" width=\"800\" height=\"533\" alt=\"Convento de la Caridad\" \/><div class=\"delicious-gallery-on-hover\"><span class=\"is-alt-text\">Convento de la Caridad<\/span><\/div><\/a><\/li><li class=\"delicious-gallery-item  remove-grayscale\"><a class=\"not-link dt-lightbox-gallery\" title=\"Convento de la Caridad\" href=\"https:\/\/www.turismoarcos.es\/wp-content\/uploads\/2021\/03\/caridad_004.jpg\"><img loading=\"lazy\" decoding=\"async\" class=\"no-lazy\" src=\"https:\/\/www.turismoarcos.es\/wp-content\/uploads\/2021\/03\/caridad_004-490x380.jpg\" width=\"800\" height=\"533\" alt=\"Convento de la Caridad\" \/><div class=\"delicious-gallery-on-hover\"><span class=\"is-alt-text\">Convento de la Caridad<\/span><\/div><\/a><\/li><\/ul><\/div>[\/vc_column][vc_column width=&#8221;1\/2&#8243; dt_animation=&#8221;wow fadeInUp&#8221; css=&#8221;.vc_custom_1616057854293{padding-top: 70px !important;padding-right: 80px !important;padding-bottom: 80px !important;padding-left: 80px !important;background-color: #fafafa !important;}&#8221; dt_animation_delay=&#8221;0.3&#8243;][vc_column_text]Cet ensemble architectonique fut construit dans la deuxi\u00e8me moiti\u00e9 du XVIII<sup>e<\/sup> si\u00e8cle.\r\n\r\nL&#8217;\u00e9glise au plan octogonal est flanqu\u00e9e par deux grands patios carr\u00e9s, s\u00e9par\u00e9s de l&#8217;ext\u00e9rieur par des parements finis en lignes ondul\u00e9es et droites. Le b\u00e2timent communique avec l\u2019int\u00e9rieur par un portique avec trois arcs en plein cintre sur des colonnes et une grille.\r\n\r\nDeux clochers jumeaux se l\u00e8vent devant le d\u00f4me. Les patios conservent deux entr\u00e9es finies en un fronton triangulaire, mais l&#8217;entr\u00e9e \u00e0 gauche es incompl\u00e8te. Avec son style colonial, cet ensemble est peut-\u00eatre l&#8217;une des surprises les plus agr\u00e9ables que nous donne la ville.\r\n\r\nL&#8217;int\u00e9rieur de l&#8217;\u00e9glise est ovale et il a des proportions \u00e9l\u00e9gantes. \u00c0 remarquer quelques images italiennes d&#8217;int\u00e9r\u00eat et la Vierge de la Caridad au retable principal, avec une chapelle aux vitres color\u00e9s et aux miroirs.\r\n\r\n<strong>\u00a0<\/strong>\r\n\r\n<strong>HORAIRES<\/strong>\u00a0: Libre, seulement la fa\u00e7ade peut \u00eatre admir\u00e9e.[\/vc_column_text][vc_empty_space height=&#8221;40px&#8221;][\/vc_column][\/vc_row][vc_row][vc_column][vc_column_text][\/vc_column_text][\/vc_column][\/vc_row][vc_row full_width=&#8221;stretch_row&#8221; css=&#8221;.vc_custom_1497330579291{padding-top: 30px !important;padding-bottom: 35px !important;background-color: #ededed !important;}&#8221;][vc_column width=&#8221;1\/12&#8243;][\/vc_column][vc_column width=&#8221;7\/12&#8243;][vc_custom_heading text=&#8221;As-tu un doute?&#8221; font_container=&#8221;tag:p|font_size:36px|text_align:left|color:%23323232|line_height:42px&#8221; use_theme_fonts=&#8221;yes&#8221; css_animation=&#8221;fadeInUp&#8221;][\/vc_column][vc_column css_animation=&#8221;none&#8221; width=&#8221;3\/12&#8243; dt_animation=&#8221;wow fadeInUp&#8221; dt_animation_delay=&#8221;0.4&#8243;]<div class=\"button-right\"><a  class=\"dt-button green  round  dt-icon-left\" href=\"#\"><i class=\"fa fa-paper-plane-o\"><\/i>FORMULAIRE DE CONTACT<\/a><\/div>[\/vc_column][vc_column width=&#8221;1\/12&#8243;][\/vc_column][\/vc_row][vc_row][vc_column][vc_column_text][\/vc_column_text][\/vc_column][\/vc_row][vc_row][vc_column][vc_column_text][\/vc_column_text][\/vc_column][\/vc_row]<!-- \/wp:post-content --><\/div>","protected":false},"excerpt":{"rendered":"<p>[vc_row full_width=&#8221;stretch_row&#8221; parallax=&#8221;content-moving-fade&#8221; parallax_image=&#8221;1989&#8243; el_id=&#8221;about-us&#8221; dt_color=&#8221;#abd8a6&#8243; dt_color_opacity=&#8221;70&#8243; css=&#8221;.vc_custom_1632474356842{padding-top: 300px !important;padding-bottom: 90px !important;}&#8221;][vc_column width=&#8221;1\/6&#8243;][\/vc_column][vc_column width=&#8221;2\/3&#8243; dt_animation=&#8221;wow fadeInUp&#8221; dt_animation_delay=&#8221;0.3&#8243;][\/vc_column][vc_column width=&#8221;1\/6&#8243;][\/vc_column][\/vc_row][vc_row][vc_column][vc_column_text][\/vc_column_text][\/vc_column][\/vc_row][vc_row&#8230; <a class=\"excerpt-read-more\" href=\"https:\/\/www.turismoarcos.es\/fr\/convento-de-la-caridad\/\"><span>Read More<\/span><\/a><\/p>\n","protected":false},"author":1,"featured_media":0,"parent":0,"menu_order":0,"comment_status":"closed","ping_status":"closed","template":"","meta":{"footnotes":""},"class_list":["post-6186","page","type-page","status-publish","hentry"],"_links":{"self":[{"href":"https:\/\/www.turismoarcos.es\/fr\/wp-json\/wp\/v2\/pages\/6186","targetHints":{"allow":["GET"]}}],"collection":[{"href":"https:\/\/www.turismoarcos.es\/fr\/wp-json\/wp\/v2\/pages"}],"about":[{"href":"https:\/\/www.turismoarcos.es\/fr\/wp-json\/wp\/v2\/types\/page"}],"author":[{"embeddable":true,"href":"https:\/\/www.turismoarcos.es\/fr\/wp-json\/wp\/v2\/users\/1"}],"replies":[{"embeddable":true,"href":"https:\/\/www.turismoarcos.es\/fr\/wp-json\/wp\/v2\/comments?post=6186"}],"version-history":[{"count":2,"href":"https:\/\/www.turismoarcos.es\/fr\/wp-json\/wp\/v2\/pages\/6186\/revisions"}],"predecessor-version":[{"id":6189,"href":"https:\/\/www.turismoarcos.es\/fr\/wp-json\/wp\/v2\/pages\/6186\/revisions\/6189"}],"wp:attachment":[{"href":"https:\/\/www.turismoarcos.es\/fr\/wp-json\/wp\/v2\/media?parent=6186"}],"curies":[{"name":"wp","href":"https:\/\/api.w.org\/{rel}","templated":true}]}}