{"id":6191,"date":"2021-03-18T13:05:06","date_gmt":"2021-03-18T13:05:06","guid":{"rendered":"https:\/\/www.turismoarcos.es\/convento-de-los-jesuitas-colegio-virgen-de-las-nieves\/"},"modified":"2021-11-04T09:28:24","modified_gmt":"2021-11-04T08:28:24","slug":"convento-de-los-jesuitas-colegio-virgen-de-las-nieves","status":"publish","type":"page","link":"https:\/\/www.turismoarcos.es\/fr\/convento-de-los-jesuitas-colegio-virgen-de-las-nieves\/","title":{"rendered":"Le Couvent de los Jesuitas \/ \u00c9cole Nuestra Se\u00f1ora de las Nieves"},"content":{"rendered":"<div class=\"wpb-content-wrapper\">[vc_row full_width=&#8221;stretch_row&#8221; parallax=&#8221;content-moving-fade&#8221; parallax_image=&#8221;2104&#8243; el_id=&#8221;about-us&#8221; dt_color=&#8221;#abd8a6&#8243; dt_color_opacity=&#8221;70&#8243; css=&#8221;.vc_custom_1623833136050{padding-top: 300px !important;padding-bottom: 90px !important;}&#8221;][vc_column width=&#8221;1\/6&#8243;][\/vc_column][vc_column width=&#8221;2\/3&#8243; dt_animation=&#8221;wow fadeInUp&#8221; dt_animation_delay=&#8221;0.3&#8243;]<div class=\"title-center\"><div class=\"dt-title-wrapper section-title-big style-1\"><h2 class=\"section-title\">Le Couvent de los Jesuitas \/ \u00c9cole Nuestra Se\u00f1ora de las Nieves<\/h2><svg class=\"zigzag\" version=\"1.1\" xmlns=\"http:\/\/www.w3.org\/2000\/svg\" xmlns:xlink=\"http:\/\/www.w3.org\/1999\/xlink\" preserveAspectRatio=\"xMidYMid meet\" viewBox=\"0 0 90 8\" width=\"90\" height=\"8\"><defs><path d=\"M90 8L82.5 0L75 8L67.5 0L60 8L52.5 0L45 8L37.5 0L30 8L22.5 0L15 8L7.5 0L0 8\" id=\"a6L8UcKib\"><\/path><\/defs><g><g><use xlink:href=\"#a6L8UcKib\" opacity=\"1\" fill-opacity=\"0\" stroke=\"#000000\" stroke-width=\"1\" stroke-opacity=\"1\"><\/use><\/g><\/g><\/svg><\/div><\/div>[\/vc_column][vc_column width=&#8221;1\/6&#8243;][\/vc_column][\/vc_row][vc_row][vc_column][vc_column_text][\/vc_column_text][\/vc_column][\/vc_row][vc_row full_width=&#8221;stretch_row_content&#8221; equal_height=&#8221;yes&#8221;][vc_column width=&#8221;1\/2&#8243; css=&#8221;.vc_custom_1616057344094{padding-top: 0px !important;padding-bottom: 0px !important;background-position: center !important;background-repeat: no-repeat !important;background-size: cover !important;}&#8221;]<div id=\"dt-gallery-fed\" class=\"delicious-gallery-wrapper\" data-token=\"pdPlY\"><ul class=\"delicious-gallery isotope dt-gallery is-grid dt-gap-20\"><li class=\"delicious-gallery-item  remove-grayscale\"><a class=\"not-link dt-lightbox-gallery\" title=\"Convento de los Jesuitas. Colegio Virgen de las Nieves\" href=\"https:\/\/www.turismoarcos.es\/wp-content\/uploads\/2021\/03\/Convento-de-los-Jesuitas.-Colegio-Virgen-de-las-Nieves07.jpg\"><img loading=\"lazy\" decoding=\"async\" class=\"no-lazy\" src=\"https:\/\/www.turismoarcos.es\/wp-content\/uploads\/2021\/03\/Convento-de-los-Jesuitas.-Colegio-Virgen-de-las-Nieves07-490x380.jpg\" width=\"800\" height=\"600\" alt=\"Convento de los Jesuitas. Colegio Virgen de las Nieves\" \/><div class=\"delicious-gallery-on-hover\"><span class=\"is-alt-text\">Convento de los Jesuitas. Colegio Virgen de las Nieves<\/span><\/div><\/a><\/li><li class=\"delicious-gallery-item  remove-grayscale\"><a class=\"not-link dt-lightbox-gallery\" title=\"Convento de los Jesuitas. Colegio Virgen de las Nieves\" href=\"https:\/\/www.turismoarcos.es\/wp-content\/uploads\/2021\/03\/Convento-de-los-Jesuitas.-Colegio-Virgen-de-las-Nieves06.jpg\"><img loading=\"lazy\" decoding=\"async\" class=\"no-lazy\" src=\"https:\/\/www.turismoarcos.es\/wp-content\/uploads\/2021\/03\/Convento-de-los-Jesuitas.-Colegio-Virgen-de-las-Nieves06-490x380.jpg\" width=\"800\" height=\"600\" alt=\"Convento de los Jesuitas. Colegio Virgen de las Nieves\" \/><div class=\"delicious-gallery-on-hover\"><span class=\"is-alt-text\">Convento de los Jesuitas. Colegio Virgen de las Nieves<\/span><\/div><\/a><\/li><li class=\"delicious-gallery-item  remove-grayscale\"><a class=\"not-link dt-lightbox-gallery\" title=\"Convento de los Jesuitas. Colegio Virgen de las Nieves\" href=\"https:\/\/www.turismoarcos.es\/wp-content\/uploads\/2021\/03\/Convento-de-los-Jesuitas.-Colegio-Virgen-de-las-Nieves05.jpg\"><img loading=\"lazy\" decoding=\"async\" class=\"no-lazy\" src=\"https:\/\/www.turismoarcos.es\/wp-content\/uploads\/2021\/03\/Convento-de-los-Jesuitas.-Colegio-Virgen-de-las-Nieves05-490x380.jpg\" width=\"400\" height=\"600\" alt=\"Convento de los Jesuitas. Colegio Virgen de las Nieves\" \/><div class=\"delicious-gallery-on-hover\"><span class=\"is-alt-text\">Convento de los Jesuitas. Colegio Virgen de las Nieves<\/span><\/div><\/a><\/li><li class=\"delicious-gallery-item  remove-grayscale\"><a class=\"not-link dt-lightbox-gallery\" title=\"Convento de los Jesuitas. Colegio Virgen de las Nieves\" href=\"https:\/\/www.turismoarcos.es\/wp-content\/uploads\/2021\/03\/Convento-de-los-Jesuitas.-Colegio-Virgen-de-las-Nieves04.jpg\"><img loading=\"lazy\" decoding=\"async\" class=\"no-lazy\" src=\"https:\/\/www.turismoarcos.es\/wp-content\/uploads\/2021\/03\/Convento-de-los-Jesuitas.-Colegio-Virgen-de-las-Nieves04-490x380.jpg\" width=\"400\" height=\"600\" alt=\"Convento de los Jesuitas. Colegio Virgen de las Nieves\" \/><div class=\"delicious-gallery-on-hover\"><span class=\"is-alt-text\">Convento de los Jesuitas. Colegio Virgen de las Nieves<\/span><\/div><\/a><\/li><li class=\"delicious-gallery-item  remove-grayscale\"><a class=\"not-link dt-lightbox-gallery\" title=\"Convento de los Jesuitas. Colegio Virgen de las Nieves\" href=\"https:\/\/www.turismoarcos.es\/wp-content\/uploads\/2021\/03\/Convento-de-los-Jesuitas.-Colegio-Virgen-de-las-Nieves03.jpg\"><img loading=\"lazy\" decoding=\"async\" class=\"no-lazy\" src=\"https:\/\/www.turismoarcos.es\/wp-content\/uploads\/2021\/03\/Convento-de-los-Jesuitas.-Colegio-Virgen-de-las-Nieves03-490x380.jpg\" width=\"800\" height=\"533\" alt=\"Convento de los Jesuitas. Colegio Virgen de las Nieves\" \/><div class=\"delicious-gallery-on-hover\"><span class=\"is-alt-text\">Convento de los Jesuitas. Colegio Virgen de las Nieves<\/span><\/div><\/a><\/li><li class=\"delicious-gallery-item  remove-grayscale\"><a class=\"not-link dt-lightbox-gallery\" title=\"Convento de los Jesuitas. Colegio Virgen de las Nieves\" href=\"https:\/\/www.turismoarcos.es\/wp-content\/uploads\/2021\/03\/Convento-de-los-Jesuitas.-Colegio-Virgen-de-las-Nieves02.jpg\"><img loading=\"lazy\" decoding=\"async\" class=\"no-lazy\" src=\"https:\/\/www.turismoarcos.es\/wp-content\/uploads\/2021\/03\/Convento-de-los-Jesuitas.-Colegio-Virgen-de-las-Nieves02-490x380.jpg\" width=\"400\" height=\"600\" alt=\"Convento de los Jesuitas. Colegio Virgen de las Nieves\" \/><div class=\"delicious-gallery-on-hover\"><span class=\"is-alt-text\">Convento de los Jesuitas. Colegio Virgen de las Nieves<\/span><\/div><\/a><\/li><li class=\"delicious-gallery-item  remove-grayscale\"><a class=\"not-link dt-lightbox-gallery\" title=\"Convento de los Jesuitas. Colegio Virgen de las Nieves\" href=\"https:\/\/www.turismoarcos.es\/wp-content\/uploads\/2021\/03\/Convento-de-los-Jesuitas.-Colegio-Virgen-de-las-Nieves01.jpg\"><img loading=\"lazy\" decoding=\"async\" class=\"no-lazy\" src=\"https:\/\/www.turismoarcos.es\/wp-content\/uploads\/2021\/03\/Convento-de-los-Jesuitas.-Colegio-Virgen-de-las-Nieves01-490x380.jpg\" width=\"800\" height=\"600\" alt=\"Convento de los Jesuitas. Colegio Virgen de las Nieves\" \/><div class=\"delicious-gallery-on-hover\"><span class=\"is-alt-text\">Convento de los Jesuitas. Colegio Virgen de las Nieves<\/span><\/div><\/a><\/li><li class=\"delicious-gallery-item  remove-grayscale\"><a class=\"not-link dt-lightbox-gallery\" title=\"Convento de los Jesuitas. Colegio Virgen de las Nieves\" href=\"https:\/\/www.turismoarcos.es\/wp-content\/uploads\/2021\/03\/Convento-de-los-Jesuitas.-Colegio-Virgen-de-las-Nieves08.jpg\"><img loading=\"lazy\" decoding=\"async\" class=\"no-lazy\" src=\"https:\/\/www.turismoarcos.es\/wp-content\/uploads\/2021\/03\/Convento-de-los-Jesuitas.-Colegio-Virgen-de-las-Nieves08-490x380.jpg\" width=\"772\" height=\"600\" alt=\"Convento de los Jesuitas. Colegio Virgen de las Nieves\" \/><div class=\"delicious-gallery-on-hover\"><span class=\"is-alt-text\">Convento de los Jesuitas. Colegio Virgen de las Nieves<\/span><\/div><\/a><\/li><\/ul><\/div>[\/vc_column][vc_column width=&#8221;1\/2&#8243; dt_animation=&#8221;wow fadeInUp&#8221; css=&#8221;.vc_custom_1616057854293{padding-top: 70px !important;padding-right: 80px !important;padding-bottom: 80px !important;padding-left: 80px !important;background-color: #fafafa !important;}&#8221; dt_animation_delay=&#8221;0.3&#8243;][vc_column_text]Fond\u00e9 en 1675, les P\u00e8res j\u00e9suites de la merci en \u00e9taient \u00e0 la charge.\r\n\r\nLe couvent fut dot\u00e9 par le noble local don Diego Viru\u00e9s, qui laissa sa propre maison aux j\u00e9suites pour ce propos. Apr\u00e8s l&#8217;expulsion des j\u00e9suites, le couvent fut inhabit\u00e9 par les moines merc\u00e9daires gr\u00e2ce \u00e0 une concession du roi Charles III d&#8217;Espagne en 1785 jusqu&#8217;au d\u00e9samortissement de Juan \u00c1lvarez Mendiz\u00e1bal.\r\n\r\nLe linteau de sa fa\u00e7ade montre l&#8217;\u00e9cu d&#8217;Espagne et les fleurs de lis de la famille Bourbon. Son allure est s\u00e9v\u00e8re et sa fa\u00e7ade simple et classique. Dedans, il faut remarquer deux plafonds \u00e0 caissons tr\u00e8s int\u00e9ressants, l&#8217;un dans l&#8217;escalier et l&#8217;autre \u00e0 l&#8217;\u00e9tage sup\u00e9rieur. Il est actuellement utilis\u00e9 comme \u00e9cole publique.\r\n\r\n&nbsp;\r\n\r\n<strong>HORAIRES<\/strong>\u00a0: Libre, seulement la fa\u00e7ade peut \u00eatre admir\u00e9e.[\/vc_column_text][vc_empty_space height=&#8221;40px&#8221;][\/vc_column][\/vc_row][vc_row][vc_column][vc_column_text][\/vc_column_text][\/vc_column][\/vc_row][vc_row full_width=&#8221;stretch_row&#8221; css=&#8221;.vc_custom_1497330579291{padding-top: 30px !important;padding-bottom: 35px !important;background-color: #ededed !important;}&#8221;][vc_column width=&#8221;1\/12&#8243;][\/vc_column][vc_column width=&#8221;7\/12&#8243;][vc_custom_heading text=&#8221;As-tu un doute?&#8221; font_container=&#8221;tag:p|font_size:36px|text_align:left|color:%23323232|line_height:42px&#8221; use_theme_fonts=&#8221;yes&#8221; css_animation=&#8221;fadeInUp&#8221;][\/vc_column][vc_column css_animation=&#8221;none&#8221; width=&#8221;3\/12&#8243; dt_animation=&#8221;wow fadeInUp&#8221; dt_animation_delay=&#8221;0.4&#8243;]<div class=\"button-right\"><a  class=\"dt-button green  round  dt-icon-left\" href=\"#\"><i class=\"fa fa-paper-plane-o\"><\/i>FORMULAIRE DE CONTACT<\/a><\/div>[\/vc_column][vc_column width=&#8221;1\/12&#8243;][\/vc_column][\/vc_row][vc_row][vc_column][vc_column_text][\/vc_column_text][\/vc_column][\/vc_row][vc_row][vc_column][vc_column_text][\/vc_column_text][\/vc_column][\/vc_row]<!-- \/wp:post-content --><\/div>","protected":false},"excerpt":{"rendered":"<p>[vc_row full_width=&#8221;stretch_row&#8221; parallax=&#8221;content-moving-fade&#8221; parallax_image=&#8221;2104&#8243; el_id=&#8221;about-us&#8221; dt_color=&#8221;#abd8a6&#8243; dt_color_opacity=&#8221;70&#8243; css=&#8221;.vc_custom_1623833136050{padding-top: 300px !important;padding-bottom: 90px !important;}&#8221;][vc_column width=&#8221;1\/6&#8243;][\/vc_column][vc_column width=&#8221;2\/3&#8243; dt_animation=&#8221;wow fadeInUp&#8221; dt_animation_delay=&#8221;0.3&#8243;][\/vc_column][vc_column width=&#8221;1\/6&#8243;][\/vc_column][\/vc_row][vc_row][vc_column][vc_column_text][\/vc_column_text][\/vc_column][\/vc_row][vc_row&#8230; <a class=\"excerpt-read-more\" href=\"https:\/\/www.turismoarcos.es\/fr\/convento-de-los-jesuitas-colegio-virgen-de-las-nieves\/\"><span>Read More<\/span><\/a><\/p>\n","protected":false},"author":1,"featured_media":0,"parent":0,"menu_order":0,"comment_status":"closed","ping_status":"closed","template":"","meta":{"footnotes":""},"class_list":["post-6191","page","type-page","status-publish","hentry"],"_links":{"self":[{"href":"https:\/\/www.turismoarcos.es\/fr\/wp-json\/wp\/v2\/pages\/6191","targetHints":{"allow":["GET"]}}],"collection":[{"href":"https:\/\/www.turismoarcos.es\/fr\/wp-json\/wp\/v2\/pages"}],"about":[{"href":"https:\/\/www.turismoarcos.es\/fr\/wp-json\/wp\/v2\/types\/page"}],"author":[{"embeddable":true,"href":"https:\/\/www.turismoarcos.es\/fr\/wp-json\/wp\/v2\/users\/1"}],"replies":[{"embeddable":true,"href":"https:\/\/www.turismoarcos.es\/fr\/wp-json\/wp\/v2\/comments?post=6191"}],"version-history":[{"count":2,"href":"https:\/\/www.turismoarcos.es\/fr\/wp-json\/wp\/v2\/pages\/6191\/revisions"}],"predecessor-version":[{"id":6193,"href":"https:\/\/www.turismoarcos.es\/fr\/wp-json\/wp\/v2\/pages\/6191\/revisions\/6193"}],"wp:attachment":[{"href":"https:\/\/www.turismoarcos.es\/fr\/wp-json\/wp\/v2\/media?parent=6191"}],"curies":[{"name":"wp","href":"https:\/\/api.w.org\/{rel}","templated":true}]}}