{"id":6578,"date":"2021-03-18T13:10:06","date_gmt":"2021-03-18T13:10:06","guid":{"rendered":"https:\/\/www.turismoarcos.es\/palacio-del-mayorazgo\/"},"modified":"2026-03-13T17:25:25","modified_gmt":"2026-03-13T16:25:25","slug":"palacio-del-mayorazgo","status":"publish","type":"page","link":"https:\/\/www.turismoarcos.es\/fr\/palacio-del-mayorazgo\/","title":{"rendered":"Le Palais del Mayorazgo"},"content":{"rendered":"<div class=\"wpb-content-wrapper\">[vc_row full_width=&#8221;stretch_row&#8221; parallax=&#8221;content-moving-fade&#8221; parallax_image=&#8221;2032&#8243; el_id=&#8221;about-us&#8221; dt_color=&#8221;#abd8a6&#8243; dt_color_opacity=&#8221;70&#8243; css=&#8221;.vc_custom_1623233333923{padding-top: 300px !important;padding-bottom: 90px !important;}&#8221;][vc_column width=&#8221;1\/6&#8243;][\/vc_column][vc_column width=&#8221;2\/3&#8243; dt_animation=&#8221;wow fadeInUp&#8221; dt_animation_delay=&#8221;0.3&#8243;]<div class=\"title-center\"><div class=\"dt-title-wrapper section-title-big style-1\"><h2 class=\"section-title\">Le Palais del Mayorazgo<\/h2><svg class=\"zigzag\" version=\"1.1\" xmlns=\"http:\/\/www.w3.org\/2000\/svg\" xmlns:xlink=\"http:\/\/www.w3.org\/1999\/xlink\" preserveAspectRatio=\"xMidYMid meet\" viewBox=\"0 0 90 8\" width=\"90\" height=\"8\"><defs><path d=\"M90 8L82.5 0L75 8L67.5 0L60 8L52.5 0L45 8L37.5 0L30 8L22.5 0L15 8L7.5 0L0 8\" id=\"a6L8UcKib\"><\/path><\/defs><g><g><use xlink:href=\"#a6L8UcKib\" opacity=\"1\" fill-opacity=\"0\" stroke=\"#000000\" stroke-width=\"1\" stroke-opacity=\"1\"><\/use><\/g><\/g><\/svg><\/div><\/div>[\/vc_column][vc_column width=&#8221;1\/6&#8243;][\/vc_column][\/vc_row][vc_row][vc_column][vc_column_text][\/vc_column_text][\/vc_column][\/vc_row][vc_row full_width=&#8221;stretch_row_content&#8221; equal_height=&#8221;yes&#8221;][vc_column width=&#8221;1\/2&#8243; css=&#8221;.vc_custom_1616057344094{padding-top: 0px !important;padding-bottom: 0px !important;background-position: center !important;background-repeat: no-repeat !important;background-size: cover !important;}&#8221;]<div id=\"dt-gallery-afe\" class=\"delicious-gallery-wrapper\" data-token=\"kA131\"><ul class=\"delicious-gallery isotope dt-gallery is-grid dt-gap-20\"><li class=\"delicious-gallery-item  remove-grayscale\"><a class=\"not-link dt-lightbox-gallery\" title=\"Palacio del Mayorazgo\" href=\"https:\/\/www.turismoarcos.es\/wp-content\/uploads\/2021\/03\/Mayorazgo_04.jpg\"><img loading=\"lazy\" decoding=\"async\" class=\"no-lazy\" src=\"https:\/\/www.turismoarcos.es\/wp-content\/uploads\/2021\/03\/Mayorazgo_04-490x380.jpg\" width=\"400\" height=\"600\" alt=\"Palacio del Mayorazgo\" \/><div class=\"delicious-gallery-on-hover\"><span class=\"is-alt-text\">Palacio del Mayorazgo<\/span><\/div><\/a><\/li><li class=\"delicious-gallery-item  remove-grayscale\"><a class=\"not-link dt-lightbox-gallery\" title=\"Palacio del Mayorazgo\" href=\"https:\/\/www.turismoarcos.es\/wp-content\/uploads\/2021\/03\/Mayorazgo_03.jpg\"><img loading=\"lazy\" decoding=\"async\" class=\"no-lazy\" src=\"https:\/\/www.turismoarcos.es\/wp-content\/uploads\/2021\/03\/Mayorazgo_03-490x380.jpg\" width=\"400\" height=\"600\" alt=\"Palacio del Mayorazgo\" \/><div class=\"delicious-gallery-on-hover\"><span class=\"is-alt-text\">Palacio del Mayorazgo<\/span><\/div><\/a><\/li><li class=\"delicious-gallery-item  remove-grayscale\"><a class=\"not-link dt-lightbox-gallery\" title=\"Palacio del Mayorazgo\" href=\"https:\/\/www.turismoarcos.es\/wp-content\/uploads\/2021\/03\/mayorazgo_004-Copiar.jpg\"><img loading=\"lazy\" decoding=\"async\" class=\"no-lazy\" src=\"https:\/\/www.turismoarcos.es\/wp-content\/uploads\/2021\/03\/mayorazgo_004-Copiar-490x380.jpg\" width=\"800\" height=\"533\" alt=\"Palacio del Mayorazgo\" \/><div class=\"delicious-gallery-on-hover\"><span class=\"is-alt-text\">Palacio del Mayorazgo<\/span><\/div><\/a><\/li><li class=\"delicious-gallery-item  remove-grayscale\"><a class=\"not-link dt-lightbox-gallery\" title=\"Palacio del Mayorazgo\" href=\"https:\/\/www.turismoarcos.es\/wp-content\/uploads\/2021\/03\/mayorazgo_003-Copiar.jpg\"><img loading=\"lazy\" decoding=\"async\" class=\"no-lazy\" src=\"https:\/\/www.turismoarcos.es\/wp-content\/uploads\/2021\/03\/mayorazgo_003-Copiar-490x380.jpg\" width=\"800\" height=\"533\" alt=\"Palacio del Mayorazgo\" \/><div class=\"delicious-gallery-on-hover\"><span class=\"is-alt-text\">Palacio del Mayorazgo<\/span><\/div><\/a><\/li><li class=\"delicious-gallery-item  remove-grayscale\"><a class=\"not-link dt-lightbox-gallery\" title=\"Palacio del Mayorazgo\" href=\"https:\/\/www.turismoarcos.es\/wp-content\/uploads\/2021\/03\/Mayorazgo_02.jpg\"><img loading=\"lazy\" decoding=\"async\" class=\"no-lazy\" src=\"https:\/\/www.turismoarcos.es\/wp-content\/uploads\/2021\/03\/Mayorazgo_02-490x380.jpg\" width=\"800\" height=\"533\" alt=\"Palacio del Mayorazgo\" \/><div class=\"delicious-gallery-on-hover\"><span class=\"is-alt-text\">Palacio del Mayorazgo<\/span><\/div><\/a><\/li><li class=\"delicious-gallery-item  remove-grayscale\"><a class=\"not-link dt-lightbox-gallery\" title=\"Palacio del Mayorazgo\" href=\"https:\/\/www.turismoarcos.es\/wp-content\/uploads\/2021\/03\/Mayorazgo_01.jpg\"><img loading=\"lazy\" decoding=\"async\" class=\"no-lazy\" src=\"https:\/\/www.turismoarcos.es\/wp-content\/uploads\/2021\/03\/Mayorazgo_01-490x380.jpg\" width=\"800\" height=\"533\" alt=\"Palacio del Mayorazgo\" \/><div class=\"delicious-gallery-on-hover\"><span class=\"is-alt-text\">Palacio del Mayorazgo<\/span><\/div><\/a><\/li><li class=\"delicious-gallery-item  remove-grayscale\"><a class=\"not-link dt-lightbox-gallery\" title=\"Palacio del Mayorazgo\" href=\"https:\/\/www.turismoarcos.es\/wp-content\/uploads\/2021\/03\/mayorazgo_001-Copiar.jpg\"><img loading=\"lazy\" decoding=\"async\" class=\"no-lazy\" src=\"https:\/\/www.turismoarcos.es\/wp-content\/uploads\/2021\/03\/mayorazgo_001-Copiar-490x380.jpg\" width=\"800\" height=\"533\" alt=\"Palacio del Mayorazgo\" \/><div class=\"delicious-gallery-on-hover\"><span class=\"is-alt-text\">Palacio del Mayorazgo<\/span><\/div><\/a><\/li><li class=\"delicious-gallery-item  remove-grayscale\"><a class=\"not-link dt-lightbox-gallery\" title=\"Palacio del Mayorazgo\" href=\"https:\/\/www.turismoarcos.es\/wp-content\/uploads\/2021\/03\/Mayorazgo_00.jpg\"><img loading=\"lazy\" decoding=\"async\" class=\"no-lazy\" src=\"https:\/\/www.turismoarcos.es\/wp-content\/uploads\/2021\/03\/Mayorazgo_00-490x380.jpg\" width=\"800\" height=\"533\" alt=\"Palacio del Mayorazgo\" \/><div class=\"delicious-gallery-on-hover\"><span class=\"is-alt-text\">Palacio del Mayorazgo<\/span><\/div><\/a><\/li><li class=\"delicious-gallery-item  remove-grayscale\"><a class=\"not-link dt-lightbox-gallery\" title=\"Palacio del Mayorazgo\" href=\"https:\/\/www.turismoarcos.es\/wp-content\/uploads\/2021\/03\/Mayorazgo-1.jpg\"><img loading=\"lazy\" decoding=\"async\" class=\"no-lazy\" src=\"https:\/\/www.turismoarcos.es\/wp-content\/uploads\/2021\/03\/Mayorazgo-1-490x380.jpg\" width=\"800\" height=\"533\" alt=\"Palacio del Mayorazgo\" \/><div class=\"delicious-gallery-on-hover\"><span class=\"is-alt-text\">Palacio del Mayorazgo<\/span><\/div><\/a><\/li><li class=\"delicious-gallery-item  remove-grayscale\"><a class=\"not-link dt-lightbox-gallery\" title=\"Palacio del Mayorazgo\" href=\"https:\/\/www.turismoarcos.es\/wp-content\/uploads\/2021\/03\/Mayorazgo_07.jpg\"><img loading=\"lazy\" decoding=\"async\" class=\"no-lazy\" src=\"https:\/\/www.turismoarcos.es\/wp-content\/uploads\/2021\/03\/Mayorazgo_07-490x380.jpg\" width=\"800\" height=\"533\" alt=\"Palacio del Mayorazgo\" \/><div class=\"delicious-gallery-on-hover\"><span class=\"is-alt-text\">Palacio del Mayorazgo<\/span><\/div><\/a><\/li><\/ul><\/div>[\/vc_column][vc_column width=&#8221;1\/2&#8243; dt_animation=&#8221;wow fadeInUp&#8221; css=&#8221;.vc_custom_1616057854293{padding-top: 70px !important;padding-right: 80px !important;padding-bottom: 80px !important;padding-left: 80px !important;background-color: #fafafa !important;}&#8221; dt_animation_delay=&#8221;0.3&#8243;][vc_column_text css=&#8221;&#8221;]Sa fa\u00e7ade somptueuse suivit le style de l&#8217;architecte Juan de Herrera.\r\n\r\nConstruit au XVII<sup>e<\/sup> si\u00e8cle, l&#8217;entr\u00e9e principale se compose de deux corps ; le premier poss\u00e8de des colonnes toscanes appari\u00e9es aux deux c\u00f4t\u00e9s de la baie rectangulaire de la porte. Le deuxi\u00e8me corps pr\u00e9sente deux pilastres toscans au f\u00fbt cannel\u00e9.\r\n\r\nL&#8217;ensemble est fini en un fronton triangulaire cass\u00e9 qui contient un \u00e9cu au heaume et aux lambrequins, appartenant \u00e0 la famille N\u00fa\u00f1ez de Prado. \u00c0 la partie sup\u00e9rieure, il y a un belv\u00e9d\u00e8re au plan carr\u00e9 avec des \u00e9l\u00e9ments traditionnels de l&#8217;art mud\u00e9jar, trois arcs en plein cintre encadr\u00e9s par un alfiz et un toit \u00e0 quatre pentes. Nous pouvons trouver deux vestiges de son essor pass\u00e9 \u00e0 l&#8217;int\u00e9rieur : les patios aux colonnes et les vastes salons avec des plafonds \u00e0 caissons.\r\n\r\nLe b\u00e2timent est actuellement le si\u00e8ge de la D\u00e9l\u00e9gation municipale de culture et ses salles sont utilis\u00e9es pour des expositions temporaires ou permanentes, comme la \u00ab Salle de la meuni\u00e8re et le corr\u00e9gidor \u00bb, la \u00ab Salle d&#8217;Antonio &#8220;El Bailar\u00edn&#8221; \u00bb, le \u00ab Coin des po\u00e8tes et des \u00e9crivains \u00bb ou la \u00ab Salle de la Fondation V\u00edctor Mar\u00edn \u00bb.\r\n\r\nAu rez-de-chauss\u00e9e, nous trouvons la Pinacoth\u00e8que de la ville et le Jardin andalou.\r\n\r\n<strong>\u00a0<\/strong>\r\n\r\n<strong>HORAIRE DES VISITES\u00a0:<\/strong>\r\n<p class=\"tw-data-text tw-text-large tw-ta\" dir=\"ltr\" data-placeholder=\"Traducci\u00f3n\" aria-label=\"Texto traducido\" data-ved=\"2ahUKEwjdjfi53_mHAxXlRPEDHQBTAuwQ3ewLegQIBxAU\"><span class=\"Y2IQFc\" lang=\"fr\">L<\/span><span class=\"Y2IQFc\" lang=\"fr\">undi:\u00a0 \u00a0 \u00a0 \u00a0 \u00a0 \u00a0 \u00a0 \u00a0 \u00a0 \u00a0 \u00a0 \u00a0 \u00a0 \u00a0 \u00a0 \u00a0 \u00a0 \u00a0de 9h00 \u00e0 14h30<\/span><\/p>\r\n<p id=\"tw-target-text\" class=\"tw-data-text tw-text-large tw-ta\" dir=\"ltr\" tabindex=\"-1\" role=\"text\" data-placeholder=\"Traducci\u00f3n\" data-ved=\"2ahUKEwiT4qK66IeQAxU93gIHHWXMAEEQ3ewLegQIChAV\" aria-label=\"Texto traducido: du mardi au jeudi\"><span class=\"Y2IQFc\" lang=\"fr\">Du mardi au vendredi<\/span><span class=\"Y2IQFc\" lang=\"fr\">:\u00a0 \u00a0 \u00a0 de 9h00 \u00e0 19h30\u00a0<\/span><\/p>\r\n<p class=\"tw-data-text tw-text-large tw-ta\" dir=\"ltr\" data-placeholder=\"Traducci\u00f3n\" aria-label=\"Texto traducido\" data-ved=\"2ahUKEwjdjfi53_mHAxXlRPEDHQBTAuwQ3ewLegQIBxAU\"><span class=\"Y2IQFc\" lang=\"fr\">Samedi:\u00a0 \u00a0 \u00a0 \u00a0 \u00a0 \u00a0 \u00a0 \u00a0 \u00a0 \u00a0 \u00a0 \u00a0 \u00a0 \u00a0 \u00a0 \u00a0 \u00a0<\/span><span class=\"Y2IQFc\" lang=\"fr\">de 10h00 \u00e0 15h00 \/ de 16h30 \u00e0 19h30<\/span><\/p>\r\n<p dir=\"ltr\" data-placeholder=\"Traducci\u00f3n\" aria-label=\"Texto traducido\" data-ved=\"2ahUKEwjdjfi53_mHAxXlRPEDHQBTAuwQ3ewLegQIBxAU\">Dimanche:\u00a0 \u00a0 \u00a0 \u00a0 \u00a0 \u00a0 \u00a0 \u00a0 \u00a0 \u00a0 \u00a0 \u00a0 \u00a0 \u00a0de 10h00 \u00e0 14h30<\/p>\r\n<p dir=\"ltr\" data-placeholder=\"Traducci\u00f3n\" aria-label=\"Texto traducido\" data-ved=\"2ahUKEwjdjfi53_mHAxXlRPEDHQBTAuwQ3ewLegQIBxAU\">Gratuit<\/p>\r\n<strong>Information<\/strong>\u00a0:\r\n\r\nOffice de culture\u00a0:\r\n\r\nT\u00e9l : +34 956 70 30 13\/cultura@arcosdelafrontera.es[\/vc_column_text][vc_empty_space height=&#8221;40px&#8221;][\/vc_column][\/vc_row][vc_row][vc_column][vc_column_text][\/vc_column_text][\/vc_column][\/vc_row][vc_row full_width=&#8221;stretch_row&#8221; css=&#8221;.vc_custom_1497330579291{padding-top: 30px !important;padding-bottom: 35px !important;background-color: #ededed !important;}&#8221;][vc_column width=&#8221;1\/12&#8243;][\/vc_column][vc_column width=&#8221;7\/12&#8243;][vc_custom_heading text=&#8221;As-tu un doute?&#8221; font_container=&#8221;tag:p|font_size:36px|text_align:left|color:%23323232|line_height:42px&#8221; use_theme_fonts=&#8221;yes&#8221; css_animation=&#8221;fadeInUp&#8221;][\/vc_column][vc_column css_animation=&#8221;none&#8221; width=&#8221;3\/12&#8243; dt_animation=&#8221;wow fadeInUp&#8221; dt_animation_delay=&#8221;0.4&#8243;]<div class=\"button-right\"><a  class=\"dt-button green  round  dt-icon-left\" href=\"#\"><i class=\"fa fa-paper-plane-o\"><\/i>FORMULAIRE DE CONTACT<\/a><\/div>[\/vc_column][vc_column width=&#8221;1\/12&#8243;][\/vc_column][\/vc_row][vc_row][vc_column][vc_column_text][\/vc_column_text][\/vc_column][\/vc_row][vc_row][vc_column][vc_column_text][\/vc_column_text][\/vc_column][\/vc_row]<!-- \/wp:post-content --><\/div>","protected":false},"excerpt":{"rendered":"<p>[vc_row full_width=&#8221;stretch_row&#8221; parallax=&#8221;content-moving-fade&#8221; parallax_image=&#8221;2032&#8243; el_id=&#8221;about-us&#8221; dt_color=&#8221;#abd8a6&#8243; dt_color_opacity=&#8221;70&#8243; css=&#8221;.vc_custom_1623233333923{padding-top: 300px !important;padding-bottom: 90px !important;}&#8221;][vc_column width=&#8221;1\/6&#8243;][\/vc_column][vc_column width=&#8221;2\/3&#8243; dt_animation=&#8221;wow fadeInUp&#8221; dt_animation_delay=&#8221;0.3&#8243;][\/vc_column][vc_column width=&#8221;1\/6&#8243;][\/vc_column][\/vc_row][vc_row][vc_column][vc_column_text][\/vc_column_text][\/vc_column][\/vc_row][vc_row&#8230; <a class=\"excerpt-read-more\" href=\"https:\/\/www.turismoarcos.es\/fr\/palacio-del-mayorazgo\/\"><span>Read More<\/span><\/a><\/p>\n","protected":false},"author":1,"featured_media":0,"parent":0,"menu_order":0,"comment_status":"closed","ping_status":"closed","template":"","meta":{"footnotes":""},"class_list":["post-6578","page","type-page","status-publish","hentry"],"_links":{"self":[{"href":"https:\/\/www.turismoarcos.es\/fr\/wp-json\/wp\/v2\/pages\/6578","targetHints":{"allow":["GET"]}}],"collection":[{"href":"https:\/\/www.turismoarcos.es\/fr\/wp-json\/wp\/v2\/pages"}],"about":[{"href":"https:\/\/www.turismoarcos.es\/fr\/wp-json\/wp\/v2\/types\/page"}],"author":[{"embeddable":true,"href":"https:\/\/www.turismoarcos.es\/fr\/wp-json\/wp\/v2\/users\/1"}],"replies":[{"embeddable":true,"href":"https:\/\/www.turismoarcos.es\/fr\/wp-json\/wp\/v2\/comments?post=6578"}],"version-history":[{"count":24,"href":"https:\/\/www.turismoarcos.es\/fr\/wp-json\/wp\/v2\/pages\/6578\/revisions"}],"predecessor-version":[{"id":17872,"href":"https:\/\/www.turismoarcos.es\/fr\/wp-json\/wp\/v2\/pages\/6578\/revisions\/17872"}],"wp:attachment":[{"href":"https:\/\/www.turismoarcos.es\/fr\/wp-json\/wp\/v2\/media?parent=6578"}],"curies":[{"name":"wp","href":"https:\/\/api.w.org\/{rel}","templated":true}]}}