{"id":6584,"date":"2021-06-14T11:18:50","date_gmt":"2021-06-14T11:18:50","guid":{"rendered":"https:\/\/www.turismoarcos.es\/casa-palacio-de-los-nunez-de-prado\/"},"modified":"2022-07-02T16:45:53","modified_gmt":"2022-07-02T15:45:53","slug":"casa-palacio-de-los-nunez-de-prado","status":"publish","type":"page","link":"https:\/\/www.turismoarcos.es\/fr\/casa-palacio-de-los-nunez-de-prado\/","title":{"rendered":"La Maison-palais de los N\u00fa\u00f1ez de Prado"},"content":{"rendered":"<div class=\"wpb-content-wrapper\"><p>[vc_row full_width=&#8221;stretch_row&#8221; parallax=&#8221;content-moving-fade&#8221; parallax_image=&#8221;2052&#8243; el_id=&#8221;about-us&#8221; dt_color=&#8221;#abd8a6&#8243; dt_color_opacity=&#8221;70&#8243; css=&#8221;.vc_custom_1623671182966{padding-top: 300px !important;padding-bottom: 90px !important;}&#8221;][vc_column width=&#8221;1\/6&#8243;][\/vc_column][vc_column width=&#8221;2\/3&#8243; dt_animation=&#8221;wow fadeInUp&#8221; dt_animation_delay=&#8221;0.3&#8243;]<div class=\"title-center\"><div class=\"dt-title-wrapper section-title-big style-1\"><h2 class=\"section-title\">La Maison-palais de los N\u00fa\u00f1ez de Prado<\/h2><svg class=\"zigzag\" version=\"1.1\" xmlns=\"http:\/\/www.w3.org\/2000\/svg\" xmlns:xlink=\"http:\/\/www.w3.org\/1999\/xlink\" preserveAspectRatio=\"xMidYMid meet\" viewBox=\"0 0 90 8\" width=\"90\" height=\"8\"><defs><path d=\"M90 8L82.5 0L75 8L67.5 0L60 8L52.5 0L45 8L37.5 0L30 8L22.5 0L15 8L7.5 0L0 8\" id=\"a6L8UcKib\"><\/path><\/defs><g><g><use xlink:href=\"#a6L8UcKib\" opacity=\"1\" fill-opacity=\"0\" stroke=\"#000000\" stroke-width=\"1\" stroke-opacity=\"1\"><\/use><\/g><\/g><\/svg><\/div><\/div>[\/vc_column][vc_column width=&#8221;1\/6&#8243;][\/vc_column][\/vc_row][vc_row][vc_column][vc_column_text][\/vc_column_text][\/vc_column][\/vc_row][vc_row full_width=&#8221;stretch_row_content&#8221; equal_height=&#8221;yes&#8221;][vc_column width=&#8221;1\/2&#8243; css=&#8221;.vc_custom_1616057344094{padding-top: 0px !important;padding-bottom: 0px !important;background-position: center !important;background-repeat: no-repeat !important;background-size: cover !important;}&#8221;][vc_single_image image=&#8221;2050&#8243; img_size=&#8221;full&#8221; alignment=&#8221;center&#8221;][\/vc_column][vc_column width=&#8221;1\/2&#8243; dt_animation=&#8221;wow fadeInUp&#8221; css=&#8221;.vc_custom_1616057854293{padding-top: 70px !important;padding-right: 80px !important;padding-bottom: 80px !important;padding-left: 80px !important;background-color: #fafafa !important;}&#8221; dt_animation_delay=&#8221;0.3&#8243;][vc_column_text]<\/p>\n<p>Maison-palais du XVII<sup>e<\/sup> si\u00e8cle, dans les derni\u00e8res ann\u00e9es du XIX<sup>e<\/sup> si\u00e8cle elle fut achet\u00e9e par des particuliers qui la d\u00e9mantel\u00e8rent. Elle \u00e9tait un grilloir \u00e0 caf\u00e9 et une usine \u00e0 farine au d\u00e9but du XX<sup>e<\/sup> si\u00e8cle. Sa fa\u00e7ade est faite en pierre, quoiqu&#8217;elle conserve une partie de son usine en brique. La fa\u00e7ade pr\u00e9sente un entablement et un fronton bris\u00e9 contenant un \u00e9cu circulaire en marbre qui montre les noms de famille Moreno, N\u00fa\u00f1ez de Prado et L\u00f3pez Maldonado. L&#8217;int\u00e9rieur du b\u00e2timent est structur\u00e9 autour d&#8217;un patio conservant encore au rez-de-chauss\u00e9e la galerie aux arcs soutenus par des colonnes.<\/p>\n<p>Actuellement le b\u00e2timent est une maison particuli\u00e8re.<\/p>\n<p><strong>\u00a0<\/strong><\/p>\n<p><strong>HORAIRES<\/strong>\u00a0: Libre, seulement la fa\u00e7ade peut \u00eatre admir\u00e9e.[\/vc_column_text][vc_empty_space height=&#8221;40px&#8221;][\/vc_column][\/vc_row][vc_row][vc_column][vc_column_text][\/vc_column_text][\/vc_column][\/vc_row][vc_row full_width=&#8221;stretch_row&#8221; css=&#8221;.vc_custom_1497330579291{padding-top: 30px !important;padding-bottom: 35px !important;background-color: #ededed !important;}&#8221;][vc_column width=&#8221;1\/12&#8243;][\/vc_column][vc_column width=&#8221;7\/12&#8243;][vc_custom_heading text=&#8221;As-tu un doute?&#8221; font_container=&#8221;tag:p|font_size:36px|text_align:left|color:%23323232|line_height:42px&#8221; use_theme_fonts=&#8221;yes&#8221; css_animation=&#8221;fadeInUp&#8221;][\/vc_column][vc_column css_animation=&#8221;none&#8221; width=&#8221;3\/12&#8243; dt_animation=&#8221;wow fadeInUp&#8221; dt_animation_delay=&#8221;0.4&#8243;]<div class=\"button-right\"><a  class=\"dt-button green  round  dt-icon-left\" href=\"#\"><i class=\"fa fa-paper-plane-o\"><\/i>FORMULAIRE DE CONTACT<\/a><\/div>[\/vc_column][vc_column width=&#8221;1\/12&#8243;][\/vc_column][\/vc_row][vc_column][\/vc_column]<\/p>\n<\/div>","protected":false},"excerpt":{"rendered":"<p>[vc_row full_width=&#8221;stretch_row&#8221; parallax=&#8221;content-moving-fade&#8221; parallax_image=&#8221;2052&#8243; el_id=&#8221;about-us&#8221; dt_color=&#8221;#abd8a6&#8243; dt_color_opacity=&#8221;70&#8243; css=&#8221;.vc_custom_1623671182966{padding-top: 300px !important;padding-bottom: 90px !important;}&#8221;][vc_column width=&#8221;1\/6&#8243;][\/vc_column][vc_column width=&#8221;2\/3&#8243; dt_animation=&#8221;wow fadeInUp&#8221; dt_animation_delay=&#8221;0.3&#8243;][\/vc_column][vc_column width=&#8221;1\/6&#8243;][\/vc_column][\/vc_row][vc_row][vc_column][vc_column_text][\/vc_column_text][\/vc_column][\/vc_row][vc_row&#8230; <a class=\"excerpt-read-more\" href=\"https:\/\/www.turismoarcos.es\/fr\/casa-palacio-de-los-nunez-de-prado\/\"><span>Read More<\/span><\/a><\/p>\n","protected":false},"author":1,"featured_media":0,"parent":0,"menu_order":0,"comment_status":"closed","ping_status":"closed","template":"","meta":{"footnotes":""},"class_list":["post-6584","page","type-page","status-publish","hentry"],"_links":{"self":[{"href":"https:\/\/www.turismoarcos.es\/fr\/wp-json\/wp\/v2\/pages\/6584","targetHints":{"allow":["GET"]}}],"collection":[{"href":"https:\/\/www.turismoarcos.es\/fr\/wp-json\/wp\/v2\/pages"}],"about":[{"href":"https:\/\/www.turismoarcos.es\/fr\/wp-json\/wp\/v2\/types\/page"}],"author":[{"embeddable":true,"href":"https:\/\/www.turismoarcos.es\/fr\/wp-json\/wp\/v2\/users\/1"}],"replies":[{"embeddable":true,"href":"https:\/\/www.turismoarcos.es\/fr\/wp-json\/wp\/v2\/comments?post=6584"}],"version-history":[{"count":3,"href":"https:\/\/www.turismoarcos.es\/fr\/wp-json\/wp\/v2\/pages\/6584\/revisions"}],"predecessor-version":[{"id":8767,"href":"https:\/\/www.turismoarcos.es\/fr\/wp-json\/wp\/v2\/pages\/6584\/revisions\/8767"}],"wp:attachment":[{"href":"https:\/\/www.turismoarcos.es\/fr\/wp-json\/wp\/v2\/media?parent=6584"}],"curies":[{"name":"wp","href":"https:\/\/api.w.org\/{rel}","templated":true}]}}