{"id":6616,"date":"2021-03-18T13:20:07","date_gmt":"2021-03-18T13:20:07","guid":{"rendered":"https:\/\/www.turismoarcos.es\/casa-palacio-de-juan-de-cuenca-y-farfan-de-los-godos\/"},"modified":"2021-11-09T13:53:21","modified_gmt":"2021-11-09T12:53:21","slug":"casa-palacio-de-juan-de-cuenca-y-farfan-de-los-godos","status":"publish","type":"page","link":"https:\/\/www.turismoarcos.es\/fr\/casa-palacio-de-juan-de-cuenca-y-farfan-de-los-godos\/","title":{"rendered":"La Maison-palais de Juan de Cuenca y Farf\u00e1n de los Godos"},"content":{"rendered":"<div class=\"wpb-content-wrapper\">[vc_row full_width=&#8221;stretch_row&#8221; parallax=&#8221;content-moving-fade&#8221; parallax_image=&#8221;2113&#8243; el_id=&#8221;about-us&#8221; dt_color=&#8221;#abd8a6&#8243; dt_color_opacity=&#8221;70&#8243; css=&#8221;.vc_custom_1623833570136{padding-top: 300px !important;padding-bottom: 90px !important;}&#8221;][vc_column width=&#8221;1\/6&#8243;][\/vc_column][vc_column width=&#8221;2\/3&#8243; dt_animation=&#8221;wow fadeInUp&#8221; dt_animation_delay=&#8221;0.3&#8243;]<div class=\"title-center\"><div class=\"dt-title-wrapper section-title-big style-1\"><h2 class=\"section-title\">La Maison-palais de Juan de Cuenca y Farf\u00e1n de los Godos<\/h2><svg class=\"zigzag\" version=\"1.1\" xmlns=\"http:\/\/www.w3.org\/2000\/svg\" xmlns:xlink=\"http:\/\/www.w3.org\/1999\/xlink\" preserveAspectRatio=\"xMidYMid meet\" viewBox=\"0 0 90 8\" width=\"90\" height=\"8\"><defs><path d=\"M90 8L82.5 0L75 8L67.5 0L60 8L52.5 0L45 8L37.5 0L30 8L22.5 0L15 8L7.5 0L0 8\" id=\"a6L8UcKib\"><\/path><\/defs><g><g><use xlink:href=\"#a6L8UcKib\" opacity=\"1\" fill-opacity=\"0\" stroke=\"#000000\" stroke-width=\"1\" stroke-opacity=\"1\"><\/use><\/g><\/g><\/svg><\/div><\/div>[\/vc_column][vc_column width=&#8221;1\/6&#8243;][\/vc_column][\/vc_row][vc_row][vc_column][vc_column_text][\/vc_column_text][\/vc_column][\/vc_row][vc_row full_width=&#8221;stretch_row_content&#8221; equal_height=&#8221;yes&#8221;][vc_column width=&#8221;1\/2&#8243; css=&#8221;.vc_custom_1616057344094{padding-top: 0px !important;padding-bottom: 0px !important;background-position: center !important;background-repeat: no-repeat !important;background-size: cover !important;}&#8221;]<div id=\"dt-gallery-bee\" class=\"delicious-gallery-wrapper\" data-token=\"uu4jA\"><ul class=\"delicious-gallery isotope dt-gallery is-grid dt-gap-20\"><li class=\"delicious-gallery-item  remove-grayscale\"><a class=\"not-link dt-lightbox-gallery\" title=\"Casa-Palacio de Juan de Cuenca y Farf\u00e1n de los Godos\" href=\"https:\/\/www.turismoarcos.es\/wp-content\/uploads\/2021\/03\/casa-palacio-juan-de-cuenca-3.jpg\"><img loading=\"lazy\" decoding=\"async\" class=\"no-lazy\" src=\"https:\/\/www.turismoarcos.es\/wp-content\/uploads\/2021\/03\/casa-palacio-juan-de-cuenca-3-490x380.jpg\" width=\"337\" height=\"600\" alt=\"Casa-Palacio de Juan de Cuenca y Farf\u00e1n de los Godos\" \/><div class=\"delicious-gallery-on-hover\"><span class=\"is-alt-text\">Casa-Palacio de Juan de Cuenca y Farf\u00e1n de los Godos<\/span><\/div><\/a><\/li><li class=\"delicious-gallery-item  remove-grayscale\"><a class=\"not-link dt-lightbox-gallery\" title=\"Casa-Palacio de Juan de Cuenca y Farf\u00e1n de los Godos\" href=\"https:\/\/www.turismoarcos.es\/wp-content\/uploads\/2021\/03\/casa-palacio-juan-de-cuenca-1.jpg\"><img loading=\"lazy\" decoding=\"async\" class=\"no-lazy\" src=\"https:\/\/www.turismoarcos.es\/wp-content\/uploads\/2021\/03\/casa-palacio-juan-de-cuenca-1-490x380.jpg\" width=\"800\" height=\"533\" alt=\"Casa-Palacio de Juan de Cuenca y Farf\u00e1n de los Godos\" \/><div class=\"delicious-gallery-on-hover\"><span class=\"is-alt-text\">Casa-Palacio de Juan de Cuenca y Farf\u00e1n de los Godos<\/span><\/div><\/a><\/li><li class=\"delicious-gallery-item  remove-grayscale\"><a class=\"not-link dt-lightbox-gallery\" title=\"Casa-Palacio de Juan de Cuenca y Farf\u00e1n de los Godos\" href=\"https:\/\/www.turismoarcos.es\/wp-content\/uploads\/2021\/03\/casa-palacio-juan-de-cuenca-2.jpg\"><img loading=\"lazy\" decoding=\"async\" class=\"no-lazy\" src=\"https:\/\/www.turismoarcos.es\/wp-content\/uploads\/2021\/03\/casa-palacio-juan-de-cuenca-2-490x380.jpg\" width=\"400\" height=\"600\" alt=\"Casa-Palacio de Juan de Cuenca y Farf\u00e1n de los Godos\" \/><div class=\"delicious-gallery-on-hover\"><span class=\"is-alt-text\">Casa-Palacio de Juan de Cuenca y Farf\u00e1n de los Godos<\/span><\/div><\/a><\/li><\/ul><\/div>[\/vc_column][vc_column width=&#8221;1\/2&#8243; dt_animation=&#8221;wow fadeInUp&#8221; css=&#8221;.vc_custom_1616057854293{padding-top: 70px !important;padding-right: 80px !important;padding-bottom: 80px !important;padding-left: 80px !important;background-color: #fafafa !important;}&#8221; dt_animation_delay=&#8221;0.3&#8243;][vc_column_text]Cette maison-palais du XVII<sup>e<\/sup> si\u00e8cle occupe toute la longueur de la rue homonyme, nomm\u00e9e apr\u00e8s ce militaire qui participa \u00e0 la d\u00e9fense de Cadix en 1625 contre l&#8217;attaque des Anglais.\r\n\r\nLa fa\u00e7ade se compose d&#8217;une entr\u00e9e en pierre finie en un entablement orn\u00e9 et un fronton bris\u00e9 avec le blason de la famille Cuenca y Farf\u00e1n de los Godos.\r\n\r\nL&#8217;immeuble est structur\u00e9 autour de deux grands patios communiqu\u00e9s par un grand escalier. Les patios poss\u00e8dent des galeries ouvertes \u00e0 double hauteur compos\u00e9e par des arcs reposant sur des colonnes en marbre.\r\n\r\n&nbsp;\r\n\r\n<strong>HORAIRES<\/strong>\u00a0: Libre, seulement la fa\u00e7ade peut \u00eatre admir\u00e9e.[\/vc_column_text][vc_empty_space height=&#8221;40px&#8221;][\/vc_column][\/vc_row][vc_row][vc_column][vc_column_text][\/vc_column_text][\/vc_column][\/vc_row][vc_row full_width=&#8221;stretch_row&#8221; css=&#8221;.vc_custom_1497330579291{padding-top: 30px !important;padding-bottom: 35px !important;background-color: #ededed !important;}&#8221;][vc_column width=&#8221;1\/12&#8243;][\/vc_column][vc_column width=&#8221;7\/12&#8243;][vc_custom_heading text=&#8221;As-tu un doute?&#8221; font_container=&#8221;tag:p|font_size:36px|text_align:left|color:%23323232|line_height:42px&#8221; use_theme_fonts=&#8221;yes&#8221; css_animation=&#8221;fadeInUp&#8221;][\/vc_column][vc_column css_animation=&#8221;none&#8221; width=&#8221;3\/12&#8243; dt_animation=&#8221;wow fadeInUp&#8221; dt_animation_delay=&#8221;0.4&#8243;]<div class=\"button-right\"><a  class=\"dt-button green  round  dt-icon-left\" href=\"#\"><i class=\"fa fa-paper-plane-o\"><\/i>FORMULAIRE DE CONTACT<\/a><\/div>[\/vc_column][vc_column width=&#8221;1\/12&#8243;][\/vc_column][\/vc_row][vc_row][vc_column][vc_column_text][\/vc_column_text][\/vc_column][\/vc_row][vc_row][vc_column][vc_column_text][\/vc_column_text][\/vc_column][\/vc_row]<!-- \/wp:post-content --><\/div>","protected":false},"excerpt":{"rendered":"<p>[vc_row full_width=&#8221;stretch_row&#8221; parallax=&#8221;content-moving-fade&#8221; parallax_image=&#8221;2113&#8243; el_id=&#8221;about-us&#8221; dt_color=&#8221;#abd8a6&#8243; dt_color_opacity=&#8221;70&#8243; css=&#8221;.vc_custom_1623833570136{padding-top: 300px !important;padding-bottom: 90px !important;}&#8221;][vc_column width=&#8221;1\/6&#8243;][\/vc_column][vc_column width=&#8221;2\/3&#8243; dt_animation=&#8221;wow fadeInUp&#8221; dt_animation_delay=&#8221;0.3&#8243;][\/vc_column][vc_column width=&#8221;1\/6&#8243;][\/vc_column][\/vc_row][vc_row][vc_column][vc_column_text][\/vc_column_text][\/vc_column][\/vc_row][vc_row&#8230; <a class=\"excerpt-read-more\" href=\"https:\/\/www.turismoarcos.es\/fr\/casa-palacio-de-juan-de-cuenca-y-farfan-de-los-godos\/\"><span>Read More<\/span><\/a><\/p>\n","protected":false},"author":1,"featured_media":0,"parent":0,"menu_order":0,"comment_status":"closed","ping_status":"closed","template":"","meta":{"footnotes":""},"class_list":["post-6616","page","type-page","status-publish","hentry"],"_links":{"self":[{"href":"https:\/\/www.turismoarcos.es\/fr\/wp-json\/wp\/v2\/pages\/6616","targetHints":{"allow":["GET"]}}],"collection":[{"href":"https:\/\/www.turismoarcos.es\/fr\/wp-json\/wp\/v2\/pages"}],"about":[{"href":"https:\/\/www.turismoarcos.es\/fr\/wp-json\/wp\/v2\/types\/page"}],"author":[{"embeddable":true,"href":"https:\/\/www.turismoarcos.es\/fr\/wp-json\/wp\/v2\/users\/1"}],"replies":[{"embeddable":true,"href":"https:\/\/www.turismoarcos.es\/fr\/wp-json\/wp\/v2\/comments?post=6616"}],"version-history":[{"count":2,"href":"https:\/\/www.turismoarcos.es\/fr\/wp-json\/wp\/v2\/pages\/6616\/revisions"}],"predecessor-version":[{"id":6618,"href":"https:\/\/www.turismoarcos.es\/fr\/wp-json\/wp\/v2\/pages\/6616\/revisions\/6618"}],"wp:attachment":[{"href":"https:\/\/www.turismoarcos.es\/fr\/wp-json\/wp\/v2\/media?parent=6616"}],"curies":[{"name":"wp","href":"https:\/\/api.w.org\/{rel}","templated":true}]}}