{"id":6651,"date":"2021-03-18T13:44:43","date_gmt":"2021-03-18T13:44:43","guid":{"rendered":"https:\/\/www.turismoarcos.es\/la-casa-de-los-paletos\/"},"modified":"2021-11-10T12:22:18","modified_gmt":"2021-11-10T11:22:18","slug":"la-casa-de-los-paletos","status":"publish","type":"page","link":"https:\/\/www.turismoarcos.es\/fr\/la-casa-de-los-paletos\/","title":{"rendered":"La Maison de los Paletos"},"content":{"rendered":"<div class=\"wpb-content-wrapper\">[vc_row full_width=&#8221;stretch_row&#8221; parallax=&#8221;content-moving-fade&#8221; parallax_image=&#8221;2144&#8243; el_id=&#8221;about-us&#8221; dt_color=&#8221;#abd8a6&#8243; dt_color_opacity=&#8221;70&#8243; css=&#8221;.vc_custom_1623840035931{padding-top: 300px !important;padding-bottom: 90px !important;}&#8221;][vc_column width=&#8221;1\/6&#8243;][\/vc_column][vc_column width=&#8221;2\/3&#8243; dt_animation=&#8221;wow fadeInUp&#8221; dt_animation_delay=&#8221;0.3&#8243;]<div class=\"title-center\"><div class=\"dt-title-wrapper section-title-big style-1\"><h2 class=\"section-title\">La Maison de los Paletos<\/h2><svg class=\"zigzag\" version=\"1.1\" xmlns=\"http:\/\/www.w3.org\/2000\/svg\" xmlns:xlink=\"http:\/\/www.w3.org\/1999\/xlink\" preserveAspectRatio=\"xMidYMid meet\" viewBox=\"0 0 90 8\" width=\"90\" height=\"8\"><defs><path d=\"M90 8L82.5 0L75 8L67.5 0L60 8L52.5 0L45 8L37.5 0L30 8L22.5 0L15 8L7.5 0L0 8\" id=\"a6L8UcKib\"><\/path><\/defs><g><g><use xlink:href=\"#a6L8UcKib\" opacity=\"1\" fill-opacity=\"0\" stroke=\"#000000\" stroke-width=\"1\" stroke-opacity=\"1\"><\/use><\/g><\/g><\/svg><\/div><\/div>[\/vc_column][vc_column width=&#8221;1\/6&#8243;][\/vc_column][\/vc_row][vc_row][vc_column][vc_column_text] [\/vc_column_text][\/vc_column][\/vc_row][vc_row full_width=&#8221;stretch_row_content&#8221; equal_height=&#8221;yes&#8221;][vc_column width=&#8221;1\/2&#8243; css=&#8221;.vc_custom_1616057344094{padding-top: 0px !important;padding-bottom: 0px !important;background-position: center !important;background-repeat: no-repeat !important;background-size: cover !important;}&#8221;]<div id=\"dt-gallery-ecf\" class=\"delicious-gallery-wrapper\" data-token=\"wXLnA\"><ul class=\"delicious-gallery isotope dt-gallery is-grid dt-gap-20\"><li class=\"delicious-gallery-item  remove-grayscale\"><a class=\"not-link dt-lightbox-gallery\" title=\"La Casa de los Paletos\" href=\"https:\/\/www.turismoarcos.es\/wp-content\/uploads\/2021\/03\/paletos_1.jpg\"><img loading=\"lazy\" decoding=\"async\" class=\"no-lazy\" src=\"https:\/\/www.turismoarcos.es\/wp-content\/uploads\/2021\/03\/paletos_1-490x380.jpg\" width=\"800\" height=\"533\" alt=\"La Casa de los Paletos\" \/><div class=\"delicious-gallery-on-hover\"><span class=\"is-alt-text\">La Casa de los Paletos<\/span><\/div><\/a><\/li><li class=\"delicious-gallery-item  remove-grayscale\"><a class=\"not-link dt-lightbox-gallery\" title=\"La Casa de los Paletos\" href=\"https:\/\/www.turismoarcos.es\/wp-content\/uploads\/2021\/03\/paletos_4.jpg\"><img loading=\"lazy\" decoding=\"async\" class=\"no-lazy\" src=\"https:\/\/www.turismoarcos.es\/wp-content\/uploads\/2021\/03\/paletos_4-490x380.jpg\" width=\"400\" height=\"600\" alt=\"La Casa de los Paletos\" \/><div class=\"delicious-gallery-on-hover\"><span class=\"is-alt-text\">La Casa de los Paletos<\/span><\/div><\/a><\/li><li class=\"delicious-gallery-item  remove-grayscale\"><a class=\"not-link dt-lightbox-gallery\" title=\"La Casa de los Paletos\" href=\"https:\/\/www.turismoarcos.es\/wp-content\/uploads\/2021\/03\/paletos_3.jpg\"><img loading=\"lazy\" decoding=\"async\" class=\"no-lazy\" src=\"https:\/\/www.turismoarcos.es\/wp-content\/uploads\/2021\/03\/paletos_3-490x380.jpg\" width=\"800\" height=\"452\" alt=\"La Casa de los Paletos\" \/><div class=\"delicious-gallery-on-hover\"><span class=\"is-alt-text\">La Casa de los Paletos<\/span><\/div><\/a><\/li><\/ul><\/div>[\/vc_column][vc_column width=&#8221;1\/2&#8243; dt_animation=&#8221;wow fadeInUp&#8221; css=&#8221;.vc_custom_1616057854293{padding-top: 70px !important;padding-right: 80px !important;padding-bottom: 80px !important;padding-left: 80px !important;background-color: #fafafa !important;}&#8221; dt_animation_delay=&#8221;0.3&#8243;][vc_column_text]Ce b\u00e2timent situ\u00e9 dans la rue Alameda, appel\u00e9 \u00ab Casa de los Paletos \u00bb par les gens d&#8217;Arcos, appartient \u00e0 la Mairie depuis 1977, mais beaucoup de personnes habit\u00e8rent ici depuis sa construction.\r\n\r\nPendant le XVII<sup>e<\/sup> si\u00e8cle le b\u00e2timent appartint \u00e0 Juan de Andino y Gamaza, qui l&#8217;utilisa comme moulin \u00e0 huile. Deux si\u00e8cles plus tard il devint la \u00ab Posada de los Pilares \u00bb, une auberge propri\u00e9t\u00e9 du couple form\u00e9 par M. Crist\u00f3bal Collante et Mme. Nicolasa de Vera, m\u00eame si nous avons la preuve que le b\u00e2timent \u00e9tait le si\u00e8ge de l&#8217;usine \u00e0 farine de Ricardo Luna en 1870.\r\n\r\nLa famille Luna, compos\u00e9e des fr\u00e8res Manuel et Ricardo, transforma l&#8217;auberge en une usine \u00e0 farine et acheta le moulin afin de le transformer en des logements.\r\n\r\nLes derni\u00e8res informations sur l&#8217;usage du b\u00e2timent comme usine datent de 1926 ; il \u00e9tait la \u00ab Panificadora Nuestra Se\u00f1ora del Pilar \u00bb, une boulangerie industrielle appartenant aux descendants de Ricardo Luna.\r\n\r\nApr\u00e8s la mort de Carlos Luna, le Tr\u00e9sor public se chargea du capital d\u00e9pos\u00e9 dans le Banco Hispano Americano et octroya la partie correspondante \u00e0 la Mairie d&#8217;Arcos de la Frontera, qui acheta le reste du b\u00e2timent avec l&#8217;intention de le restaure en vertu d&#8217;un accord sign\u00e9 le 7 juillet 1977.\r\n\r\nC&#8217;est dans les ann\u00e9es 2014 et 2015 quand les travaux de r\u00e9cup\u00e9ration, restauration et adaptation de cette maison pittoresque tellement c\u00e9l\u00e8bre \u00e0 Arcos purent \u00eatre r\u00e9alis\u00e9s.\r\n\r\n&nbsp;\r\n\r\n<strong>Information<\/strong>\u00a0:Office de culture\u00a0:T\u00e9l : +34 956 70 30 13\u00a0\/ <a href=\"mailto:cultura@arcosdelafrontera.es\">cultura@arcosdelafrontera.es<\/a>[\/vc_column_text][vc_empty_space height=&#8221;40px&#8221;][\/vc_column][\/vc_row][vc_row][vc_column][vc_column_text] [\/vc_column_text][\/vc_column][\/vc_row][vc_row full_width=&#8221;stretch_row&#8221; css=&#8221;.vc_custom_1497330579291{padding-top: 30px !important;padding-bottom: 35px !important;background-color: #ededed !important;}&#8221;][vc_column width=&#8221;1\/12&#8243;][\/vc_column][vc_column width=&#8221;7\/12&#8243;][vc_custom_heading text=&#8221;As-tu un doute?&#8221; font_container=&#8221;tag:p|font_size:36px|text_align:left|color:%23323232|line_height:42px&#8221; use_theme_fonts=&#8221;yes&#8221; css_animation=&#8221;fadeInUp&#8221;][\/vc_column][vc_column css_animation=&#8221;none&#8221; width=&#8221;3\/12&#8243; dt_animation=&#8221;wow fadeInUp&#8221; dt_animation_delay=&#8221;0.4&#8243;]<div class=\"button-right\"><a  class=\"dt-button green  round  dt-icon-left\" href=\"#\"><i class=\"fa fa-paper-plane-o\"><\/i>FORMULAIRE DE CONTACT<\/a><\/div>[\/vc_column][vc_column width=&#8221;1\/12&#8243;][\/vc_column][\/vc_row][vc_row][vc_column][vc_column_text] [\/vc_column_text][\/vc_column][\/vc_row][vc_row][vc_column][vc_column_text]\r\n\r\n[\/vc_column_text][\/vc_column][\/vc_row]<!-- \/wp:post-content --><\/div>","protected":false},"excerpt":{"rendered":"<p>[vc_row full_width=&#8221;stretch_row&#8221; parallax=&#8221;content-moving-fade&#8221; parallax_image=&#8221;2144&#8243; el_id=&#8221;about-us&#8221; dt_color=&#8221;#abd8a6&#8243; dt_color_opacity=&#8221;70&#8243; css=&#8221;.vc_custom_1623840035931{padding-top: 300px !important;padding-bottom: 90px !important;}&#8221;][vc_column width=&#8221;1\/6&#8243;][\/vc_column][vc_column width=&#8221;2\/3&#8243; dt_animation=&#8221;wow fadeInUp&#8221; dt_animation_delay=&#8221;0.3&#8243;][\/vc_column][vc_column width=&#8221;1\/6&#8243;][\/vc_column][\/vc_row][vc_row][vc_column][vc_column_text]&#8230; <a class=\"excerpt-read-more\" href=\"https:\/\/www.turismoarcos.es\/fr\/la-casa-de-los-paletos\/\"><span>Read More<\/span><\/a><\/p>\n","protected":false},"author":1,"featured_media":0,"parent":0,"menu_order":0,"comment_status":"closed","ping_status":"closed","template":"","meta":{"footnotes":""},"class_list":["post-6651","page","type-page","status-publish","hentry"],"_links":{"self":[{"href":"https:\/\/www.turismoarcos.es\/fr\/wp-json\/wp\/v2\/pages\/6651","targetHints":{"allow":["GET"]}}],"collection":[{"href":"https:\/\/www.turismoarcos.es\/fr\/wp-json\/wp\/v2\/pages"}],"about":[{"href":"https:\/\/www.turismoarcos.es\/fr\/wp-json\/wp\/v2\/types\/page"}],"author":[{"embeddable":true,"href":"https:\/\/www.turismoarcos.es\/fr\/wp-json\/wp\/v2\/users\/1"}],"replies":[{"embeddable":true,"href":"https:\/\/www.turismoarcos.es\/fr\/wp-json\/wp\/v2\/comments?post=6651"}],"version-history":[{"count":2,"href":"https:\/\/www.turismoarcos.es\/fr\/wp-json\/wp\/v2\/pages\/6651\/revisions"}],"predecessor-version":[{"id":6653,"href":"https:\/\/www.turismoarcos.es\/fr\/wp-json\/wp\/v2\/pages\/6651\/revisions\/6653"}],"wp:attachment":[{"href":"https:\/\/www.turismoarcos.es\/fr\/wp-json\/wp\/v2\/media?parent=6651"}],"curies":[{"name":"wp","href":"https:\/\/api.w.org\/{rel}","templated":true}]}}