{"id":6707,"date":"2021-03-18T09:21:08","date_gmt":"2021-03-18T09:21:08","guid":{"rendered":"https:\/\/www.turismoarcos.es\/informacion-util\/"},"modified":"2021-11-26T09:36:35","modified_gmt":"2021-11-26T08:36:35","slug":"informacion-util","status":"publish","type":"page","link":"https:\/\/www.turismoarcos.es\/fr\/informacion-util\/","title":{"rendered":"Des Informations Utiles"},"content":{"rendered":"<div class=\"wpb-content-wrapper\"><p>[vc_row full_width=&#8221;stretch_row&#8221; parallax=&#8221;content-moving-fade&#8221; parallax_image=&#8221;1286&#8243; el_id=&#8221;about-us&#8221; dt_color=&#8221;#4dbb67&#8243; dt_color_opacity=&#8221;70&#8243; css=&#8221;.vc_custom_1616067418259{padding-top: 300px !important;padding-bottom: 90px !important;}&#8221;][vc_column width=&#8221;1\/6&#8243;][\/vc_column][vc_column width=&#8221;2\/3&#8243; dt_animation=&#8221;wow fadeInUp&#8221; dt_animation_delay=&#8221;0.3&#8243;]<div class=\"title-center\"><div class=\"dt-title-wrapper section-title-big style-2\"><h2 class=\"section-title\">Information utile<\/h2><svg class=\"zigzag\" version=\"1.1\" xmlns=\"http:\/\/www.w3.org\/2000\/svg\" xmlns:xlink=\"http:\/\/www.w3.org\/1999\/xlink\" preserveAspectRatio=\"xMidYMid meet\" viewBox=\"0 0 90 8\" width=\"90\" height=\"8\"><defs><path d=\"M90 8L82.5 0L75 8L67.5 0L60 8L52.5 0L45 8L37.5 0L30 8L22.5 0L15 8L7.5 0L0 8\" id=\"a6L8UcKib\"><\/path><\/defs><g><g><use xlink:href=\"#a6L8UcKib\" opacity=\"1\" fill-opacity=\"0\" stroke=\"#000000\" stroke-width=\"1\" stroke-opacity=\"1\"><\/use><\/g><\/g><\/svg><\/div><\/div>[\/vc_column][vc_column width=&#8221;1\/6&#8243;][\/vc_column][\/vc_row][vc_row full_width=&#8221;stretch_row_content&#8221; equal_height=&#8221;yes&#8221;][vc_column dt_animation=&#8221;wow fadeInUp&#8221; css=&#8221;.vc_custom_1497331211586{padding-top: 100px !important;padding-right: 80px !important;padding-bottom: 80px !important;padding-left: 80px !important;background-color: #fafafa !important;}&#8221; dt_animation_delay=&#8221;0.3&#8243;][vc_column_text]<strong>Des communications t\u00e9l\u00e9phoniques<\/strong><\/p>\n<p>Indicatif d&#8217;Espagne : 0034<\/p>\n<p>Indicatif de la province de Cadix : 956<\/p>\n<p>&nbsp;<\/p>\n<p><strong>L&#8217;internet<\/strong><\/p>\n<p>L&#8217;Espagne est un pays avec des liaisons \u00e0 bande large dans tout le territoire national avec des capacit\u00e9s et des vitesses diff\u00e9rentes.<\/p>\n<p>&nbsp;<\/p>\n<p><strong>Le courrier<\/strong><\/p>\n<p>Vous pouvez acheter des timbres dans n&#8217;importe quel bureau de tabac ou la Poste.<\/p>\n<p>&nbsp;<\/p>\n<p><strong>Les bagages<\/strong><\/p>\n<p>Arcos est une ville situ\u00e9e dans un rocher. Pour la visiter, nous recommandons aux visiteurs de porter des v\u00eatements et des chaussures confortables et l&#8217;accessoire parfait : le sac \u00e0 dos. Vous aurez ainsi les mains libres pour consulter votre carte et porter votre appareil photographique. D\u00e9tendez votre corps et votre esprit car Arcos est une ville qui doit \u00eatre d\u00e9couverte en promenant, en parcourant ses coins, ses ruelles et ses petites places cach\u00e9es\u2026 et surtout, en admirant et en se r\u00e9galant de tant de beaut\u00e9.<\/p>\n<p>&nbsp;<\/p>\n<p><strong>Les pharmacies<\/strong><\/p>\n<p>Les heures d&#8217;ouverture habituelles des pharmacies \u00e0 Arcos sont de 9h \u00e0 14h et de 17h \u00e0 21h, bien qu&#8217;il y ait quelques-unes qui ne ferment pas \u00e0 midi. Les heures d&#8217;ouverture des pharmacies de garde pour la nuit et le week-end s&#8217;y exposent.<\/p>\n<p>&nbsp;<\/p>\n<p><strong>La monnaie<\/strong><\/p>\n<p>L&#8217;euro (\u20ac) est la monnaie officielle de l&#8217;Union europ\u00e9enne. Vous pouvez changer vos divises dans n&#8217;importe quelle banque.<\/p>\n<p>&nbsp;<\/p>\n<p>&nbsp;<\/p>\n<p><strong>D&#8217;autres modes de paiement<\/strong><\/p>\n<p>Des cartes de cr\u00e9dit : le paiement avec des cartes de cr\u00e9dit internationales les plus connues est tr\u00e8s commun entre les magasins locaux.<\/p>\n<p>&nbsp;<\/p>\n<p><strong>La documentation<\/strong><\/p>\n<p>La documentation pour voyager en Espagne varie en fonction du pays duquel vous venez. Si vous \u00eates citoyen de l&#8217;Union europ\u00e9enne, la Suisse, la Norv\u00e8ge, l&#8217;Islande ou le Liechtenstein, vous avez besoin du passeport ou d&#8217;une carte d&#8217;identit\u00e9 en vigueur. Les mineurs de 16 ans peuvent \u00eatre inclus dans le passeport de leurs parents ou tuteurs s&#8217;ils ont la m\u00eame nationalit\u00e9 qu&#8217;eux et voyagent avec eux. En plus, au cas o\u00f9 le mineur voyage avec sa carte d&#8217;identit\u00e9, celle-ci doit \u00eatre accompagn\u00e9e par un permis parental. Si vous venez de l&#8217;un de ces pays, vous devez pr\u00e9senter le passeport en vigueur.<\/p>\n<p>Si vous venez d&#8217;un autre pays, selon les normes \u00e9tablies par l&#8217;UE, vous devez solliciter un visa au consulat d&#8217;Espagne de votre pays de r\u00e9sidence. Il sera n\u00e9cessaire aussi de pr\u00e9senter un passeport en vigueur. Il est recommandable d&#8217;avoir une assurance accidents de voyage.<\/p>\n<p>Aussi, si vous \u00eates citoyen de l&#8217;UE, il est recommandable que vous portiez la Carte europ\u00e9enne d&#8217;assurance maladie (CEAM) ; m\u00eame si elle n&#8217;est pas obligatoire et celle de votre pays est \u00e9galement utile, cette nouvelle carte acc\u00e9l\u00e8re \u00e9norm\u00e9ment les proc\u00e9dures en mati\u00e8re sanitaire qui peuvent survenir.<\/p>\n<p>Vous pouvez trouver plus d&#8217;information sur ces th\u00e8mes et d&#8217;autres conseils \u00e0 la page web www.spain.info.<\/p>\n<p>&nbsp;<\/p>\n<p><strong>Des num\u00e9ros de t\u00e9l\u00e9phone d&#8217;int\u00e9r\u00eat<\/strong><\/p>\n<table>\n<tbody>\n<tr>\n<td width=\"288\">\u00b7\u00a0\u00a0\u00a0\u00a0\u00a0 Mairie d&#8217;Arcos de la Frontera :<\/td>\n<td width=\"288\">0034 956 70 08 00 \/ 0034 956 71 70 80<\/td>\n<\/tr>\n<tr>\n<td width=\"288\">\u00b7\u00a0\u00a0\u00a0\u00a0\u00a0 Office de tourisme :<\/td>\n<td width=\"288\">0034 956 70 22 64<\/td>\n<\/tr>\n<tr>\n<td width=\"288\">\u00b7\u00a0\u00a0\u00a0\u00a0\u00a0 Police :<\/td>\n<td width=\"288\">0034 956 70 16 52<\/td>\n<\/tr>\n<tr>\n<td width=\"288\">\u00b7\u00a0\u00a0\u00a0\u00a0\u00a0 Guardia Civil :<\/td>\n<td width=\"288\">0034 956 70 00 52<\/td>\n<\/tr>\n<tr>\n<td width=\"288\">\u00b7\u00a0\u00a0\u00a0\u00a0\u00a0 Croix rouge :<\/td>\n<td width=\"288\">0034 956 70 03 55<\/td>\n<\/tr>\n<tr>\n<td width=\"288\">\u00b7\u00a0\u00a0\u00a0\u00a0\u00a0 Pompiers :<\/td>\n<td width=\"288\">085 \/ 112<\/td>\n<\/tr>\n<tr>\n<td width=\"288\">\u00b7\u00a0\u00a0\u00a0\u00a0\u00a0 Dispensaire :<\/td>\n<td width=\"288\">0034 600 161 136<\/td>\n<\/tr>\n<tr>\n<td width=\"288\">\u00b7\u00a0\u00a0\u00a0\u00a0\u00a0 La Poste :<\/td>\n<td width=\"288\">0034 956 70 15 60<\/td>\n<\/tr>\n<tr>\n<td width=\"288\">\u00b7\u00a0\u00a0\u00a0\u00a0\u00a0 Gare routi\u00e8re :<\/td>\n<td width=\"288\">0034 902 19 92 01 \/ 0034 956 32<\/td>\n<\/tr>\n<tr>\n<td width=\"288\">\u00b7\u00a0\u00a0\u00a0\u00a0\u00a0 Radio Taxi :<\/td>\n<td width=\"288\">0034 956 70 46 40<\/td>\n<\/tr>\n<\/tbody>\n<\/table>\n<p>[\/vc_column_text][vc_empty_space height=&#8221;40px&#8221;][\/vc_column][\/vc_row][vc_row full_width=&#8221;stretch_row&#8221; css=&#8221;.vc_custom_1497330579291{padding-top: 30px !important;padding-bottom: 35px !important;background-color: #ededed !important;}&#8221;][vc_column width=&#8221;1\/12&#8243;][\/vc_column][vc_column width=&#8221;7\/12&#8243;][vc_custom_heading text=&#8221;As-tu un doute?&#8221; font_container=&#8221;tag:p|font_size:36px|text_align:left|color:%23323232|line_height:42px&#8221; use_theme_fonts=&#8221;yes&#8221; css_animation=&#8221;fadeInUp&#8221;][\/vc_column][vc_column css_animation=&#8221;none&#8221; width=&#8221;3\/12&#8243; dt_animation=&#8221;wow fadeInUp&#8221; dt_animation_delay=&#8221;0.4&#8243;]<div class=\"button-right\"><a  class=\"dt-button green  round  dt-icon-left\" href=\"#\"><i class=\"fa fa-paper-plane-o\"><\/i>FORMULAIRE DE CONTACT<\/a><\/div>[\/vc_column][vc_column width=&#8221;1\/12&#8243;][\/vc_column][\/vc_row]<\/p>\n<\/div>","protected":false},"excerpt":{"rendered":"<p>[vc_row full_width=&#8221;stretch_row&#8221; parallax=&#8221;content-moving-fade&#8221; parallax_image=&#8221;1286&#8243; el_id=&#8221;about-us&#8221; dt_color=&#8221;#4dbb67&#8243; dt_color_opacity=&#8221;70&#8243; css=&#8221;.vc_custom_1616067418259{padding-top: 300px !important;padding-bottom: 90px !important;}&#8221;][vc_column width=&#8221;1\/6&#8243;][\/vc_column][vc_column width=&#8221;2\/3&#8243; dt_animation=&#8221;wow fadeInUp&#8221; dt_animation_delay=&#8221;0.3&#8243;][\/vc_column][vc_column width=&#8221;1\/6&#8243;][\/vc_column][\/vc_row][vc_row&#8230; <a class=\"excerpt-read-more\" href=\"https:\/\/www.turismoarcos.es\/fr\/informacion-util\/\"><span>Read More<\/span><\/a><\/p>\n","protected":false},"author":1,"featured_media":0,"parent":0,"menu_order":0,"comment_status":"closed","ping_status":"closed","template":"","meta":{"footnotes":""},"class_list":["post-6707","page","type-page","status-publish","hentry"],"_links":{"self":[{"href":"https:\/\/www.turismoarcos.es\/fr\/wp-json\/wp\/v2\/pages\/6707","targetHints":{"allow":["GET"]}}],"collection":[{"href":"https:\/\/www.turismoarcos.es\/fr\/wp-json\/wp\/v2\/pages"}],"about":[{"href":"https:\/\/www.turismoarcos.es\/fr\/wp-json\/wp\/v2\/types\/page"}],"author":[{"embeddable":true,"href":"https:\/\/www.turismoarcos.es\/fr\/wp-json\/wp\/v2\/users\/1"}],"replies":[{"embeddable":true,"href":"https:\/\/www.turismoarcos.es\/fr\/wp-json\/wp\/v2\/comments?post=6707"}],"version-history":[{"count":4,"href":"https:\/\/www.turismoarcos.es\/fr\/wp-json\/wp\/v2\/pages\/6707\/revisions"}],"predecessor-version":[{"id":7470,"href":"https:\/\/www.turismoarcos.es\/fr\/wp-json\/wp\/v2\/pages\/6707\/revisions\/7470"}],"wp:attachment":[{"href":"https:\/\/www.turismoarcos.es\/fr\/wp-json\/wp\/v2\/media?parent=6707"}],"curies":[{"name":"wp","href":"https:\/\/api.w.org\/{rel}","templated":true}]}}