{"id":7091,"date":"2017-06-12T07:37:46","date_gmt":"2017-06-12T07:37:46","guid":{"rendered":"https:\/\/www.turismoarcos.es\/red-senderos\/"},"modified":"2021-11-23T08:57:26","modified_gmt":"2021-11-23T07:57:26","slug":"red-senderos","status":"publish","type":"page","link":"https:\/\/www.turismoarcos.es\/fr\/red-senderos\/","title":{"rendered":"R\u00e9seau de sentiers"},"content":{"rendered":"<div class=\"wpb-content-wrapper\"><p>[vc_row full_width=&#8221;stretch_row&#8221; content_placement=&#8221;middle&#8221; parallax=&#8221;content-moving-fade&#8221; parallax_image=&#8221;913&#8243; el_id=&#8221;about-us&#8221; dt_color=&#8221;#abdfd6&#8243; dt_color_opacity=&#8221;70&#8243; css=&#8221;.vc_custom_1615468612567{padding-top: 300px !important;padding-bottom: 50px !important;}&#8221;][vc_column width=&#8221;1\/6&#8243;][\/vc_column][vc_column width=&#8221;2\/3&#8243; dt_animation=&#8221;wow fadeInUp&#8221; dt_animation_delay=&#8221;0.3&#8243;]<div class=\"title-center\"><div class=\"dt-title-wrapper section-title-big style-1\"><h2 class=\"section-title\">R\u00c9SEAU DE SENTIERS<\/h2><svg class=\"zigzag\" version=\"1.1\" xmlns=\"http:\/\/www.w3.org\/2000\/svg\" xmlns:xlink=\"http:\/\/www.w3.org\/1999\/xlink\" preserveAspectRatio=\"xMidYMid meet\" viewBox=\"0 0 90 8\" width=\"90\" height=\"8\"><defs><path d=\"M90 8L82.5 0L75 8L67.5 0L60 8L52.5 0L45 8L37.5 0L30 8L22.5 0L15 8L7.5 0L0 8\" id=\"a6L8UcKib\"><\/path><\/defs><g><g><use xlink:href=\"#a6L8UcKib\" opacity=\"1\" fill-opacity=\"0\" stroke=\"#000000\" stroke-width=\"1\" stroke-opacity=\"1\"><\/use><\/g><\/g><\/svg><\/div><\/div>[vc_raw_html]JTNDcCUyMGNsYXNzJTNEJTIybW9yYS1zdWJ0aXRsZSUyMGFsaWduY2VudGVyJTIyJTNFUHJvZml0ZXolMjBkZSUyMG5vcyUyMGl0aW4lQzMlQTlyYWlyZXMlMjBkZSUyMHJhbmRvbm4lQzMlQTllLiUzQyUyRnAlM0U=[\/vc_raw_html][\/vc_column][vc_column width=&#8221;1\/6&#8243;][\/vc_column][\/vc_row][vc_row full_width=&#8221;stretch_row_content_no_spaces&#8221; equal_height=&#8221;yes&#8221;][vc_column width=&#8221;1\/2&#8243; css=&#8221;.vc_custom_1615535123785{padding-top: 150px !important;padding-bottom: 150px !important;background: #c6c6c6 url(http:\/\/nueva.turismoarcos.es\/wp-content\/uploads\/2021\/03\/BANNER_RSENDEROS.jpg?id=929) !important;background-position: center !important;background-repeat: no-repeat !important;background-size: cover !important;}&#8221;][\/vc_column][vc_column width=&#8221;1\/2&#8243; dt_animation=&#8221;wow fadeInUp&#8221; css=&#8221;.vc_custom_1497331211586{padding-top: 100px !important;padding-right: 80px !important;padding-bottom: 80px !important;padding-left: 80px !important;background-color: #fafafa !important;}&#8221; dt_animation_delay=&#8221;0.3&#8243;]<div class=\"title-center\"><div class=\"dt-title-wrapper section-title-big style-1\"><h2 class=\"section-title\">T\u00e9l\u00e9chargez nos itin\u00e9raires<\/h2><svg class=\"zigzag\" version=\"1.1\" xmlns=\"http:\/\/www.w3.org\/2000\/svg\" xmlns:xlink=\"http:\/\/www.w3.org\/1999\/xlink\" preserveAspectRatio=\"xMidYMid meet\" viewBox=\"0 0 90 8\" width=\"90\" height=\"8\"><defs><path d=\"M90 8L82.5 0L75 8L67.5 0L60 8L52.5 0L45 8L37.5 0L30 8L22.5 0L15 8L7.5 0L0 8\" id=\"a6L8UcKib\"><\/path><\/defs><g><g><use xlink:href=\"#a6L8UcKib\" opacity=\"1\" fill-opacity=\"0\" stroke=\"#000000\" stroke-width=\"1\" stroke-opacity=\"1\"><\/use><\/g><\/g><\/svg><\/div><\/div>[vc_column_text 0=&#8221;&#8221;]<\/p>\n<p style=\"text-align: justify;\">N&#8217;oubliez pas que les parcours peuvent se faire seuls ou accompagn\u00e9s d&#8217;un guide nature, qui compl\u00e9tera la balade avec des informations ornithologiques, flore et faune de la r\u00e9gion, arch\u00e9ologie&#8230;<\/p>\n<p>[\/vc_column_text][vc_empty_space height=&#8221;20px&#8221;][vc_row_inner 0=&#8221;&#8221; css=&#8221;.vc_custom_1624873025162{background-color: #b5b5b5 !important;}&#8221;][vc_column_inner width=&#8221;1\/3&#8243; dt_animation=&#8221;wow fadeInUp&#8221; dt_animation_delay=&#8221;0.9&#8243;][vc_single_image image=&#8221;2461&#8243; alignment=&#8221;center&#8221; onclick=&#8221;custom_link&#8221; img_link_target=&#8221;_blank&#8221; link=&#8221;\/wp-content\/uploads\/2021\/rutas\/triptico ANTIGUO FERROCARRIL JEREZ-ALMARGEN.pdf&#8221;][vc_column_text]<\/p>\n<p style=\"text-align: center;\"><a href=\"\/wp-content\/uploads\/2021\/rutas\/triptico ANTIGUO FERROCARRIL JEREZ-ALMARGEN.pdf\">Ancienne voie ferr\u00e9e Jerez-Almargen<\/a><\/p>\n<p>[\/vc_column_text][vc_single_image image=&#8221;2456&#8243; alignment=&#8221;center&#8221; onclick=&#8221;custom_link&#8221; img_link_target=&#8221;_blank&#8221; link=&#8221;\/wp-content\/uploads\/2021\/rutas\/triptico EL SANTISCAL.pdf&#8221;][vc_column_text]<\/p>\n<p style=\"text-align: center;\"><a href=\"\/wp-content\/uploads\/2021\/rutas\/triptico EL SANTISCAL.pdf\" target=\"_blank\" rel=\"noopener\">El Santiscal<\/a><\/p>\n<p>[\/vc_column_text][vc_single_image image=&#8221;2457&#8243; alignment=&#8221;center&#8221; onclick=&#8221;custom_link&#8221; img_link_target=&#8221;_blank&#8221; link=&#8221;\/wp-content\/uploads\/2021\/rutas\/triptico SIERRA AZNAR.pdf&#8221;][vc_column_text]<\/p>\n<p style=\"text-align: center;\"><a href=\"\/wp-content\/uploads\/2021\/rutas\/triptico SIERRA AZNAR.pdf\" target=\"_blank\" rel=\"noopener\">Sierra Aznar<\/a><\/p>\n<p>[\/vc_column_text][\/vc_column_inner][vc_column_inner width=&#8221;1\/3&#8243; dt_animation=&#8221;wow fadeInUp&#8221; dt_animation_delay=&#8221;1.5&#8243;][vc_single_image image=&#8221;2454&#8243; alignment=&#8221;center&#8221; onclick=&#8221;custom_link&#8221; img_link_target=&#8221;_blank&#8221; link=&#8221;\/wp-content\/uploads\/2021\/rutas\/triptico cerro palmitos y barbechos.pdf&#8221;][vc_column_text]<\/p>\n<p style=\"text-align: center;\"><a href=\"\/wp-content\/uploads\/2021\/rutas\/triptico cerro palmitos y barbechos.pdf\" target=\"_blank\" rel=\"noopener\">Hills Palmitos et Barbechos<\/a><\/p>\n<p>[\/vc_column_text][vc_single_image image=&#8221;2460&#8243; alignment=&#8221;center&#8221; onclick=&#8221;custom_link&#8221; img_link_target=&#8221;_blank&#8221; link=&#8221;\/wp-content\/uploads\/2021\/rutas\/triptico LAGUNA DE BENAJIMA.pdf&#8221;][vc_column_text]<\/p>\n<p style=\"text-align: center;\"><a href=\"\/wp-content\/uploads\/2021\/rutas\/triptico LAGUNA DE BENAJIMA.pdf\" target=\"_blank\" rel=\"noopener\">Lagune de Benjamina<\/a><\/p>\n<p>[\/vc_column_text][vc_single_image image=&#8221;2458&#8243; alignment=&#8221;center&#8221; onclick=&#8221;custom_link&#8221; img_link_target=&#8221;_blank&#8221; link=&#8221;\/wp-content\/uploads\/2021\/rutas\/triptico TAJOS DE ARCOS.pdf&#8221;][vc_column_text]<\/p>\n<p style=\"text-align: center;\"><a href=\"\/wp-content\/uploads\/2021\/rutas\/triptico TAJOS DE ARCOS.pdf\" target=\"_blank\" rel=\"noopener\">Tajos de Arcos<\/a><\/p>\n<p>[\/vc_column_text][\/vc_column_inner][vc_column_inner width=&#8221;1\/3&#8243;][vc_single_image image=&#8221;2455&#8243; alignment=&#8221;center&#8221; onclick=&#8221;custom_link&#8221; img_link_target=&#8221;_blank&#8221; link=&#8221;\/wp-content\/uploads\/2021\/rutas\/triptico EL ROMERAL.pdf&#8221;][vc_column_text]<\/p>\n<p style=\"text-align: center;\"><a href=\"\/wp-content\/uploads\/2021\/rutas\/triptico EL ROMERAL.pdf\" target=\"_blank\" rel=\"noopener\">El Romeral<\/a><\/p>\n<p>[\/vc_column_text][vc_single_image image=&#8221;2453&#8243; alignment=&#8221;center&#8221; onclick=&#8221;custom_link&#8221; img_link_target=&#8221;_blank&#8221; link=&#8221;\/wp-content\/uploads\/2021\/rutas\/triptico LAS HUERTAS DE ARCOS.pdf&#8221;][vc_column_text]<\/p>\n<p style=\"text-align: center;\"><a href=\"\/wp-content\/uploads\/2021\/rutas\/triptico LAS HUERTAS DE ARCOS.pdf\" target=\"_blank\" rel=\"noopener\">Las Huertas de Arcos<\/a><\/p>\n<p>[\/vc_column_text][vc_single_image image=&#8221;2459&#8243; alignment=&#8221;center&#8221; onclick=&#8221;custom_link&#8221; img_link_target=&#8221;_blank&#8221; link=&#8221;\/wp-content\/uploads\/2021\/rutas\/triptico TREN DEL AZUCAR.pdf&#8221;][vc_column_text]<\/p>\n<p style=\"text-align: center;\"><a href=\"\/wp-content\/uploads\/2021\/rutas\/triptico TREN DEL AZUCAR.pdf\" target=\"_blank\" rel=\"noopener\">Train de sucre<\/a><\/p>\n<p>[\/vc_column_text][\/vc_column_inner][\/vc_row_inner][\/vc_column][\/vc_row][vc_row full_width=&#8221;stretch_row&#8221; video_bg=&#8221;yes&#8221; video_bg_url=&#8221;https:\/\/www.youtube.com\/watch?v=Ybue7zDI_yk&#8221; css=&#8221;.vc_custom_1615535365959{padding-top: 120px !important;padding-bottom: 120px !important;}&#8221;][vc_column width=&#8221;2\/12&#8243;][\/vc_column][vc_column width=&#8221;8\/12&#8243; dt_animation=&#8221;wow fadeInUp&#8221;]<div class=\"title-center\"><div class=\"dt-title-wrapper section-title-big style-1\"><h2 class=\"section-title\">Commencer ici<\/h2><svg class=\"zigzag\" version=\"1.1\" xmlns=\"http:\/\/www.w3.org\/2000\/svg\" xmlns:xlink=\"http:\/\/www.w3.org\/1999\/xlink\" preserveAspectRatio=\"xMidYMid meet\" viewBox=\"0 0 90 8\" width=\"90\" height=\"8\"><defs><path d=\"M90 8L82.5 0L75 8L67.5 0L60 8L52.5 0L45 8L37.5 0L30 8L22.5 0L15 8L7.5 0L0 8\" id=\"a6L8UcKib\"><\/path><\/defs><g><g><use xlink:href=\"#a6L8UcKib\" opacity=\"1\" fill-opacity=\"0\" stroke=\"#000000\" stroke-width=\"1\" stroke-opacity=\"1\"><\/use><\/g><\/g><\/svg><\/div><\/div>[vc_empty_space 0=&#8221;&#8221;][vc_raw_html 0=&#8221;&#8221;]JTNDZGl2JTIwY2xhc3MlM0QlMjJkdC1wbGF5LXZpZGVvJTIyJTNFJTBBJTIwJTIwJTIwJTIwJTNDYSUyMGNsYXNzJTNEJTIyaWZyYW1lLXZpZGVvJTIwbWZwLWlmcmFtZSUyMiUyMGhyZWYlM0QlMjJodHRwcyUzQSUyRiUyRnd3dy55b3V0dWJlLmNvbSUyRndhdGNoJTNGdiUzRG1nbVZPdUxnRkIwJTIyJTNFJTNDaSUyMGNsYXNzJTNEJTIyZmElMjBmYS1wbGF5JTIyJTNFJTNDJTJGaSUzRSUzQyUyRmElM0UlMEElMjAlMjAlMjAlMjAlM0NhJTIwY2xhc3MlM0QlMjJpZnJhbWUtdmlkZW8lMjBtZnAtaWZyYW1lJTIyJTIwaHJlZiUzRCUyMmh0dHBzJTNBJTJGJTJGd3d3LnlvdXR1YmUuY29tJTJGd2F0Y2glM0Z2JTNEbWdtVk91TGdGQjAlMjIlM0VQbGF5JTIwVmlkZW8lM0MlMkZhJTNFJTBBJTNDJTJGZGl2JTNF[\/vc_raw_html][\/vc_column][vc_column width=&#8221;2\/12&#8243;][\/vc_column][\/vc_row][vc_row full_width=&#8221;stretch_row&#8221; css=&#8221;.vc_custom_1497330579291{padding-top: 30px !important;padding-bottom: 35px !important;background-color: #ededed !important;}&#8221;][vc_column width=&#8221;1\/12&#8243;][\/vc_column][vc_column width=&#8221;7\/12&#8243;][vc_custom_heading text=&#8221;As-tu un doute? Contactez-nous.&#8221; font_container=&#8221;tag:p|font_size:36px|text_align:left|color:%23323232|line_height:42px&#8221; use_theme_fonts=&#8221;yes&#8221; css_animation=&#8221;fadeInUp&#8221;][\/vc_column][vc_column css_animation=&#8221;none&#8221; width=&#8221;3\/12&#8243; dt_animation=&#8221;wow fadeInUp&#8221; dt_animation_delay=&#8221;0.4&#8243;]<div class=\"button-right\"><a  class=\"dt-button green  round  dt-icon-left\" href=\"#\"><i class=\"fa fa-paper-plane-o\"><\/i>Former<\/a><\/div>[\/vc_column][vc_column width=&#8221;1\/12&#8243;][\/vc_column][\/vc_row]<\/p>\n<\/div>","protected":false},"excerpt":{"rendered":"<p>[vc_row full_width=&#8221;stretch_row&#8221; content_placement=&#8221;middle&#8221; parallax=&#8221;content-moving-fade&#8221; parallax_image=&#8221;913&#8243; el_id=&#8221;about-us&#8221; dt_color=&#8221;#abdfd6&#8243; dt_color_opacity=&#8221;70&#8243; css=&#8221;.vc_custom_1615468612567{padding-top: 300px !important;padding-bottom: 50px !important;}&#8221;][vc_column width=&#8221;1\/6&#8243;][\/vc_column][vc_column width=&#8221;2\/3&#8243; dt_animation=&#8221;wow fadeInUp&#8221; dt_animation_delay=&#8221;0.3&#8243;][vc_raw_html]JTNDcCUyMGNsYXNzJTNEJTIybW9yYS1zdWJ0aXRsZSUyMGFsaWduY2VudGVyJTIyJTNFUHJvZml0ZXolMjBkZSUyMG5vcyUyMGl0aW4lQzMlQTlyYWlyZXMlMjBkZSUyMHJhbmRvbm4lQzMlQTllLiUzQyUyRnAlM0U=[\/vc_raw_html][\/vc_column][vc_column&#8230; <a class=\"excerpt-read-more\" href=\"https:\/\/www.turismoarcos.es\/fr\/red-senderos\/\"><span>Read More<\/span><\/a><\/p>\n","protected":false},"author":1,"featured_media":0,"parent":0,"menu_order":0,"comment_status":"closed","ping_status":"closed","template":"","meta":{"footnotes":""},"class_list":["post-7091","page","type-page","status-publish","hentry"],"_links":{"self":[{"href":"https:\/\/www.turismoarcos.es\/fr\/wp-json\/wp\/v2\/pages\/7091","targetHints":{"allow":["GET"]}}],"collection":[{"href":"https:\/\/www.turismoarcos.es\/fr\/wp-json\/wp\/v2\/pages"}],"about":[{"href":"https:\/\/www.turismoarcos.es\/fr\/wp-json\/wp\/v2\/types\/page"}],"author":[{"embeddable":true,"href":"https:\/\/www.turismoarcos.es\/fr\/wp-json\/wp\/v2\/users\/1"}],"replies":[{"embeddable":true,"href":"https:\/\/www.turismoarcos.es\/fr\/wp-json\/wp\/v2\/comments?post=7091"}],"version-history":[{"count":4,"href":"https:\/\/www.turismoarcos.es\/fr\/wp-json\/wp\/v2\/pages\/7091\/revisions"}],"predecessor-version":[{"id":7099,"href":"https:\/\/www.turismoarcos.es\/fr\/wp-json\/wp\/v2\/pages\/7091\/revisions\/7099"}],"wp:attachment":[{"href":"https:\/\/www.turismoarcos.es\/fr\/wp-json\/wp\/v2\/media?parent=7091"}],"curies":[{"name":"wp","href":"https:\/\/api.w.org\/{rel}","templated":true}]}}